{"id":2223,"date":"2025-03-10T13:46:56","date_gmt":"2025-03-10T11:46:56","guid":{"rendered":"https:\/\/servicios.unileon.es\/hospital-veterinario\/?page_id=2223"},"modified":"2025-03-10T14:41:46","modified_gmt":"2025-03-10T12:41:46","slug":"plan-de-calidad-2","status":"publish","type":"page","link":"https:\/\/servicios.unileon.es\/hospital-veterinario\/plan-de-calidad-2\/","title":{"rendered":"Plan de Calidad"},"content":{"rendered":"<p>El plan de seguimiento y aseguramiento de la calidad del HVULE incluir\u00e1 los siguientes elementos:<\/p>\n<table width=\"662\">\n<tbody>\n<tr>\n<td colspan=\"3\" width=\"662\"><strong>A. Encuestas de Satisfacci\u00f3n<\/strong><\/td>\n<\/tr>\n<tr>\n<td width=\"40\">A.1<\/td>\n<td width=\"432\">Clientes<\/td>\n<td width=\"189\">En cada interacci\u00f3n cl\u00ednica<\/td>\n<\/tr>\n<tr>\n<td width=\"40\">A.2<\/td>\n<td width=\"432\">Personal del hospital<\/td>\n<td width=\"189\">Bienal<\/td>\n<\/tr>\n<tr>\n<td width=\"40\">A.3<\/td>\n<td width=\"432\">Estudiantes en pr\u00e1cticas<\/td>\n<td width=\"189\">Anual<\/td>\n<\/tr>\n<tr>\n<td colspan=\"3\" width=\"662\"><strong>B. Revisi\u00f3n interna de los procesos clave del funcionamiento<\/strong><\/td>\n<\/tr>\n<tr>\n<td width=\"40\">B.1<\/td>\n<td width=\"432\">Revisi\u00f3n de casos cl\u00ednicos<\/td>\n<td width=\"189\">Anual<\/td>\n<\/tr>\n<tr>\n<td width=\"40\">B.2<\/td>\n<td width=\"432\">Identificaci\u00f3n y cumplimiento de protocolos<\/td>\n<td width=\"189\">Anual<\/td>\n<\/tr>\n<tr>\n<td width=\"40\">B.3<\/td>\n<td width=\"432\">Supervisi\u00f3n de instalaciones y equipos<\/td>\n<td width=\"189\">Anual<\/td>\n<\/tr>\n<tr>\n<td colspan=\"3\" width=\"662\"><strong>C. An\u00e1lisis de agradecimientos, quejas y reclamaciones<\/strong><\/td>\n<\/tr>\n<tr>\n<td width=\"40\">C.1<\/td>\n<td width=\"432\">Registrar y analizar las quejas para detectar problemas recurrentes<\/td>\n<td width=\"189\">&nbsp;<\/td>\n<\/tr>\n<tr>\n<td width=\"40\">C.2<\/td>\n<td width=\"432\">Responder r\u00e1pidamente con soluciones claras<\/td>\n<td width=\"189\">&nbsp;<\/td>\n<\/tr>\n<tr>\n<td width=\"40\">C.3<\/td>\n<td width=\"432\">Usar los datos para identificar \u00e1reas de mejora<\/td>\n<td width=\"189\">Anual<\/td>\n<\/tr>\n<tr>\n<td colspan=\"3\" width=\"662\"><strong>D. Indicadores claves de desempe\u00f1o (KPI)<\/strong><\/td>\n<\/tr>\n<tr>\n<td width=\"40\">D.1<\/td>\n<td width=\"432\">Nivel de satisfacci\u00f3n general<\/td>\n<td width=\"189\">Anual<\/td>\n<\/tr>\n<tr>\n<td width=\"40\">D.2<\/td>\n<td width=\"432\">Tasa de resoluci\u00f3n de quejas y reclamaciones<\/td>\n<td width=\"189\">Anual<\/td>\n<\/tr>\n<tr>\n<td colspan=\"3\" width=\"662\"><strong>E. Formaci\u00f3n continua y actualizaci\u00f3n del personal<\/strong><\/td>\n<\/tr>\n<tr>\n<td width=\"40\">E.1<\/td>\n<td width=\"432\">Cursos de actualizaci\u00f3n en nuevas t\u00e9cnicas y protocolos<\/td>\n<td width=\"189\">Semestral<\/td>\n<\/tr>\n<tr>\n<td width=\"40\">E.2<\/td>\n<td width=\"432\">Evaluaci\u00f3n peri\u00f3dica de desempe\u00f1o<\/td>\n<td width=\"189\">Semestral<\/td>\n<\/tr>\n<tr>\n<td width=\"40\">E.3.<\/td>\n<td width=\"432\">Capacitaci\u00f3n en \u00e1reas espec\u00edficas<\/td>\n<td width=\"189\">Semestral<\/td>\n<\/tr>\n<tr>\n<td colspan=\"3\" width=\"662\"><strong>F. Evaluaci\u00f3n externa<\/strong><\/td>\n<\/tr>\n<tr>\n<td width=\"40\">F.1<\/td>\n<td width=\"432\">Acreditaciones por parte de organismos oficiales o asociaciones profesionales<\/td>\n<td width=\"189\">En funci\u00f3n de los requisitos<\/td>\n<\/tr>\n<tr>\n<td width=\"40\">F.2<\/td>\n<td width=\"432\">Auditor\u00edas externas sobre bioseguridad, manejo de residuos y calidad de servicios<\/td>\n<td width=\"189\">En funci\u00f3n de los requisitos<\/td>\n<\/tr>\n<tr>\n<td colspan=\"3\" width=\"662\"><strong>G. Reuniones de revisi\u00f3n\/seguimiento de calidad<\/strong><\/td>\n<\/tr>\n<tr>\n<td width=\"40\">G.1<\/td>\n<td width=\"432\">Revisar los resultados de las auditor\u00edas, encuestas y an\u00e1lisis de KPI<\/td>\n<td width=\"189\">Anual<\/td>\n<\/tr>\n<tr>\n<td width=\"40\">G.2<\/td>\n<td width=\"432\">Identificar puntos fuertes y \u00e1reas a mejorar<\/td>\n<td width=\"189\">Anual<\/td>\n<\/tr>\n<tr>\n<td width=\"40\">G.3<\/td>\n<td width=\"432\">Trasladar los resultados a la Comisi\u00f3n de Calidad de la Facultad de Veterinaria<\/td>\n<td width=\"189\">Anual<\/td>\n<\/tr>\n<tr>\n<td colspan=\"3\" width=\"662\"><strong>H. An\u00e1lisis y planificaci\u00f3n estrat\u00e9gica<\/strong><\/td>\n<\/tr>\n<tr>\n<td width=\"40\">H.1<\/td>\n<td width=\"432\">An\u00e1lisis DAFO para identificar \u00e1reas claves y objetivos estrat\u00e9gicos para el mantenimiento del estatus de calidad<\/td>\n<td width=\"189\">Quinquenal<\/td>\n<\/tr>\n<\/tbody>\n<\/table>\n","protected":false},"excerpt":{"rendered":"<p>El plan de seguimiento y aseguramiento de la calidad del HVULE incluir\u00e1 los siguientes elementos: A. Encuestas de Satisfacci\u00f3n A.1 Clientes En cada interacci\u00f3n cl\u00ednica A.2 Personal del hospital Bienal A.3 Estudiantes en pr\u00e1cticas Anual B. Revisi\u00f3n interna de los &hellip; <a href=\"https:\/\/servicios.unileon.es\/hospital-veterinario\/plan-de-calidad-2\/\">Sigue leyendo <span class=\"meta-nav\">&rarr;<\/span><\/a><\/p>\n","protected":false},"author":801,"featured_media":0,"parent":0,"menu_order":0,"comment_status":"closed","ping_status":"closed","template":"","meta":{"footnotes":""},"class_list":["post-2223","page","type-page","status-publish","hentry"],"_links":{"self":[{"href":"https:\/\/servicios.unileon.es\/hospital-veterinario\/wp-json\/wp\/v2\/pages\/2223","targetHints":{"allow":["GET"]}}],"collection":[{"href":"https:\/\/servicios.unileon.es\/hospital-veterinario\/wp-json\/wp\/v2\/pages"}],"about":[{"href":"https:\/\/servicios.unileon.es\/hospital-veterinario\/wp-json\/wp\/v2\/types\/page"}],"author":[{"embeddable":true,"href":"https:\/\/servicios.unileon.es\/hospital-veterinario\/wp-json\/wp\/v2\/users\/801"}],"replies":[{"embeddable":true,"href":"https:\/\/servicios.unileon.es\/hospital-veterinario\/wp-json\/wp\/v2\/comments?post=2223"}],"version-history":[{"count":2,"href":"https:\/\/servicios.unileon.es\/hospital-veterinario\/wp-json\/wp\/v2\/pages\/2223\/revisions"}],"predecessor-version":[{"id":2237,"href":"https:\/\/servicios.unileon.es\/hospital-veterinario\/wp-json\/wp\/v2\/pages\/2223\/revisions\/2237"}],"wp:attachment":[{"href":"https:\/\/servicios.unileon.es\/hospital-veterinario\/wp-json\/wp\/v2\/media?parent=2223"}],"curies":[{"name":"wp","href":"https:\/\/api.w.org\/{rel}","templated":true}]}}