{"id":2214,"date":"2025-03-10T13:42:48","date_gmt":"2025-03-10T11:42:48","guid":{"rendered":"https:\/\/servicios.unileon.es\/hospital-veterinario\/?page_id=2214"},"modified":"2025-03-10T14:53:37","modified_gmt":"2025-03-10T12:53:37","slug":"comision-de-garantia-de-calidad","status":"publish","type":"page","link":"https:\/\/servicios.unileon.es\/hospital-veterinario\/comision-de-garantia-de-calidad\/","title":{"rendered":"Comisi\u00f3n de garant\u00eda de calidad"},"content":{"rendered":"<p style=\"text-align: justify;\">El HVULE se configura como uno de los ejes principales del Plan Estrat\u00e9gico de la Facultad de Veterinaria. Para mejorar la calidad de sus servicios y optimizar su funcionamiento, se propone su integraci\u00f3n en el Sistema de Garant\u00eda de Calidad de la Facultad de Veterinaria, implementando as\u00ed un modelo de evaluaci\u00f3n y mejora continua. As\u00ed, dos miembros del hospital formar\u00e1n parte de la Comisi\u00f3n de Calidad de la Facultad de Veterinaria de la Universidad de Le\u00f3n.<\/p>\n","protected":false},"excerpt":{"rendered":"<p>El HVULE se configura como uno de los ejes principales del Plan Estrat\u00e9gico de la Facultad de Veterinaria. Para mejorar la calidad de sus servicios y optimizar su funcionamiento, se propone su integraci\u00f3n en el Sistema de Garant\u00eda de Calidad &hellip; <a href=\"https:\/\/servicios.unileon.es\/hospital-veterinario\/comision-de-garantia-de-calidad\/\">Sigue leyendo <span class=\"meta-nav\">&rarr;<\/span><\/a><\/p>\n","protected":false},"author":801,"featured_media":0,"parent":0,"menu_order":0,"comment_status":"closed","ping_status":"closed","template":"","meta":{"footnotes":""},"class_list":["post-2214","page","type-page","status-publish","hentry"],"_links":{"self":[{"href":"https:\/\/servicios.unileon.es\/hospital-veterinario\/wp-json\/wp\/v2\/pages\/2214","targetHints":{"allow":["GET"]}}],"collection":[{"href":"https:\/\/servicios.unileon.es\/hospital-veterinario\/wp-json\/wp\/v2\/pages"}],"about":[{"href":"https:\/\/servicios.unileon.es\/hospital-veterinario\/wp-json\/wp\/v2\/types\/page"}],"author":[{"embeddable":true,"href":"https:\/\/servicios.unileon.es\/hospital-veterinario\/wp-json\/wp\/v2\/users\/801"}],"replies":[{"embeddable":true,"href":"https:\/\/servicios.unileon.es\/hospital-veterinario\/wp-json\/wp\/v2\/comments?post=2214"}],"version-history":[{"count":3,"href":"https:\/\/servicios.unileon.es\/hospital-veterinario\/wp-json\/wp\/v2\/pages\/2214\/revisions"}],"predecessor-version":[{"id":2247,"href":"https:\/\/servicios.unileon.es\/hospital-veterinario\/wp-json\/wp\/v2\/pages\/2214\/revisions\/2247"}],"wp:attachment":[{"href":"https:\/\/servicios.unileon.es\/hospital-veterinario\/wp-json\/wp\/v2\/media?parent=2214"}],"curies":[{"name":"wp","href":"https:\/\/api.w.org\/{rel}","templated":true}]}}