{"id":2210,"date":"2025-03-10T13:42:05","date_gmt":"2025-03-10T11:42:05","guid":{"rendered":"https:\/\/servicios.unileon.es\/hospital-veterinario\/?page_id=2210"},"modified":"2025-03-11T09:53:53","modified_gmt":"2025-03-11T07:53:53","slug":"objetivo","status":"publish","type":"page","link":"https:\/\/servicios.unileon.es\/hospital-veterinario\/objetivo\/","title":{"rendered":"Objetivo"},"content":{"rendered":"<p style=\"text-align: justify;\">El Hospital Veterinario de la Universidad de Le\u00f3n (HVULE) tiene como objetivo principal la formaci\u00f3n de estudiantes de Veterinaria, tanto de grado como de posgrado, ofreciendo un servicio asistencial de calidad durante las veinticuatro horas del d\u00eda, todos los d\u00edas del a\u00f1o. Para lograr este prop\u00f3sito, el hospital integra la docencia con la atenci\u00f3n asistencial, garantizando la presencia de estudiantes a lo largo de todo el a\u00f1o, incluso fuera de los periodos acad\u00e9micos generales, en coordinaci\u00f3n con la Facultad de Veterinaria.<\/p>\n<p style=\"text-align: justify;\"><a href=\"http:\/\/servicios.unileon.es\/hospital-veterinario\/files\/2025\/03\/Seguimiento-Calidad_Hospital-Veterinario-ULE.pdf\">Seguimiento de la calidad en el Hospital Veterinario de la Universidad de Le\u00f3n<\/a><\/p>\n<p><a href=\"http:\/\/servicios.unileon.es\/hospital-veterinario\/files\/2025\/03\/Quality-monitoring-at-the-Veterinary-Hospital-of-the-University.pdf\">Quality monitoring at the Veterinary Hospital of the University of Leon<\/a><\/p>\n","protected":false},"excerpt":{"rendered":"<p>El Hospital Veterinario de la Universidad de Le\u00f3n (HVULE) tiene como objetivo principal la formaci\u00f3n de estudiantes de Veterinaria, tanto de grado como de posgrado, ofreciendo un servicio asistencial de calidad durante las veinticuatro horas del d\u00eda, todos los d\u00edas &hellip; <a href=\"https:\/\/servicios.unileon.es\/hospital-veterinario\/objetivo\/\">Sigue leyendo <span class=\"meta-nav\">&rarr;<\/span><\/a><\/p>\n","protected":false},"author":801,"featured_media":0,"parent":0,"menu_order":0,"comment_status":"closed","ping_status":"closed","template":"","meta":{"footnotes":""},"class_list":["post-2210","page","type-page","status-publish","hentry"],"_links":{"self":[{"href":"https:\/\/servicios.unileon.es\/hospital-veterinario\/wp-json\/wp\/v2\/pages\/2210","targetHints":{"allow":["GET"]}}],"collection":[{"href":"https:\/\/servicios.unileon.es\/hospital-veterinario\/wp-json\/wp\/v2\/pages"}],"about":[{"href":"https:\/\/servicios.unileon.es\/hospital-veterinario\/wp-json\/wp\/v2\/types\/page"}],"author":[{"embeddable":true,"href":"https:\/\/servicios.unileon.es\/hospital-veterinario\/wp-json\/wp\/v2\/users\/801"}],"replies":[{"embeddable":true,"href":"https:\/\/servicios.unileon.es\/hospital-veterinario\/wp-json\/wp\/v2\/comments?post=2210"}],"version-history":[{"count":10,"href":"https:\/\/servicios.unileon.es\/hospital-veterinario\/wp-json\/wp\/v2\/pages\/2210\/revisions"}],"predecessor-version":[{"id":2253,"href":"https:\/\/servicios.unileon.es\/hospital-veterinario\/wp-json\/wp\/v2\/pages\/2210\/revisions\/2253"}],"wp:attachment":[{"href":"https:\/\/servicios.unileon.es\/hospital-veterinario\/wp-json\/wp\/v2\/media?parent=2210"}],"curies":[{"name":"wp","href":"https:\/\/api.w.org\/{rel}","templated":true}]}}