{"id":215,"date":"2013-10-02T08:05:17","date_gmt":"2013-10-02T06:05:17","guid":{"rendered":"http:\/\/servicios.unileon.es\/hospital-veterinario\/?page_id=215"},"modified":"2015-05-18T18:18:49","modified_gmt":"2015-05-18T16:18:49","slug":"estancias_4-5","status":"publish","type":"page","link":"https:\/\/servicios.unileon.es\/hospital-veterinario\/estancias_4-5\/","title":{"rendered":"Solicitud de estancias: alumnos de 4\u00ba y 5\u00ba"},"content":{"rendered":"<p>Se abre un periodo para solicitar la realizaci\u00f3n de estancias en el Hospital Veterinario durante el verano, dirigido a <strong>alumnos de 4\u00ba y 5\u00ba<\/strong> de Grado en Veterinaria; la solicitud se realizar\u00e1 para alguno de los periodos incluidos en la <a href=\"https:\/\/docs.google.com\/spreadsheet\/pub?key=0Arwq9ptYF8OrdF9JTDR4UHpBMmg2Mm9FRkhUa1VDOFE&amp;output=html\" target=\"_blank\">hoja anexa<\/a>, pudiendo solicitarse m\u00e1s de uno.<\/p>\n<p>El alumno se comprometer\u00e1 a asistir todos los d\u00edas del periodo en el horario asignado:<\/p>\n<ul>\n<li>de 10.00 a 14.00 horas y de 16.00 a 19.30 horas<\/li>\n<li>guardia nocturna<\/li>\n<li>guardia de festivo<\/li>\n<\/ul>\n<p>El Hospital Veterinario certificar\u00e1 la realizaci\u00f3n de la estancia a efecto de su reconocimiento para pr\u00e1cticas del rotatorio cl\u00ednico, de la asignatura estancias o como actividad extracurricular.<\/p>\n<p><strong>En el caso de pr\u00e1cticas extracurriculares y de la asignatura estancias (pr\u00e1cticas curriculares)<\/strong> deber\u00e1 rellenarse y presentarse por cuadruplicado el <a href=\"http:\/\/servicios.unileon.es\/hospital-veterinario\/files\/2015\/05\/4_ULE_AnexoEnULe_141002.doc\">documento anexo<\/a>.<\/p>\n<p>La solicitud se puede remitir como correo electr\u00f3nico a la direcci\u00f3n del Hospital [ulehvdir(arroba)unileon.es], siempre y cuando se env\u00ede desde el correo institucional (unileon.es) del alumno. Alternativamente, puede presentarse en papel en la recepci\u00f3n del Hospital, de lunes a viernes, de 10 a 14 horas.<\/p>\n<p>Como se indica en el modelo de solicitud, el alumno deber\u00e1 estar cubierto por el seguro escolar o, en su defecto, haber suscrito el\u00a0<a href=\"http:\/\/oncampus.es\/common\/alumnos\" target=\"_blank\">seguro oncampus<\/a>\u00a0(<a href=\"http:\/\/www.unileon.es\/estudiantes\/estudiantes-primer-segundo-ciclo\/matricula\/otros-datos-interes\" target=\"_blank\">acuerdo del Consejo de Gobierno de 19 de junio de 2013<\/a>).<\/p>\n<h3>Modelo de solicitud<\/h3>\n<h5>D.\/D\u00aa. ________________________________, con DNI __________ alumno de _____curso de Veterinaria se compromete a participar en la actividad cl\u00ednica del Hospital Veterinario de la Universidad de Le\u00f3n en el periodo _________________, comprometi\u00e9ndose a cumplir el horario asignado y las normas de comportamiento del Hospital publicadas en <a title=\"Normas de comportamiento\" href=\"http:\/\/servicios.unileon.es\/hospital-veterinario\/normas\/\" target=\"_blank\">http:\/\/servicios.unileon.es\/hospital-veterinario\/normas\/<\/a>\u00a0y acreditando estar cubierto por el seguro escolar o, en su defecto, por el seguro oncampus.<\/h5>\n<h5>Fecha y firma (en el caso de presentaci\u00f3n en papel)<\/h5>\n","protected":false},"excerpt":{"rendered":"<p>Se abre un periodo para solicitar la realizaci\u00f3n de estancias en el Hospital Veterinario durante el verano, dirigido a alumnos de 4\u00ba y 5\u00ba de Grado en Veterinaria; la solicitud se realizar\u00e1 para alguno de los periodos incluidos en la &hellip; <a href=\"https:\/\/servicios.unileon.es\/hospital-veterinario\/estancias_4-5\/\">Sigue leyendo <span class=\"meta-nav\">&rarr;<\/span><\/a><\/p>\n","protected":false},"author":508,"featured_media":0,"parent":0,"menu_order":0,"comment_status":"closed","ping_status":"closed","template":"","meta":{"footnotes":""},"class_list":["post-215","page","type-page","status-publish","hentry"],"_links":{"self":[{"href":"https:\/\/servicios.unileon.es\/hospital-veterinario\/wp-json\/wp\/v2\/pages\/215","targetHints":{"allow":["GET"]}}],"collection":[{"href":"https:\/\/servicios.unileon.es\/hospital-veterinario\/wp-json\/wp\/v2\/pages"}],"about":[{"href":"https:\/\/servicios.unileon.es\/hospital-veterinario\/wp-json\/wp\/v2\/types\/page"}],"author":[{"embeddable":true,"href":"https:\/\/servicios.unileon.es\/hospital-veterinario\/wp-json\/wp\/v2\/users\/508"}],"replies":[{"embeddable":true,"href":"https:\/\/servicios.unileon.es\/hospital-veterinario\/wp-json\/wp\/v2\/comments?post=215"}],"version-history":[{"count":24,"href":"https:\/\/servicios.unileon.es\/hospital-veterinario\/wp-json\/wp\/v2\/pages\/215\/revisions"}],"predecessor-version":[{"id":805,"href":"https:\/\/servicios.unileon.es\/hospital-veterinario\/wp-json\/wp\/v2\/pages\/215\/revisions\/805"}],"wp:attachment":[{"href":"https:\/\/servicios.unileon.es\/hospital-veterinario\/wp-json\/wp\/v2\/media?parent=215"}],"curies":[{"name":"wp","href":"https:\/\/api.w.org\/{rel}","templated":true}]}}