{"id":202,"date":"2013-09-30T18:08:36","date_gmt":"2013-09-30T16:08:36","guid":{"rendered":"http:\/\/servicios.unileon.es\/hospital-veterinario\/?page_id=202"},"modified":"2013-10-24T19:09:51","modified_gmt":"2013-10-24T17:09:51","slug":"animales-de-la-protectora","status":"publish","type":"page","link":"https:\/\/servicios.unileon.es\/hospital-veterinario\/animales-de-la-protectora\/","title":{"rendered":"Animales de la protectora"},"content":{"rendered":"<p>El Hospital y la\u00a0<a href=\"http:\/\/www.apapleon.org\/\" target=\"_blank\">Asociaci\u00f3n Protectora de Animales y Plantas de Le\u00f3n<\/a>\u00a0han establecido un proyecto de colaboraci\u00f3n. Por un lado, 19 alumnos de 1\u00ba de grado se han convertido en voluntarios de la Protectora, en la pretensi\u00f3n de que en pr\u00f3ximos cursos sean enlaces entre la Protectora y el Hospital.<\/p>\n<p>Por otro, la Protectora\u00a0colabora con el aprendizaje cl\u00ednico de los alumnos de Veterinaria, trayendo semanalmente al Hospital algunos de los animales que han recogido.<\/p>\n<p>A cambio, el Hospital quiere ayudar a exponer a la sociedad a los perros y gatos que atendemos, en la intenci\u00f3n de favorecer alguna adopci\u00f3n.<\/p>\n<p>Para ello hemos creado una <a href=\"http:\/\/minus.com\/mHospVet\" target=\"_blank\">galer\u00eda<\/a> con im\u00e1genes de ellos y una cuenta de <a href=\"https:\/\/twitter.com\/HospVetULe\" target=\"_blank\">twitter<\/a>, agradeciendo la colaboraci\u00f3n de los alumnos en presentarnos a los perros y gatos y en difundir la galer\u00eda a trav\u00e9s de las redes sociales.<\/p>\n<p><center><iframe loading=\"lazy\" src=\"http:\/\/min.us\/mHospVet\/3e\" height=\"405\" width=\"67%\" frameborder=\"0\"><\/iframe><\/center><\/p>\n<h6 style=\"text-align: center;\">\u00a0(para pasar las fotos haz clic en los laterales del recuadro)<\/h6>\n<p style=\"text-align: center;\"><a href=\"http:\/\/minus.com\/mHospVet\" target=\"_blank\">Ir a la galer\u00eda<\/a><\/p>\n<p style=\"text-align: left;\">Para adoptar cualquier animal, contactar con la\u00a0<a href=\"http:\/\/www.apapleon.org\/\" target=\"_blank\">Asociaci\u00f3n Protectora de Animales y Plantas de Le\u00f3n<\/a>.<\/p>\n<hr style=\"display: block;\" \/>\n<p>Distintas empresas farmac\u00e9uticas y de alimentaci\u00f3n animal han donado muestras de sus productos para su administraci\u00f3n a los pacientes del Hospital, incluyendo a los animales de la protectora.<\/p>\n<p>Desde aqu\u00ed, nuestro agradecimiento.<\/p>\n<p style=\"text-align: center;\"><a title=\"Donaciones\" href=\"http:\/\/servicios.unileon.es\/hospital-veterinario\/donaciones\/\" target=\"_blank\">Ver productos donados<\/a><\/p>\n","protected":false},"excerpt":{"rendered":"<p>El Hospital y la\u00a0Asociaci\u00f3n Protectora de Animales y Plantas de Le\u00f3n\u00a0han establecido un proyecto de colaboraci\u00f3n. Por un lado, 19 alumnos de 1\u00ba de grado se han convertido en voluntarios de la Protectora, en la pretensi\u00f3n de que en pr\u00f3ximos &hellip; <a href=\"https:\/\/servicios.unileon.es\/hospital-veterinario\/animales-de-la-protectora\/\">Sigue leyendo <span class=\"meta-nav\">&rarr;<\/span><\/a><\/p>\n","protected":false},"author":508,"featured_media":0,"parent":0,"menu_order":0,"comment_status":"closed","ping_status":"closed","template":"","meta":{"footnotes":""},"class_list":["post-202","page","type-page","status-publish","hentry"],"_links":{"self":[{"href":"https:\/\/servicios.unileon.es\/hospital-veterinario\/wp-json\/wp\/v2\/pages\/202","targetHints":{"allow":["GET"]}}],"collection":[{"href":"https:\/\/servicios.unileon.es\/hospital-veterinario\/wp-json\/wp\/v2\/pages"}],"about":[{"href":"https:\/\/servicios.unileon.es\/hospital-veterinario\/wp-json\/wp\/v2\/types\/page"}],"author":[{"embeddable":true,"href":"https:\/\/servicios.unileon.es\/hospital-veterinario\/wp-json\/wp\/v2\/users\/508"}],"replies":[{"embeddable":true,"href":"https:\/\/servicios.unileon.es\/hospital-veterinario\/wp-json\/wp\/v2\/comments?post=202"}],"version-history":[{"count":15,"href":"https:\/\/servicios.unileon.es\/hospital-veterinario\/wp-json\/wp\/v2\/pages\/202\/revisions"}],"predecessor-version":[{"id":295,"href":"https:\/\/servicios.unileon.es\/hospital-veterinario\/wp-json\/wp\/v2\/pages\/202\/revisions\/295"}],"wp:attachment":[{"href":"https:\/\/servicios.unileon.es\/hospital-veterinario\/wp-json\/wp\/v2\/media?parent=202"}],"curies":[{"name":"wp","href":"https:\/\/api.w.org\/{rel}","templated":true}]}}