{"id":1202,"date":"2017-05-19T12:43:43","date_gmt":"2017-05-19T10:43:43","guid":{"rendered":"http:\/\/servicios.unileon.es\/hospital-veterinario\/?page_id=1202"},"modified":"2019-12-16T13:04:40","modified_gmt":"2019-12-16T11:04:40","slug":"diagnostico-y-terapia-genomica","status":"publish","type":"page","link":"https:\/\/servicios.unileon.es\/hospital-veterinario\/diagnostico-y-terapia-genomica\/","title":{"rendered":"SERVICIO DE DIAGN\u00d3STICO Y TERAPIA GEN\u00d3MICA"},"content":{"rendered":"<p style=\"margin-bottom: 18.0pt;\"><span style=\"font-size: 9.5pt; font-family: 'Trebuchet MS',sans-serif; color: #444444;\">1.-Pruebas de parentesco\/identificaci\u00f3n animal<\/span><\/p>\n<p style=\"margin-bottom: 18.0pt; font-variant-ligatures: normal; font-variant-caps: normal; orphans: 2; text-align: start; widows: 2; -webkit-text-stroke-width: 0px; text-decoration-style: initial; text-decoration-color: initial; word-spacing: 0px;\"><span style=\"font-size: 9.5pt; font-family: 'Trebuchet MS',sans-serif; color: #444444;\">Ganado ovino<\/span><\/p>\n<p style=\"margin-bottom: 18.0pt; font-variant-ligatures: normal; font-variant-caps: normal; orphans: 2; text-align: start; widows: 2; -webkit-text-stroke-width: 0px; text-decoration-style: initial; text-decoration-color: initial; word-spacing: 0px;\"><span style=\"font-size: 9.5pt; font-family: 'Trebuchet MS',sans-serif; color: #444444;\">Ganado vacuno<\/span><\/p>\n<p style=\"margin-bottom: 18.0pt; font-variant-ligatures: normal; font-variant-caps: normal; orphans: 2; text-align: start; widows: 2; -webkit-text-stroke-width: 0px; text-decoration-style: initial; text-decoration-color: initial; word-spacing: 0px;\"><span style=\"font-size: 9.5pt; font-family: 'Trebuchet MS',sans-serif; color: #444444;\">Ganado equino<\/span><\/p>\n<p style=\"margin-bottom: 18.0pt; font-variant-ligatures: normal; font-variant-caps: normal; orphans: 2; text-align: start; widows: 2; -webkit-text-stroke-width: 0px; text-decoration-style: initial; text-decoration-color: initial; word-spacing: 0px;\"><span style=\"font-size: 9.5pt; font-family: 'Trebuchet MS',sans-serif; color: #444444;\">Perros<\/span><\/p>\n<p style=\"margin-bottom: 18.0pt; font-variant-ligatures: normal; font-variant-caps: normal; orphans: 2; text-align: start; widows: 2; -webkit-text-stroke-width: 0px; text-decoration-style: initial; text-decoration-color: initial; word-spacing: 0px;\"><span style=\"font-size: 9.5pt; font-family: 'Trebuchet MS',sans-serif; color: #444444;\">2.-Diagn\u00f3stico de sexo en Aves<\/span><\/p>\n<p style=\"margin-bottom: 18.0pt; font-variant-ligatures: normal; font-variant-caps: normal; orphans: 2; text-align: start; widows: 2; -webkit-text-stroke-width: 0px; text-decoration-style: initial; text-decoration-color: initial; word-spacing: 0px;\"><span style=\"font-size: 9.5pt; font-family: 'Trebuchet MS',sans-serif; color: #444444;\">3.- Diagn\u00f3stico cde enfermedades hereditarias<\/span><\/p>\n<p style=\"margin-bottom: 18.0pt; font-variant-ligatures: normal; font-variant-caps: normal; orphans: 2; text-align: start; widows: 2; -webkit-text-stroke-width: 0px; text-decoration-style: initial; text-decoration-color: initial; word-spacing: 0px;\"><span style=\"font-size: 9.5pt; font-family: 'Trebuchet MS',sans-serif; color: #444444;\">Perros: Mielopat\u00eda degenerativa (DM)<\/span><\/p>\n<p style=\"margin-bottom: 18.0pt; font-variant-ligatures: normal; font-variant-caps: normal; orphans: 2; text-align: start; widows: 2; -webkit-text-stroke-width: 0px; text-decoration-style: initial; text-decoration-color: initial; word-spacing: 0px;\"><span style=\"font-size: 9.5pt; font-family: 'Trebuchet MS',sans-serif; color: #444444;\">Ganado ovino:<\/span><\/p>\n<p style=\"margin-bottom: 18.0pt; font-variant-ligatures: normal; font-variant-caps: normal; orphans: 2; text-align: start; widows: 2; -webkit-text-stroke-width: 0px; text-decoration-style: initial; text-decoration-color: initial; word-spacing: 0px;\"><span style=\"font-size: 9.5pt; font-family: 'Trebuchet MS',sans-serif; color: #444444;\">Lisencefalia con hipoplasia celebelar<\/span><\/p>\n<p style=\"margin-bottom: 18.0pt; font-variant-ligatures: normal; font-variant-caps: normal; orphans: 2; text-align: start; widows: 2; -webkit-text-stroke-width: 0px; text-decoration-style: initial; text-decoration-color: initial; word-spacing: 0px;\"><span style=\"font-size: 9.5pt; font-family: 'Trebuchet MS',sans-serif; color: #444444;\">Epidermolisis bullosa juntural<\/span><\/p>\n<p style=\"margin-bottom: 18.0pt; font-variant-ligatures: normal; font-variant-caps: normal; orphans: 2; text-align: start; widows: 2; -webkit-text-stroke-width: 0px; text-decoration-style: initial; text-decoration-color: initial; word-spacing: 0px;\"><span style=\"font-size: 9.5pt; font-family: 'Trebuchet MS',sans-serif; color: #444444;\">Ganado vacuno:<\/span><\/p>\n<p style=\"margin-bottom: 18.0pt; font-variant-ligatures: normal; font-variant-caps: normal; orphans: 2; text-align: start; widows: 2; -webkit-text-stroke-width: 0px; text-decoration-style: initial; text-decoration-color: initial; word-spacing: 0px;\"><span style=\"font-size: 9.5pt; font-family: 'Trebuchet MS',sans-serif; color: #444444;\">Diagn\u00f3stico de freemartinismo en ganado vacuno<\/span><\/p>\n<p style=\"margin-bottom: 18.0pt; font-variant-ligatures: normal; font-variant-caps: normal; orphans: 2; text-align: start; widows: 2; -webkit-text-stroke-width: 0px; text-decoration-style: initial; text-decoration-color: initial; word-spacing: 0px;\"><span style=\"font-size: 9.5pt; font-family: 'Trebuchet MS',sans-serif; color: #444444;\">Mutaciones no funcionales de la miostatina<\/span><\/p>\n<p style=\"margin-bottom: 18.0pt; font-variant-ligatures: normal; font-variant-caps: normal; orphans: 2; text-align: start; widows: 2; -webkit-text-stroke-width: 0px; text-decoration-style: initial; text-decoration-color: initial; word-spacing: 0px;\">\n<p style=\"margin-bottom: 18.0pt; font-variant-ligatures: normal; font-variant-caps: normal; orphans: 2; text-align: start; widows: 2; -webkit-text-stroke-width: 0px; text-decoration-style: initial; text-decoration-color: initial; word-spacing: 0px;\">\n","protected":false},"excerpt":{"rendered":"<p>1.-Pruebas de parentesco\/identificaci\u00f3n animal Ganado ovino Ganado vacuno Ganado equino Perros 2.-Diagn\u00f3stico de sexo en Aves 3.- Diagn\u00f3stico cde enfermedades hereditarias Perros: Mielopat\u00eda degenerativa (DM) Ganado ovino: Lisencefalia con hipoplasia celebelar Epidermolisis bullosa juntural Ganado vacuno: Diagn\u00f3stico de freemartinismo en &hellip; <a href=\"https:\/\/servicios.unileon.es\/hospital-veterinario\/diagnostico-y-terapia-genomica\/\">Sigue leyendo <span class=\"meta-nav\">&rarr;<\/span><\/a><\/p>\n","protected":false},"author":801,"featured_media":0,"parent":0,"menu_order":0,"comment_status":"closed","ping_status":"closed","template":"","meta":{"footnotes":""},"class_list":["post-1202","page","type-page","status-publish","hentry"],"_links":{"self":[{"href":"https:\/\/servicios.unileon.es\/hospital-veterinario\/wp-json\/wp\/v2\/pages\/1202","targetHints":{"allow":["GET"]}}],"collection":[{"href":"https:\/\/servicios.unileon.es\/hospital-veterinario\/wp-json\/wp\/v2\/pages"}],"about":[{"href":"https:\/\/servicios.unileon.es\/hospital-veterinario\/wp-json\/wp\/v2\/types\/page"}],"author":[{"embeddable":true,"href":"https:\/\/servicios.unileon.es\/hospital-veterinario\/wp-json\/wp\/v2\/users\/801"}],"replies":[{"embeddable":true,"href":"https:\/\/servicios.unileon.es\/hospital-veterinario\/wp-json\/wp\/v2\/comments?post=1202"}],"version-history":[{"count":3,"href":"https:\/\/servicios.unileon.es\/hospital-veterinario\/wp-json\/wp\/v2\/pages\/1202\/revisions"}],"predecessor-version":[{"id":1562,"href":"https:\/\/servicios.unileon.es\/hospital-veterinario\/wp-json\/wp\/v2\/pages\/1202\/revisions\/1562"}],"wp:attachment":[{"href":"https:\/\/servicios.unileon.es\/hospital-veterinario\/wp-json\/wp\/v2\/media?parent=1202"}],"curies":[{"name":"wp","href":"https:\/\/api.w.org\/{rel}","templated":true}]}}