{"id":11,"date":"2013-07-15T07:27:54","date_gmt":"2013-07-15T07:27:54","guid":{"rendered":"http:\/\/servicios.unileon.es\/hospital-veterinario\/?page_id=11"},"modified":"2025-09-01T14:55:17","modified_gmt":"2025-09-01T12:55:17","slug":"presentacion","status":"publish","type":"page","link":"https:\/\/servicios.unileon.es\/hospital-veterinario\/","title":{"rendered":"Presentaci\u00f3n"},"content":{"rendered":"<p>&nbsp;<\/p>\n<p>El Hospital Veterinario de la Universidad de Le\u00f3n comienza a funcionar el 30 de septiembre de 2013, rigi\u00e9ndose su funcionamiento por el <a href=\"http:\/\/servicios.unileon.es\/hospital-veterinario\/files\/2019\/02\/Reglamento-HVULE.pdf\">Reglamento del Hospital Veterinario de la Universidad de Le\u00f3n<\/a> aprobado en el Consejo de Gobierno del 1 de febrero de 2019, que permite al Hospital cumplir con sus funciones b\u00e1sicas de contribuir a la formaci\u00f3n cl\u00ednica de los estudiantes de Grado de Veterinaria y M\u00e1steres de Medicina Veterinaria, as\u00ed como el compromiso social de apoyo a cuantas actividades est\u00e9n relacionadas con la Cl\u00ednica Veterinaria de Castilla y Le\u00f3n.<\/p>\n<p>Uno de los objetivos del Hospital es cumplir con las exigencias de la EAEVE en cuanto a casu\u00edstica. Por ello, adem\u00e1s de las consultas habituales, el Hospital implantar\u00e1 una serie de servicios como:<\/p>\n<ul>\n<li>La atenci\u00f3n gratuita o a precios muy reducidos de animales de protectora<\/li>\n<li>La atenci\u00f3n gratuita, salvo los gastos del material fungible utilizado, de los animales de los alumnos de veterinaria (*)<\/li>\n<li>La atenci\u00f3n a precios reducidos de animales de miembros de la comunidad universitaria (*)<\/li>\n<li>La oferta a cl\u00ednicas veterinarias de servicios a precios reducidos.<\/li>\n<\/ul>\n<p>(*) Deber\u00e1 demostrarse que:<\/p>\n<ol>\n<li>Se es el propietario del animal (datos del microchip)<\/li>\n<li>Se es miembro de la comunidad universitaria \/ alumno de veterinaria (carn\u00e9 correspondiente)<\/li>\n<li>En el caso de que el animal est\u00e9 a nombre de otro miembro del n\u00facleo familiar, deber\u00e1 demostrarse mediante documentaci\u00f3n oficial (datos del DNI o del libro de familia)<\/li>\n<\/ol>\n<p><span style=\"color: #0000ff;\">El Hospital es fundamentalmente un servicio por y para los estudiantes de veterinaria<\/span>, por lo que (men\u00fa de la derecha) se procurar\u00e1 informar con antelaci\u00f3n de las actividades previstas y facilitar a los estudiantes el acceso a estancias.<\/p>\n<p><iframe loading=\"lazy\" title=\"Hospital Veterinario de la Universidad de Le\u00f3n\" width=\"640\" height=\"360\" src=\"https:\/\/www.youtube.com\/embed\/b1i8OPxDXE4?feature=oembed\" frameborder=\"0\" allow=\"accelerometer; autoplay; clipboard-write; encrypted-media; gyroscope; picture-in-picture; web-share\" referrerpolicy=\"strict-origin-when-cross-origin\" allowfullscreen><\/iframe><\/p>\n","protected":false},"excerpt":{"rendered":"<p>&nbsp; El Hospital Veterinario de la Universidad de Le\u00f3n comienza a funcionar el 30 de septiembre de 2013, rigi\u00e9ndose su funcionamiento por el Reglamento del Hospital Veterinario de la Universidad de Le\u00f3n aprobado en el Consejo de Gobierno del 1 &hellip; <a href=\"https:\/\/servicios.unileon.es\/hospital-veterinario\/\">Sigue leyendo <span class=\"meta-nav\">&rarr;<\/span><\/a><\/p>\n","protected":false},"author":1,"featured_media":0,"parent":0,"menu_order":0,"comment_status":"closed","ping_status":"closed","template":"","meta":{"footnotes":""},"class_list":["post-11","page","type-page","status-publish","hentry"],"_links":{"self":[{"href":"https:\/\/servicios.unileon.es\/hospital-veterinario\/wp-json\/wp\/v2\/pages\/11","targetHints":{"allow":["GET"]}}],"collection":[{"href":"https:\/\/servicios.unileon.es\/hospital-veterinario\/wp-json\/wp\/v2\/pages"}],"about":[{"href":"https:\/\/servicios.unileon.es\/hospital-veterinario\/wp-json\/wp\/v2\/types\/page"}],"author":[{"embeddable":true,"href":"https:\/\/servicios.unileon.es\/hospital-veterinario\/wp-json\/wp\/v2\/users\/1"}],"replies":[{"embeddable":true,"href":"https:\/\/servicios.unileon.es\/hospital-veterinario\/wp-json\/wp\/v2\/comments?post=11"}],"version-history":[{"count":50,"href":"https:\/\/servicios.unileon.es\/hospital-veterinario\/wp-json\/wp\/v2\/pages\/11\/revisions"}],"predecessor-version":[{"id":2273,"href":"https:\/\/servicios.unileon.es\/hospital-veterinario\/wp-json\/wp\/v2\/pages\/11\/revisions\/2273"}],"wp:attachment":[{"href":"https:\/\/servicios.unileon.es\/hospital-veterinario\/wp-json\/wp\/v2\/media?parent=11"}],"curies":[{"name":"wp","href":"https:\/\/api.w.org\/{rel}","templated":true}]}}