{"id":9,"date":"2010-11-11T13:43:12","date_gmt":"2010-11-11T13:43:12","guid":{"rendered":"http:\/\/servicios.unileon.es\/herbario\/"},"modified":"2025-07-22T08:14:50","modified_gmt":"2025-07-22T08:14:50","slug":"introduccion","status":"publish","type":"page","link":"https:\/\/servicios.unileon.es\/herbario\/introduccion\/","title":{"rendered":"Introducci\u00f3n"},"content":{"rendered":"<p>En la d\u00e9cada de los a\u00f1os setenta, a la vez que la Secci\u00f3n de Biolog\u00eda de la Facultad de Ciencias de Oviedo con sede en Le\u00f3n se transforma en Facultad de Biolog\u00eda, se inicia la colecci\u00f3n de plantas que actualmente constituye el Herbario \u201cJaime Andr\u00e9s Rodr\u00edguez\u201d -LEB- de la Universidad de Le\u00f3n. Se ha dedicado expresamente a la memoria de quien impuls\u00f3 su creaci\u00f3n y fue el primer profesor de Bot\u00e1nica de esta instituci\u00f3n, el profesor Jaime Andr\u00e9s.<\/p>\n<p>El acr\u00f3nimo LEB (Le\u00f3n-Biolog\u00eda) es el c\u00f3digo con el que aparece registrado en el <a href=\"https:\/\/sweetgum.nybg.org\/science\/ih\/herbarium-details\/?irn=126285\"><em>Index Herbariorum<\/em><\/a> como herbario institucional, cumpliendo los criterios y est\u00e1ndares para el intercambio y comunicaci\u00f3n con cualquier otro herbario del mundo y la comunidad cient\u00edfica internacional. Este \u00edndice mundial recoge la informaci\u00f3n de 3.567 herbarios y 13.717 empleados asociados, donde se albergan de forma permanente un total de 396 millones de espec\u00edmenes bot\u00e1nicos.<\/p>\n<p>El Herbario Jaime Andr\u00e9s Rodr\u00edguez es miembro de la <a href=\"https:\/\/ahim.org\/\">Asociaci\u00f3n de Herbarios Iberomacaron\u00e9sicos (AHIM)<\/a>, cuyo objetivo es promover la colaboraci\u00f3n entre los Herbarios Miembros de la Asociaci\u00f3n, impulsando el intercambio de conocimientos, experiencias, documentaci\u00f3n y material vegetal y coordinando proyectos comunes de actuaci\u00f3n<\/p>\n<p>El Herbario de la Universidad de Le\u00f3n alberga, en la actualidad, adem\u00e1s de un importante n\u00famero de pliegos de plantas vasculares, otras colecciones relevantes: hongos, l\u00edquenes, musgos, hep\u00e1ticas, diatomeas y semillas. Las <a href=\"https:\/\/www.gbif.org\/es\/publisher\/730cd32c-627f-44a8-9d93-fcfb23ade969\">colecciones del Herbario LEB<\/a> se publican y actualizan a trav\u00e9s de GBIF (el Sistema Global de Informaci\u00f3n sobre Biodiversidad), encontrando en la actualidad publicados <a href=\"https:\/\/www.gbif.org\/es\/dataset\/search?publishing_org=730cd32c-627f-44a8-9d93-fcfb23ade969\">7 conjuntos de datos accesibles a todos los p\u00fablicos<\/a>, garantizando con ello <span data-huuid=\"12867433425427957770\">el acceso abierto a datos de biodiversidad y promoviendo la ciencia abierta, lo que facilita la investigaci\u00f3n, la conservaci\u00f3n y el desarrollo sostenible. <\/span><\/p>\n<p>La mayor\u00eda de los espec\u00edmenes han sido colectados por los investigadores del \u00e1rea de Bot\u00e1nica y, principalmente, representan de manera exhaustiva la flora del norte y noroeste de la Pen\u00ednsula Ib\u00e9rica. Adem\u00e1s, las colecciones incorporan un n\u00famero relevante de espec\u00edmenes donados y procedentes de intercambios con otros herbarios.<\/p>\n<p>&nbsp;<\/p>\n","protected":false},"excerpt":{"rendered":"<p>En la d\u00e9cada de los a\u00f1os setenta, a la vez que la Secci\u00f3n de Biolog\u00eda de la Facultad de Ciencias de Oviedo con sede en Le\u00f3n se transforma en Facultad de Biolog\u00eda, se inicia la colecci\u00f3n de plantas que actualmente &hellip; <a href=\"https:\/\/servicios.unileon.es\/herbario\/introduccion\/\">Sigue leyendo <span class=\"meta-nav\">&rarr;<\/span><\/a><\/p>\n","protected":false},"author":1,"featured_media":0,"parent":0,"menu_order":0,"comment_status":"closed","ping_status":"open","template":"","meta":{"footnotes":""},"class_list":["post-9","page","type-page","status-publish","hentry"],"_links":{"self":[{"href":"https:\/\/servicios.unileon.es\/herbario\/wp-json\/wp\/v2\/pages\/9","targetHints":{"allow":["GET"]}}],"collection":[{"href":"https:\/\/servicios.unileon.es\/herbario\/wp-json\/wp\/v2\/pages"}],"about":[{"href":"https:\/\/servicios.unileon.es\/herbario\/wp-json\/wp\/v2\/types\/page"}],"author":[{"embeddable":true,"href":"https:\/\/servicios.unileon.es\/herbario\/wp-json\/wp\/v2\/users\/1"}],"replies":[{"embeddable":true,"href":"https:\/\/servicios.unileon.es\/herbario\/wp-json\/wp\/v2\/comments?post=9"}],"version-history":[{"count":4,"href":"https:\/\/servicios.unileon.es\/herbario\/wp-json\/wp\/v2\/pages\/9\/revisions"}],"predecessor-version":[{"id":74,"href":"https:\/\/servicios.unileon.es\/herbario\/wp-json\/wp\/v2\/pages\/9\/revisions\/74"}],"wp:attachment":[{"href":"https:\/\/servicios.unileon.es\/herbario\/wp-json\/wp\/v2\/media?parent=9"}],"curies":[{"name":"wp","href":"https:\/\/api.w.org\/{rel}","templated":true}]}}