{"id":7,"date":"2010-11-11T13:42:42","date_gmt":"2010-11-11T13:42:42","guid":{"rendered":"http:\/\/servicios.unileon.es\/herbario\/"},"modified":"2025-07-22T08:09:52","modified_gmt":"2025-07-22T08:09:52","slug":"personal","status":"publish","type":"page","link":"https:\/\/servicios.unileon.es\/herbario\/personal\/","title":{"rendered":"Personal"},"content":{"rendered":"<p>Directora\/Conservadora: <strong>Estrella Alfaro Saiz (<\/strong><a href=\"mailto:estrella.alfaro@unileon.es\">estrella.alfaro@unileon.es<\/a><strong>)<\/strong><\/p>\n<p>T\u00e9cnico del Servicio: <strong>Jos\u00e9 Ignacio Alonso Felpete (<\/strong><a href=\"mailto:dbviaf@unileon.es\">dbviaf@unileon.es<\/a><strong>)<\/strong><\/p>\n<p>Becaria en formaci\u00f3n: <strong>Ana Paula Melero Castellot<\/strong><\/p>\n<p>Personal asociado a proyectos: <strong>Sergio Rodr\u00edguez Fern\u00e1ndez<\/strong> y <strong>Blanca Cort\u00f3n Gracia<\/strong><\/p>\n","protected":false},"excerpt":{"rendered":"<p>Directora\/Conservadora: Estrella Alfaro Saiz (estrella.alfaro@unileon.es) T\u00e9cnico del Servicio: Jos\u00e9 Ignacio Alonso Felpete (dbviaf@unileon.es) Becaria en formaci\u00f3n: Ana Paula Melero Castellot Personal asociado a proyectos: Sergio Rodr\u00edguez Fern\u00e1ndez y Blanca Cort\u00f3n Gracia<\/p>\n","protected":false},"author":1,"featured_media":0,"parent":0,"menu_order":0,"comment_status":"closed","ping_status":"open","template":"","meta":{"footnotes":""},"class_list":["post-7","page","type-page","status-publish","hentry"],"_links":{"self":[{"href":"https:\/\/servicios.unileon.es\/herbario\/wp-json\/wp\/v2\/pages\/7","targetHints":{"allow":["GET"]}}],"collection":[{"href":"https:\/\/servicios.unileon.es\/herbario\/wp-json\/wp\/v2\/pages"}],"about":[{"href":"https:\/\/servicios.unileon.es\/herbario\/wp-json\/wp\/v2\/types\/page"}],"author":[{"embeddable":true,"href":"https:\/\/servicios.unileon.es\/herbario\/wp-json\/wp\/v2\/users\/1"}],"replies":[{"embeddable":true,"href":"https:\/\/servicios.unileon.es\/herbario\/wp-json\/wp\/v2\/comments?post=7"}],"version-history":[{"count":11,"href":"https:\/\/servicios.unileon.es\/herbario\/wp-json\/wp\/v2\/pages\/7\/revisions"}],"predecessor-version":[{"id":73,"href":"https:\/\/servicios.unileon.es\/herbario\/wp-json\/wp\/v2\/pages\/7\/revisions\/73"}],"wp:attachment":[{"href":"https:\/\/servicios.unileon.es\/herbario\/wp-json\/wp\/v2\/media?parent=7"}],"curies":[{"name":"wp","href":"https:\/\/api.w.org\/{rel}","templated":true}]}}