{"id":5,"date":"2010-11-11T13:40:30","date_gmt":"2010-11-11T13:40:30","guid":{"rendered":"http:\/\/servicios.unileon.es\/herbario\/"},"modified":"2025-07-22T08:03:51","modified_gmt":"2025-07-22T08:03:51","slug":"informacion-de-contacto","status":"publish","type":"page","link":"https:\/\/servicios.unileon.es\/herbario\/","title":{"rendered":"Informaci\u00f3n de Contacto"},"content":{"rendered":"<table style=\"width: 100%;\">\n<tbody>\n<tr>\n<th style=\"width: 26.5625%;\">P\u00e1gina web externa<\/th>\n<td style=\"width: 73.4375%; text-align: left;\" align=\"center\"><a href=\"https:\/\/herbarioleb.unileon.es\/\">https:\/\/herbarioleb.unileon.es\/<\/a><\/td>\n<\/tr>\n<tr>\n<th style=\"width: 26.5625%;\">Direcci\u00f3n postal<\/th>\n<td style=\"width: 73.4375%;\">UNIVERSIDAD DE LE\u00d3N<br \/>\nFacultad de Ciencias Biol\u00f3gicas y Ambientales<br \/>\nCampus de Vegazana<br \/>\n24071 LE\u00d3N<\/td>\n<\/tr>\n<tr>\n<th style=\"width: 26.5625%;\">Tel\u00e9fono<\/th>\n<td style=\"width: 73.4375%;\">987 29 14 94<\/td>\n<\/tr>\n<tr>\n<th style=\"width: 26.5625%;\">Buz\u00f3n electr\u00f3nico<\/th>\n<td style=\"width: 73.4375%;\">Correo electr\u00f3nico de contacto: <a href=\"mailto:uleher@unileon.es\">uleher@unileon.es\u00a0<\/a><\/p>\n<p>Directora\/Conservadora: \u00a0 <a href=\"mailto:megarg@unileon.es\">estrella.alfaro@unileon.es<\/a><\/td>\n<\/tr>\n<\/tbody>\n<\/table>\n<p>&nbsp;<\/p>\n","protected":false},"excerpt":{"rendered":"<p>P\u00e1gina web externa https:\/\/herbarioleb.unileon.es\/ Direcci\u00f3n postal UNIVERSIDAD DE LE\u00d3N Facultad de Ciencias Biol\u00f3gicas y Ambientales Campus de Vegazana 24071 LE\u00d3N Tel\u00e9fono 987 29 14 94 Buz\u00f3n electr\u00f3nico Correo electr\u00f3nico de contacto: uleher@unileon.es\u00a0 Directora\/Conservadora: \u00a0 estrella.alfaro@unileon.es &nbsp;<\/p>\n","protected":false},"author":1,"featured_media":0,"parent":0,"menu_order":0,"comment_status":"closed","ping_status":"open","template":"","meta":{"footnotes":""},"class_list":["post-5","page","type-page","status-publish","hentry"],"_links":{"self":[{"href":"https:\/\/servicios.unileon.es\/herbario\/wp-json\/wp\/v2\/pages\/5","targetHints":{"allow":["GET"]}}],"collection":[{"href":"https:\/\/servicios.unileon.es\/herbario\/wp-json\/wp\/v2\/pages"}],"about":[{"href":"https:\/\/servicios.unileon.es\/herbario\/wp-json\/wp\/v2\/types\/page"}],"author":[{"embeddable":true,"href":"https:\/\/servicios.unileon.es\/herbario\/wp-json\/wp\/v2\/users\/1"}],"replies":[{"embeddable":true,"href":"https:\/\/servicios.unileon.es\/herbario\/wp-json\/wp\/v2\/comments?post=5"}],"version-history":[{"count":16,"href":"https:\/\/servicios.unileon.es\/herbario\/wp-json\/wp\/v2\/pages\/5\/revisions"}],"predecessor-version":[{"id":70,"href":"https:\/\/servicios.unileon.es\/herbario\/wp-json\/wp\/v2\/pages\/5\/revisions\/70"}],"wp:attachment":[{"href":"https:\/\/servicios.unileon.es\/herbario\/wp-json\/wp\/v2\/media?parent=5"}],"curies":[{"name":"wp","href":"https:\/\/api.w.org\/{rel}","templated":true}]}}