{"id":13,"date":"2010-11-11T13:44:13","date_gmt":"2010-11-11T13:44:13","guid":{"rendered":"http:\/\/servicios.unileon.es\/herbario\/"},"modified":"2026-03-23T12:13:37","modified_gmt":"2026-03-23T12:13:37","slug":"servicios","status":"publish","type":"page","link":"https:\/\/servicios.unileon.es\/herbario\/servicios\/","title":{"rendered":"Servicios"},"content":{"rendered":"<p>En el Herbario \u201cJaime Andr\u00e9s Rodr\u00edguez\u201d &#8211; LEB &#8211; se realizan todas las actividades relacionadas con la preparaci\u00f3n, montaje, conservaci\u00f3n, mantenimiento, determinaci\u00f3n e informatizaci\u00f3n de las colecciones bot\u00e1nicas en \u00e9l depositadas.<\/p>\n<p>Se gestiona, adem\u00e1s, todo lo relativo a la <strong>din\u00e1mica habitual entre herbarios de instituciones cient\u00edficas p\u00fablicas y privadas<\/strong> o bien con investigadores ligados a centros cient\u00edficos, educativos y muse\u00edsticos:<\/p>\n<ul>\n<li>Consulta de espec\u00edmenes directamente en sala.<\/li>\n<li>Pr\u00e9stamo de pliegos para fines cient\u00edficos, docentes y expositivos.<\/li>\n<li>Petici\u00f3n de materiales a otras instituciones para su estudio por los investigadores propios de esta Universidad.<\/li>\n<li>Intercambio de espec\u00edmenes con otros herbarios, seg\u00fan acuerdos previos establecidos.<\/li>\n<li>Participaci\u00f3n en el Nodo Nacional de Informaci\u00f3n en Biodiversidad (GBIF).<\/li>\n<li>Participaci\u00f3n en la Exsiccata de Flora Iberomacaron\u00e9sica Selecta (AHIM).<\/li>\n<\/ul>\n<p>Adem\u00e1s, el herbario coopera en tareas y pr\u00e1cticas docentes de las asignaturas del \u00c1rea de Bot\u00e1nica y colabora con la propia universidad y con instituciones municipales y provinciales en la <strong>organizaci\u00f3n de actividades con fines divulgativos<\/strong> (talleres, visitas, exposiciones).<\/p>\n<p><strong>Horario y Normas generales<\/strong><\/p>\n<p>El Herbario permanece abierto al p\u00fablico de lunes a viernes de 8 a 15 h. Las colecciones del Herbario LEB pueden ser consultadas por investigadores y profesionales relacionados con la Bot\u00e1nica integrados en instituciones y proyectos o programas de trabajo concretos. Se ruega a los visitantes que firmen el libro de visitas en el que se anotar\u00e1n los datos del usuario, fecha y material consultado. No se permite comer ni beber en las dependencias del herbario.<\/p>\n<p><strong>Manejo de materiales<\/strong><\/p>\n<p>El acceso a los pliegos del herbario es libre, se puede acceder directamente a los mismos, pero su reincorporaci\u00f3n se har\u00e1 por el personal del herbario. Se ruega que, en el caso de que existan variaciones en la identificaci\u00f3n de los t\u00e1xones, se utilicen etiquetas de revisi\u00f3n y en ellas se escriba con tinta indeleble y de modo legible el nombre del taxon, el del investigador, la fecha de revisi\u00f3n y la instituci\u00f3n de procedencia. Cuando se produzca esta variaci\u00f3n, se informar\u00e1 y se entregar\u00e1n los pliegos al personal del herbario. Si existiera mezcla de material en el pliego se detallar\u00e1 con un n\u00famero o letra escrito a l\u00e1piz al pie de cada esp\u00e9cimen que concordar\u00e1 con el mismo n\u00famero o letra que aparezca en la etiqueta de revisi\u00f3n. Los ejemplares nunca ser\u00e1n despegados ni separados del pliego y no se har\u00e1 marca o anotaci\u00f3n alguna en el pliego o en las etiquetas existentes en el mismo. La disecci\u00f3n de ejemplares, cuando sea inevitable para su identificaci\u00f3n, requiere autorizaci\u00f3n previa. Se agradecer\u00e1 recibir una copia de las publicaciones basadas en material del Herbario LEB.<\/p>\n<p><strong>Tarifas<\/strong><\/p>\n<p>1- Identificaci\u00f3n de muestras vegetales: El cliente puede elegir pagar cualquiera de las tasas siguientes:<\/p>\n<ul>\n<li>1.1) 5.15\u20ac\/esp\u00e9cimen para una identificaci\u00f3n de \u201cvisu\u201d o si es necesario una comprobaci\u00f3n en la que se necesite hasta 10 minutos de tiempo.<\/li>\n<li>1.2) 10.3\u20ac\/esp\u00e9cimen (siempre y cuando el esp\u00e9cimen sea susceptible de identificarse en media hora). Si el cliente acepta que se contin\u00fae trabajando en un esp\u00e9cimen m\u00e1s de 30 minutos para obtener una identificaci\u00f3n m\u00e1s precisa, el trabajo se cobrar\u00e1: -35\u20ac\/hora de identificaci\u00f3n de los espec\u00edmenes por un especialista en bot\u00e1nica.<\/li>\n<li>1.3) 103\u20ac\/esp\u00e9cimen. Si el cliente desea que la muestra se env\u00ede a un especialista en el grupo taxon\u00f3mico para su identificaci\u00f3n, se cobrar\u00e1 una tarifa fija de 100\u20ac por muestra, siempre y cuando el esp\u00e9cimen sea susceptible de ser identificado en media hora. Para identificaciones complejas, que conlleven m\u00e1s de media hora de dedicaci\u00f3n de un experto, el precio por hora del servicio ser\u00e1 a convenir entre el cliente y el experto en cuesti\u00f3n.<\/li>\n<\/ul>\n<p>Los precios podr\u00edan conllevar un ajuste en funci\u00f3n del volumen y repetitividad de las muestras. Si se tratara de muestras fragmentarias sin suficientes caracteres diagn\u00f3sticos, que requirieran alg\u00fan tipo de an\u00e1lisis molecular, habr\u00eda que realizar una valoraci\u00f3n del costo basado en las reacciones y an\u00e1lisis necesarios para su identificaci\u00f3n.<\/p>\n<p>2- Elaboraci\u00f3n de cat\u00e1logos flor\u00edsticos de territorios, mapas de distribuci\u00f3n de taxones o comunidades vegetales, listados de especies de territorios o grupos taxon\u00f3micos, resoluci\u00f3n de dudas taxon\u00f3micas y otras consultas t\u00e9cnicas. Precio a convenir de acuerdo con el cliente y la actividad a desarrollar. Por regla general se repercutir\u00e1n en el cliente las dietas devengadas por las salidas a muestrear, el tiempo necesario para la toma de muestras y el necesario para la elaboraci\u00f3n de resultados, a raz\u00f3n de 35\u20ac\/hora. Los precios podr\u00edan conllevar un ajuste en funci\u00f3n del volumen y repetitividad del an\u00e1lisis requerido.<\/p>\n<p>3- Cursos, talleres y otras actividades formativas: Precio a convenir de acuerdo con el cliente y la actividad a desarrollar. No se prev\u00e9 una reducci\u00f3n de las tarifas para los miembros de la Comunidad universitaria puesto que los servicios que esta pudiera necesitar del herbario, en su labor normal diaria, son gratuitos. Los precios incluyen los impuestos correspondientes.<\/p>\n<p>Estas tarifas tendr\u00e1n una vigencia anual y ser\u00e1n revisadas en diciembre de cada a\u00f1o.<\/p>\n<p><strong>Proyectos\u00a0<\/strong><\/p>\n<p><strong>Somos Agua II:<\/strong> \u00a0Investigaci\u00f3n aplicada al desarrollo y diversificaci\u00f3n de la bioeconom\u00eda asociada a saberes tradicionales y otros recursos end\u00f3genos de la Reserva de la Biosfera de Valles de Oma\u00f1a y Luna (RBOyL).<\/p>\n<p><strong>\u00a0Financiaci\u00f3n: <\/strong>Fundaci\u00f3n Biodiversidad.<br \/>\nMinisterio para la Transici\u00f3n Ecol\u00f3gica y el Reto Demogr\u00e1fico.<\/p>\n<p><strong>Periodo<\/strong><br \/>\nmayo 2023 &#8211; diciembre 2025<\/p>\n<p><strong>M\u00e1s informaci\u00f3n sobre el proyecto en la web externa del Herbario LEB:<\/strong><br \/>\n&#8211; <a href=\"https:\/\/herbarioleb.unileon.es\/proyectos\/\">https:\/\/herbarioleb.unileon.es\/proyectos\/Reserva de la Biosfera Valles de Oma\u00f1a y Luna: Somos Agua II<\/a><\/p>\n<p>&nbsp;<\/p>\n<div class=\"notranslate\" style=\"all: initial;\"><\/div>\n","protected":false},"excerpt":{"rendered":"<p>En el Herbario \u201cJaime Andr\u00e9s Rodr\u00edguez\u201d &#8211; LEB &#8211; se realizan todas las actividades relacionadas con la preparaci\u00f3n, montaje, conservaci\u00f3n, mantenimiento, determinaci\u00f3n e informatizaci\u00f3n de las colecciones bot\u00e1nicas en \u00e9l depositadas. Se gestiona, adem\u00e1s, todo lo relativo a la din\u00e1mica &hellip; <a href=\"https:\/\/servicios.unileon.es\/herbario\/servicios\/\">Sigue leyendo <span class=\"meta-nav\">&rarr;<\/span><\/a><\/p>\n","protected":false},"author":1,"featured_media":0,"parent":0,"menu_order":0,"comment_status":"closed","ping_status":"open","template":"","meta":{"footnotes":""},"class_list":["post-13","page","type-page","status-publish","hentry"],"_links":{"self":[{"href":"https:\/\/servicios.unileon.es\/herbario\/wp-json\/wp\/v2\/pages\/13","targetHints":{"allow":["GET"]}}],"collection":[{"href":"https:\/\/servicios.unileon.es\/herbario\/wp-json\/wp\/v2\/pages"}],"about":[{"href":"https:\/\/servicios.unileon.es\/herbario\/wp-json\/wp\/v2\/types\/page"}],"author":[{"embeddable":true,"href":"https:\/\/servicios.unileon.es\/herbario\/wp-json\/wp\/v2\/users\/1"}],"replies":[{"embeddable":true,"href":"https:\/\/servicios.unileon.es\/herbario\/wp-json\/wp\/v2\/comments?post=13"}],"version-history":[{"count":8,"href":"https:\/\/servicios.unileon.es\/herbario\/wp-json\/wp\/v2\/pages\/13\/revisions"}],"predecessor-version":[{"id":80,"href":"https:\/\/servicios.unileon.es\/herbario\/wp-json\/wp\/v2\/pages\/13\/revisions\/80"}],"wp:attachment":[{"href":"https:\/\/servicios.unileon.es\/herbario\/wp-json\/wp\/v2\/media?parent=13"}],"curies":[{"name":"wp","href":"https:\/\/api.w.org\/{rel}","templated":true}]}}