{"id":11,"date":"2010-11-11T13:43:28","date_gmt":"2010-11-11T13:43:28","guid":{"rendered":"http:\/\/servicios.unileon.es\/herbario\/"},"modified":"2025-07-22T07:50:56","modified_gmt":"2025-07-22T07:50:56","slug":"instalaciones-y-equipamiento","status":"publish","type":"page","link":"https:\/\/servicios.unileon.es\/herbario\/instalaciones-y-equipamiento\/","title":{"rendered":"Instalaciones y Equipamiento"},"content":{"rendered":"<p>Las instalaciones de este servicio se encuentran ubicadas en la <strong>planta baja de la Facultad de Ciencias Biol\u00f3gicas y Ambientales<\/strong> de la Universidad de Le\u00f3n.<\/p>\n<p>A la oficina de recepci\u00f3n del herbario se accede a trav\u00e9s de la puerta 30.<\/p>\n<p>Salas principales:<\/p>\n<ul>\n<li>Sala de recepci\u00f3n<\/li>\n<li>Sala de prensa y secado de materiales<\/li>\n<li>Sala de archivo e informatizaci\u00f3n<\/li>\n<li>Sala de determinaci\u00f3n y montaje<\/li>\n<li>Sala principal de colecciones con sistema de aclimataci\u00f3n (6.5\u00baC de temperatura media y humedad relativa controlada del 45%)<\/li>\n<li>Sala \u00abBrasil\u00bb de colecciones con sistema de refrigeraci\u00f3n (16\u00baC de temperatura media )<\/li>\n<\/ul>\n<p>&nbsp;<\/p>\n","protected":false},"excerpt":{"rendered":"<p>Las instalaciones de este servicio se encuentran ubicadas en la planta baja de la Facultad de Ciencias Biol\u00f3gicas y Ambientales de la Universidad de Le\u00f3n. A la oficina de recepci\u00f3n del herbario se accede a trav\u00e9s de la puerta 30. &hellip; <a href=\"https:\/\/servicios.unileon.es\/herbario\/instalaciones-y-equipamiento\/\">Sigue leyendo <span class=\"meta-nav\">&rarr;<\/span><\/a><\/p>\n","protected":false},"author":1,"featured_media":0,"parent":0,"menu_order":0,"comment_status":"closed","ping_status":"open","template":"","meta":{"footnotes":""},"class_list":["post-11","page","type-page","status-publish","hentry"],"_links":{"self":[{"href":"https:\/\/servicios.unileon.es\/herbario\/wp-json\/wp\/v2\/pages\/11","targetHints":{"allow":["GET"]}}],"collection":[{"href":"https:\/\/servicios.unileon.es\/herbario\/wp-json\/wp\/v2\/pages"}],"about":[{"href":"https:\/\/servicios.unileon.es\/herbario\/wp-json\/wp\/v2\/types\/page"}],"author":[{"embeddable":true,"href":"https:\/\/servicios.unileon.es\/herbario\/wp-json\/wp\/v2\/users\/1"}],"replies":[{"embeddable":true,"href":"https:\/\/servicios.unileon.es\/herbario\/wp-json\/wp\/v2\/comments?post=11"}],"version-history":[{"count":6,"href":"https:\/\/servicios.unileon.es\/herbario\/wp-json\/wp\/v2\/pages\/11\/revisions"}],"predecessor-version":[{"id":65,"href":"https:\/\/servicios.unileon.es\/herbario\/wp-json\/wp\/v2\/pages\/11\/revisions\/65"}],"wp:attachment":[{"href":"https:\/\/servicios.unileon.es\/herbario\/wp-json\/wp\/v2\/media?parent=11"}],"curies":[{"name":"wp","href":"https:\/\/api.w.org\/{rel}","templated":true}]}}