{"id":94,"date":"2014-03-03T09:55:51","date_gmt":"2014-03-03T09:55:51","guid":{"rendered":"http:\/\/servicios.unileon.es\/gestion-de-residuos\/?page_id=94"},"modified":"2014-03-03T09:55:51","modified_gmt":"2014-03-03T09:55:51","slug":"envases","status":"publish","type":"page","link":"https:\/\/servicios.unileon.es\/gestion-de-residuos\/envases\/","title":{"rendered":"Envases"},"content":{"rendered":"<p>Los envases destinados a contener los residuos, est\u00e1n fabricados principalmente de materiales termopl\u00e1sticos. Los productos utilizados m\u00e1s corrientemente son: el polietileno, el cloruro de polivinilo (PVC) y el polipropileno, en forma de pol\u00edmeros puros o copol\u00edmeros con otras resinas. A estos productos se les adiciona: plastificantes, estabilizantes, antioxidantes, colorantes o reforzadores todo ello para mejorar las propiedades f\u00edsico-qu\u00edmicas.<\/p>\n<p>En el siguiente cuadro se incluyen los envases m\u00e1s adecuados seg\u00fan la naturaleza y caracter\u00edsticas del residuo:<\/p>\n<table class=\"extendida\">\n<tbody>\n<tr>\n<th>RESIDUOS QU\u00cdMICOS L\u00cdQUIDOS<br \/>(\u00e1cidos, bases, disolventes, etc)<\/th>\n<td>Envases de polietileno de alta densidad y alto peso molecular.<\/td>\n<\/tr>\n<tr>\n<th>RESIDUOS QU\u00cdMICOS S\u00d3LIDOS<\/th>\n<td>Bidones de apertura total de polietileno de alta densidad y alto peso molecular. Tapa de polietileno de alta densidad. Cierre de acero galvanizado. En todos los casos se incluir\u00e1 material adsorbente apropiado.<\/td>\n<\/tr>\n<tr>\n<th>RESIDUOS BIOSANITARIOS<br \/>(cortantes y punzantes)<\/th>\n<td>Contenedores de polipropileno r\u00edgido. Resistentes a choques, perforaciones y disolventes.<\/td>\n<\/tr>\n<\/tbody>\n<\/table>\n<p>En la elecci\u00f3n del tipo de envase se tendr\u00e1 en cuenta el volumen de residuos producido y el espacio disponible para almacenarlos temporalmente en el laboratorio o centro.<\/p>\n<p>Debe tenerse en cuenta la posible incompatibilidad entre el envase y el residuo (por ejemplo, el bromoformo o el sulfuro de carbono con los envases de polietileno de alta densidad).<\/p>\n<p>En la utilizaci\u00f3n de envases de polietileno, es preciso tener en cuenta algunas recomendaciones, las m\u00e1s importantes de las cuales se resumen en la siguiente tabla:<\/p>\n<table class=\"extendida\">\n<thead>\n<tr>\n<td colspan=\"2\">Recomendaciones referentes al uso de envases de polietileno para el almacenamiento de residuos<\/td>\n<\/tr>\n<\/thead>\n<tbody>\n<tr>\n<td>Bromoformo<br \/>Cloroformo<br \/>Sulfuro de Carbono<\/td>\n<td>No utilizar.<\/td>\n<\/tr>\n<tr>\n<td>\u00c1cido But\u00edrico<br \/>\u00c1cido Benz\u00f3ico<br \/>Bromo<br \/>Bromobenceno<br \/>Diclorobencenos<\/td>\n<td>No utilizar en per\u00edodos de almacenaje superior a un mes.<\/td>\n<\/tr>\n<tr>\n<td>Cloruro de amilo<br \/>\u00c9teres<br \/>Haluros de \u00e1cido<br \/>Nitrobenceno<br \/>Percloroetileno<br \/>Tricloroetano<br \/>Tricloroetileno<\/td>\n<td>No utilizar con el producto a temperaturas superiores a 40\u00ba C.<\/td>\n<\/tr>\n<\/tbody>\n<\/table>\n<p>Para ciertos disolventes org\u00e1nicos, como cloroformo, bromoformo, dietil\u00e9ter, etc, consultar la Ficha de Datos de Seguridad, recomend\u00e1ndose reutilizar los envases originales que los han contenido.<\/p>\n<div class=\"messages status\">\n<p>Todos los envases deben tener el marcado CEE para estar homologados.<\/p>\n<p>En los laboratorios s\u00f3lo permanecer\u00e1n abiertos el tiempo imprescindible para a\u00f1adir el residuo correspondiente.<\/p>\n<p>Reutilizar siempre que sea posible los envases originales de los productos para depositar los residuos de los mismos, siempre que tengan propiedades semejantes siguiendo la clasificaci\u00f3n especificada.<\/p>\n<\/div>\n","protected":false},"excerpt":{"rendered":"<p>Los envases destinados a contener los residuos, est\u00e1n fabricados principalmente de materiales termopl\u00e1sticos. Los productos utilizados m\u00e1s corrientemente son: el polietileno, el cloruro de polivinilo (PVC) y el polipropileno, en forma de pol\u00edmeros puros o copol\u00edmeros con otras resinas. A &hellip; <a href=\"https:\/\/servicios.unileon.es\/gestion-de-residuos\/envases\/\">Sigue leyendo <span class=\"meta-nav\">&rarr;<\/span><\/a><\/p>\n","protected":false},"author":1,"featured_media":0,"parent":0,"menu_order":0,"comment_status":"closed","ping_status":"closed","template":"","meta":{"footnotes":""},"class_list":["post-94","page","type-page","status-publish","hentry"],"_links":{"self":[{"href":"https:\/\/servicios.unileon.es\/gestion-de-residuos\/wp-json\/wp\/v2\/pages\/94","targetHints":{"allow":["GET"]}}],"collection":[{"href":"https:\/\/servicios.unileon.es\/gestion-de-residuos\/wp-json\/wp\/v2\/pages"}],"about":[{"href":"https:\/\/servicios.unileon.es\/gestion-de-residuos\/wp-json\/wp\/v2\/types\/page"}],"author":[{"embeddable":true,"href":"https:\/\/servicios.unileon.es\/gestion-de-residuos\/wp-json\/wp\/v2\/users\/1"}],"replies":[{"embeddable":true,"href":"https:\/\/servicios.unileon.es\/gestion-de-residuos\/wp-json\/wp\/v2\/comments?post=94"}],"version-history":[{"count":1,"href":"https:\/\/servicios.unileon.es\/gestion-de-residuos\/wp-json\/wp\/v2\/pages\/94\/revisions"}],"predecessor-version":[{"id":95,"href":"https:\/\/servicios.unileon.es\/gestion-de-residuos\/wp-json\/wp\/v2\/pages\/94\/revisions\/95"}],"wp:attachment":[{"href":"https:\/\/servicios.unileon.es\/gestion-de-residuos\/wp-json\/wp\/v2\/media?parent=94"}],"curies":[{"name":"wp","href":"https:\/\/api.w.org\/{rel}","templated":true}]}}