{"id":91,"date":"2014-03-03T09:11:09","date_gmt":"2014-03-03T09:11:09","guid":{"rendered":"http:\/\/servicios.unileon.es\/gestion-de-residuos\/?page_id=91"},"modified":"2014-03-03T09:11:09","modified_gmt":"2014-03-03T09:11:09","slug":"gestion-de-residuos-2","status":"publish","type":"page","link":"https:\/\/servicios.unileon.es\/gestion-de-residuos\/gestion-de-residuos-2\/","title":{"rendered":"Gesti\u00f3n de residuos"},"content":{"rendered":"<p>Se entiende por gesti\u00f3n, el conjunto de actividades encaminadas a dar a los residuos el destino final m\u00e1s adecuado.<\/p>\n<ul>\n<li>Gesti\u00f3n Interna: operaciones de manipulaci\u00f3n, clasificaci\u00f3n, envasado, etiquetado, recogida, traslado y almacenamiento dentro del centro de trabajo.<\/li>\n<li>Gesti\u00f3n Externa: operaciones de recogida, transporte, tratamiento y eliminaci\u00f3n de los residuos una vez que han sido retirados del centro generador de los mismos.<\/li>\n<\/ul>\n<p>Son obligaciones de los productores de residuos peligrosos:<\/p>\n<ol class=\"letras\">\n<li>Separar adecuadamente y no mezclar los residuos peligrosos, evitando particularmente aquellas mezclas que supongan un aumento de su peligrosidad o que dificulten su gesti\u00f3n.<\/li>\n<li>Envasar y etiquetar los recipientes que contengan residuos peligrosos en la forma que reglamentariamente se determine.<\/li>\n<li>Llevar un registro de los residuos peligrosos producidos o importados y destino de los mismos.<\/li>\n<li>Suministrar a las empresas autorizadas para llevar a cabo la gesti\u00f3n de residuos la informaci\u00f3n necesaria para su adecuado tratamiento y eliminaci\u00f3n.<\/li>\n<\/ol>\n<p>Los poseedores de residuos estar\u00e1n obligados, siempre que no procedan a gestionarlos por s\u00ed mismos, a entregarlos a un gestor de residuos para su valorizaci\u00f3n o eliminaci\u00f3n, o a participar en un acuerdo voluntario o convenio de colaboraci\u00f3n que comprenda estas operaciones. En todo caso, el poseedor de los residuos estar\u00e1 obligado, mientras se encuentren en su poder, a mantenerlos en condiciones adecuadas de higiene y seguridad.<\/p>\n<p><strong>Queda prohibido el abandono, vertido o eliminaci\u00f3n incontrolada de residuos en todo el territorio nacional y, toda mezcla o diluci\u00f3n de residuos que dificulte su gesti\u00f3n.<\/strong><\/p>\n<p>Lo primero a tener en cuenta para una correcta gesti\u00f3n de residuos es reducir la cantidad de residuos generados: MINIMIZACI\u00d3N DE LOS RESIDUOS. Llevar un riguroso control de todo lo que se adquiere, ya que a la larga se convertir\u00e1 en residuo.<\/p>\n<p><strong>Comprar seg\u00fan las necesidades, evitando el deterioro o caducidad de los productos o materiales, generando residuos innecesariamente as\u00ed como gastos econ\u00f3micos. Reutilizar o reciclar estos productos y materiales siempre que sea posible.<\/strong><\/p>\n<p>Emplear en los laboratorios las m\u00ednimas cantidades de reactivos necesarias, realizando pruebas con la menor cantidad posible si se desconoce la viabilidad de una reacci\u00f3n.<\/p>\n<p>Todo esto, adem\u00e1s de disminuir la cantidad de residuos generados, econ\u00f3micamente es rentable, ya que evita o disminuye el gasto que supone el desperdicio de reactivos o productos y material en un laboratorio.<\/p>\n","protected":false},"excerpt":{"rendered":"<p>Se entiende por gesti\u00f3n, el conjunto de actividades encaminadas a dar a los residuos el destino final m\u00e1s adecuado. Gesti\u00f3n Interna: operaciones de manipulaci\u00f3n, clasificaci\u00f3n, envasado, etiquetado, recogida, traslado y almacenamiento dentro del centro de trabajo. Gesti\u00f3n Externa: operaciones de &hellip; <a href=\"https:\/\/servicios.unileon.es\/gestion-de-residuos\/gestion-de-residuos-2\/\">Sigue leyendo <span class=\"meta-nav\">&rarr;<\/span><\/a><\/p>\n","protected":false},"author":1,"featured_media":0,"parent":0,"menu_order":0,"comment_status":"closed","ping_status":"closed","template":"","meta":{"footnotes":""},"class_list":["post-91","page","type-page","status-publish","hentry"],"_links":{"self":[{"href":"https:\/\/servicios.unileon.es\/gestion-de-residuos\/wp-json\/wp\/v2\/pages\/91","targetHints":{"allow":["GET"]}}],"collection":[{"href":"https:\/\/servicios.unileon.es\/gestion-de-residuos\/wp-json\/wp\/v2\/pages"}],"about":[{"href":"https:\/\/servicios.unileon.es\/gestion-de-residuos\/wp-json\/wp\/v2\/types\/page"}],"author":[{"embeddable":true,"href":"https:\/\/servicios.unileon.es\/gestion-de-residuos\/wp-json\/wp\/v2\/users\/1"}],"replies":[{"embeddable":true,"href":"https:\/\/servicios.unileon.es\/gestion-de-residuos\/wp-json\/wp\/v2\/comments?post=91"}],"version-history":[{"count":1,"href":"https:\/\/servicios.unileon.es\/gestion-de-residuos\/wp-json\/wp\/v2\/pages\/91\/revisions"}],"predecessor-version":[{"id":92,"href":"https:\/\/servicios.unileon.es\/gestion-de-residuos\/wp-json\/wp\/v2\/pages\/91\/revisions\/92"}],"wp:attachment":[{"href":"https:\/\/servicios.unileon.es\/gestion-de-residuos\/wp-json\/wp\/v2\/media?parent=91"}],"curies":[{"name":"wp","href":"https:\/\/api.w.org\/{rel}","templated":true}]}}