{"id":86,"date":"2014-03-03T09:05:42","date_gmt":"2014-03-03T09:05:42","guid":{"rendered":"http:\/\/servicios.unileon.es\/gestion-de-residuos\/?page_id=86"},"modified":"2022-11-19T21:46:26","modified_gmt":"2022-11-19T21:46:26","slug":"procedimiento-de-registro","status":"publish","type":"page","link":"https:\/\/servicios.unileon.es\/gestion-de-residuos\/procedimiento-de-registro\/","title":{"rendered":"Procedimiento de Registro"},"content":{"rendered":"<p>El procedimiento de gesti\u00f3n y registro de residuos peligros en la Universidad de Le\u00f3n es el que se detalla en este Manual y en su Procedimiento de desarrollo.<\/p>\n<p>Los residuos peligrosos, una vez envasados y etiquetados ser\u00e1n entregados a una empresa gestora por los responsables de Cada Campus (Le\u00f3n y Ponferrada) seg\u00fan se describe en el <a href=\"\/gestion-de-residuos\/wp-content\/blogs.dir\/34\/files\/2014\/03\/PGR-ULE01.pdf\">PGR-ULE01 Procedimiento de Gesti\u00f3n de Residuos peligrosos de la Universidad de Le\u00f3n<\/a>. Este procedimiento se mantendr\u00e1 actualizado modific\u00e1ndose en funci\u00f3n de las necesidades de la Universidad.<\/p>\n<p><strong>La Universidad de Le\u00f3n debe cumplir con la legislaci\u00f3n vigente en materia de residuos peligrosos, para ello se ha dotado de una herramienta que define el modelo de gesti\u00f3n implantado en la ULE, y que ha denominado \u201cManual de Gesti\u00f3n Residuos Peligrosos\u201d, as\u00ed como de un procedimiento de desarrollo \u201cPGR-ULE01 Procedimiento de Gesti\u00f3n de Residuos Peligrosos\u201d<\/strong>.<\/p>\n<h3>Archivos relacionados<\/h3>\n<p><a href=\"https:\/\/servicios.unileon.es\/gestion-de-residuos\/files\/2021\/03\/manual_gestion_residuos_peligrosos.pdf\">Manual de Gesti\u00f3n de Residuos Peligrosos<\/a><br \/>\n01\/08\/2012 | 536.57 KB<\/p>\n<p><a href=\"\/gestion-de-residuos\/wp-content\/blogs.dir\/34\/files\/2014\/03\/PGR-ULE01.pdf\">PGR-ULE01 Procedimiento de Gesti\u00f3n de Residuos Peligrosos<\/a><br \/>\n19\/10\/2013 | 53.24 KB<\/p>\n<p><a href=\"https:\/\/servicios.unileon.es\/gestion-de-residuos\/files\/2021\/03\/Solicitud_Retirada_Reposicion_Ponferrada_web.pdf\">\u00a0Solicitud recogida de residuos peligrosos y reposici\u00f3n de envases Ponferrada<\/a><\/p>\n<p><a href=\"https:\/\/servicios.unileon.es\/gestion-de-residuos\/files\/2021\/03\/Solicitud_Retirada_Reposicion_Leon_web.pdf\">\u00a0Solicitud recogida de residuos peligrosos y reposici\u00f3n de envases Le\u00f3n<\/a><\/p>\n<p>19\/10\/2019 | 127.50 KB<\/p>\n","protected":false},"excerpt":{"rendered":"<p>El procedimiento de gesti\u00f3n y registro de residuos peligros en la Universidad de Le\u00f3n es el que se detalla en este Manual y en su Procedimiento de desarrollo. Los residuos peligrosos, una vez envasados y etiquetados ser\u00e1n entregados a una &hellip; <a href=\"https:\/\/servicios.unileon.es\/gestion-de-residuos\/procedimiento-de-registro\/\">Sigue leyendo <span class=\"meta-nav\">&rarr;<\/span><\/a><\/p>\n","protected":false},"author":1,"featured_media":0,"parent":0,"menu_order":0,"comment_status":"closed","ping_status":"closed","template":"","meta":{"footnotes":""},"class_list":["post-86","page","type-page","status-publish","hentry"],"_links":{"self":[{"href":"https:\/\/servicios.unileon.es\/gestion-de-residuos\/wp-json\/wp\/v2\/pages\/86","targetHints":{"allow":["GET"]}}],"collection":[{"href":"https:\/\/servicios.unileon.es\/gestion-de-residuos\/wp-json\/wp\/v2\/pages"}],"about":[{"href":"https:\/\/servicios.unileon.es\/gestion-de-residuos\/wp-json\/wp\/v2\/types\/page"}],"author":[{"embeddable":true,"href":"https:\/\/servicios.unileon.es\/gestion-de-residuos\/wp-json\/wp\/v2\/users\/1"}],"replies":[{"embeddable":true,"href":"https:\/\/servicios.unileon.es\/gestion-de-residuos\/wp-json\/wp\/v2\/comments?post=86"}],"version-history":[{"count":5,"href":"https:\/\/servicios.unileon.es\/gestion-de-residuos\/wp-json\/wp\/v2\/pages\/86\/revisions"}],"predecessor-version":[{"id":410,"href":"https:\/\/servicios.unileon.es\/gestion-de-residuos\/wp-json\/wp\/v2\/pages\/86\/revisions\/410"}],"wp:attachment":[{"href":"https:\/\/servicios.unileon.es\/gestion-de-residuos\/wp-json\/wp\/v2\/media?parent=86"}],"curies":[{"name":"wp","href":"https:\/\/api.w.org\/{rel}","templated":true}]}}