{"id":77,"date":"2014-02-24T08:52:54","date_gmt":"2014-02-24T08:52:54","guid":{"rendered":"http:\/\/servicios.unileon.es\/gestion-de-residuos\/?page_id=77"},"modified":"2021-03-15T13:04:54","modified_gmt":"2021-03-15T13:04:54","slug":"procedimiento-de-gestion","status":"publish","type":"page","link":"https:\/\/servicios.unileon.es\/gestion-de-residuos\/procedimiento-de-gestion\/","title":{"rendered":"Procedimiento de gesti\u00f3n"},"content":{"rendered":"<h3>1. OBJETO<\/h3>\n<p>El objeto de este procedimiento es describir la gesti\u00f3n interna de los residuos peligrosos qu\u00edmicos y biosanitarios generados en los laboratorios o talleres de los Centros, Departamentos, Institutos y Servicios de Apoyo a la Investigaci\u00f3n de la Universidad de Le\u00f3n, consecuencia de su actividad docente o investigadora.<\/p>\n<p>De esta manera, al marcar las pautas de gesti\u00f3n a seguir desde que un residuo es generado hasta el momento de ser retirado por una empresa gestora.<\/p>\n<h3>2. PROCEDIMIENTO DE RECOGIDA<\/h3>\n<h4>2.1. FECHAS DE RECOGIDAS DE RESIDUOS PELIGROSOS<\/h4>\n<p>La Universidad de Le\u00f3n a trav\u00e9s de sus respectivos responsables en cada Campus: <strong>Jos\u00e9 \u00c1lvarez Rodr\u00edguez (Campus de Ponferrada) y Juan Jos\u00e9 Robles Polantinos (Campus de Le\u00f3n)<\/strong> acordar\u00e1 las recogidas con la empresa gestora en funci\u00f3n de las necesidades de la Universidad dependiendo de la cantidad de residuos generada y el tiempo m\u00e1ximo de almacenamiento temporal determinado por el producto almacenado.<\/p>\n<h4>2.2. SOLICITUD DE RECOGIDA, ENVASES Y ETIQUETAS<\/h4>\n<p>Cada Centro, Departamento, Instituto o Servicio, solicitar\u00e1 a los responsables de Cada Campus (a trav\u00e9s de la web) la retirada de sus residuos peligrosos, y pedir\u00e1 los envases y etiquetas que estime necesario con la previsi\u00f3n de tener envases y etiquetas disponibles.<\/p>\n<p>Para ello, completar\u00e1 el Anexo II por cada tipo de residuo. Igualmente solicitar\u00e1n los envases y etiquetas que pueda necesitar hasta la siguiente recogida (Solicitud de envases vac\u00edos y de etiquetas). Se podr\u00e1n solicitar envases o etiquetas sin necesidad de solicitar retirada de residuos. Al remitir la ficha (anexo II) por correo electr\u00f3nico, llegar\u00e1 a los responsables de Cada Campus encargados del abastecimiento.<\/p>\n<h4>2.3. ORGANIZACI\u00d3N DEL D\u00cdA DE RECOGIDA<\/h4>\n<p>La organizaci\u00f3n del d\u00eda de la recogida es funci\u00f3n de los responsables en cada Campus.<\/p>\n<p>La empresa gestora, una vez recibida la solicitud deber\u00e1 fijar el d\u00eda exacto de recogida (primera quincena de cada mes en el Campus de Ponferrada) que comunicar\u00e1 mediante correo electr\u00f3nico a los o responsables, como m\u00ednimo con diez d\u00edas de antelaci\u00f3n, la comunicaci\u00f3n incluir\u00e1 hora prevista de recogida.<\/p>\n<p><strong>Los centros, departamentos, institutos o servicios<\/strong> tendr\u00e1n sus residuos peligrosos en perfectas condiciones de envasado y etiquetado el d\u00eda de la recogida, tal y como figura en el Manual de Gesti\u00f3n.<\/p>\n<p>Los Responsables de la recogida y gesti\u00f3n interna de los Residuos en cada Campus se responsabilizar\u00e1n de atender al personal de la empresa gestora acorde al itinerario marcado y estar\u00e1 pendiente para que la empresa pueda continuar su itinerario si retrasos, y realizar\u00e1 las siguientes funciones:<\/p>\n<ul>\n<li>Les indicar\u00e1 los residuos a retirar,<\/li>\n<li>Recibir\u00e1 los envases vac\u00edos solicitados y las etiquetas,<\/li>\n<li>Firmar\u00e1 el albar\u00e1n y los documentos de control y seguimiento correspondientes a los residuos.<\/li>\n<li>Se quedar\u00e1 con una copia para su control y remitir\u00e1 los originales a la JCyL para la actualizaci\u00f3n anual del Registro de Peque\u00f1os Productores y justificaci\u00f3n ante una Inspecci\u00f3n.<\/li>\n<\/ul>\n<p>&nbsp;<\/p>\n<h3>3. CONTROL DE LA DOCUMENTACI\u00d3N<\/h3>\n<p>El control de la Documentaci\u00f3n es funci\u00f3n de los responsables en cada Campus en los que figurara copia de todos los documentos de control y seguimiento de cada centro, departamento, instituto o servicio recogido, factura e informe del d\u00eda de la recogida.<\/p>\n<p>El informe reflejar\u00e1 los lugares recogidos, envases y etiquetas suministrados en cada Departamento y cualquier incidencia de ese d\u00eda.<\/p>\n<p>En su gesti\u00f3n y control llevar\u00e1n el registro de toda la documentaci\u00f3n generada y mantendr\u00e1 actualizado el Libro de Registro de peque\u00f1os productores de la Junta de Castilla y Le\u00f3n.<\/p>\n<p>En caso de cualquier incidencia en el desarrollo de este procedimiento, tanto la empresa gestora (informe) como cualquiera de los responsables especificados en el organigrama de Funciones y Responsabilidades (Titulo 9 del Manual) se comunicar\u00e1 por correo electr\u00f3nico a los responsables en cada Campus:<\/p>\n<ul>\n<li>Juan Jos\u00e9 Robles Polantinos (<a href=\"mailto:residuos@unileon.es\">residuos@unileon.es<\/a>)<\/li>\n<li>Jos\u00e9 \u00c1lvarez Rodr\u00edguez (<a href=\"mailto:gerjro@unileon.es\">gerjro@unileon.es<\/a>)<\/li>\n<\/ul>\n<h3>4. PROCESO DE CONSULTA<\/h3>\n<p>Cualquiera de los responsables especificados en el organigrama de Funciones y Responsabilidades\u00a0de los centros, departamentos, institutos o servicios, en funci\u00f3n del contenido de la consulta o de qui\u00e9n deba resolver, se dirigir\u00e1n a:<\/p>\n<p><strong>Jos\u00e9 \u00c1lvarez Rodr\u00edguez<\/strong><\/p>\n<p><a href=\"mailto:gerjro@unileon.es\">gerjro@unileon.es<\/a><br \/>\n987447060 &#8211; 679560894<br \/>\nServicio Gesti\u00f3n de Residuos<br \/>\nUNIVERSIDAD DE LE\u00d3N &#8211; CAMPUS DE PONFERRADA<br \/>\nAvda Astorga, s\/n<br \/>\n24400 Ponferrada Le\u00f3n<\/p>\n<p>&nbsp;<\/p>\n<p><strong>Juan Jos\u00e9 Robles Polantinos<\/strong><\/p>\n<p><a href=\"mailto:residuos@unileon.es\">residuos@unileon.es<\/a><br \/>\n987293011 &#8211; 669565702<br \/>\nServicio Gestion de Residuos<br \/>\nCRAI EXPERIMENTAL &#8211; FACULTAD DE VETERINARIA<br \/>\n24271 Campus de Vegazana Le\u00f3n<\/p>\n","protected":false},"excerpt":{"rendered":"<p>1. OBJETO El objeto de este procedimiento es describir la gesti\u00f3n interna de los residuos peligrosos qu\u00edmicos y biosanitarios generados en los laboratorios o talleres de los Centros, Departamentos, Institutos y Servicios de Apoyo a la Investigaci\u00f3n de la Universidad &hellip; <a href=\"https:\/\/servicios.unileon.es\/gestion-de-residuos\/procedimiento-de-gestion\/\">Sigue leyendo <span class=\"meta-nav\">&rarr;<\/span><\/a><\/p>\n","protected":false},"author":1,"featured_media":0,"parent":0,"menu_order":0,"comment_status":"closed","ping_status":"closed","template":"","meta":{"footnotes":""},"class_list":["post-77","page","type-page","status-publish","hentry"],"_links":{"self":[{"href":"https:\/\/servicios.unileon.es\/gestion-de-residuos\/wp-json\/wp\/v2\/pages\/77","targetHints":{"allow":["GET"]}}],"collection":[{"href":"https:\/\/servicios.unileon.es\/gestion-de-residuos\/wp-json\/wp\/v2\/pages"}],"about":[{"href":"https:\/\/servicios.unileon.es\/gestion-de-residuos\/wp-json\/wp\/v2\/types\/page"}],"author":[{"embeddable":true,"href":"https:\/\/servicios.unileon.es\/gestion-de-residuos\/wp-json\/wp\/v2\/users\/1"}],"replies":[{"embeddable":true,"href":"https:\/\/servicios.unileon.es\/gestion-de-residuos\/wp-json\/wp\/v2\/comments?post=77"}],"version-history":[{"count":5,"href":"https:\/\/servicios.unileon.es\/gestion-de-residuos\/wp-json\/wp\/v2\/pages\/77\/revisions"}],"predecessor-version":[{"id":337,"href":"https:\/\/servicios.unileon.es\/gestion-de-residuos\/wp-json\/wp\/v2\/pages\/77\/revisions\/337"}],"wp:attachment":[{"href":"https:\/\/servicios.unileon.es\/gestion-de-residuos\/wp-json\/wp\/v2\/media?parent=77"}],"curies":[{"name":"wp","href":"https:\/\/api.w.org\/{rel}","templated":true}]}}