{"id":74,"date":"2014-02-24T08:37:20","date_gmt":"2014-02-24T08:37:20","guid":{"rendered":"http:\/\/servicios.unileon.es\/gestion-de-residuos\/?page_id=74"},"modified":"2021-03-15T12:50:56","modified_gmt":"2021-03-15T12:50:56","slug":"clasificacion-de-los-residuos-en-la-universidad","status":"publish","type":"page","link":"https:\/\/servicios.unileon.es\/gestion-de-residuos\/clasificacion-de-los-residuos-en-la-universidad\/","title":{"rendered":"Clasificaci\u00f3n de los residuos en la Universidad"},"content":{"rendered":"<p>Los residuos generados en la Universidad pueden separarse en cuatro grandes grupos:<\/p>\n<ul>\n<li>Asimilables a urbanos<\/li>\n<li>Biol\u00f3gicos\/Sanitarios<\/li>\n<li>Qu\u00edmicos<\/li>\n<li>Radiactivos<\/li>\n<\/ul>\n<h3>4.1. Residuos asimilables a urbanos<\/h3>\n<p>No presentan riesgos para la salud ni el medio ambiente. En este grupo se incluyen residuos de cocinas, cafeter\u00edas y comedores, residuos generados por actividades administrativas, residuos voluminosos, muebles, escombros, residuos inertes. Gestionados por ayuntamientos con m\u00e1s de 5000 habitantes.<\/p>\n<p>Recogida selectiva para favorecer la separaci\u00f3n de residuos: vidrio, papel-cart\u00f3n, pilas, metales para chatarra, etc.<\/p>\n<p>Residuos inertes: aquellos residuos no peligrosos que no experimentan transformaciones f\u00edsicas, qu\u00edmicas o biol\u00f3gicas significativas. Los residuos inertes no son solubles ni combustibles, ni reaccionan f\u00edsica ni qu\u00edmicamente ni de ninguna otra manera, ni son biodegradables, ni afectan negativamente a otras materias con las cuales entran en contacto de forma que puedan dar lugar a contaminaci\u00f3n del medio ambiente o perjudicar a la salud humana. La lixiavilidad total, el contenido de contaminantes de los residuos y la ecotoxicidad del lixiviado deber\u00e1n ser insignificantes, y en particular no deber\u00e1n suponer un riesgo para la calidad de las aguas superficiales y\/o subterr\u00e1neas.<\/p>\n<h3>4.2. Residuos biol\u00f3gicos \/ sanitarios<\/h3>\n<p>Seg\u00fan el Decreto de la Comunidad Aut\u00f3noma de Castilla y Le\u00f3n 204\/1994, de 15 de septiembre, de Ordenaci\u00f3n de la Gesti\u00f3n de los Residuos Sanitarios, \u00e9stos se clasifican en:<\/p>\n<ul>\n<li>GRUPO I: Residuos asimilables a urbanos<\/li>\n<li>GRUPO II: Residuos sanitarios no espec\u00edficos<\/li>\n<li>GRUPO III: Residuos sanitarios especiales o biopeligrosos<\/li>\n<li>GRUPO IV: Residuos tipificados en normativas espec\u00edficas<\/li>\n<\/ul>\n<p>Los residuos biol\u00f3gicos asimilables a los sanitarios se incluyen en esta clasificaci\u00f3n.<\/p>\n<h4>4.2.1. Grupo I: Residuos asimilables a urbanos<\/h4>\n<p>Son aquellos que a\u00fan siendo generados en centros sanitarios o laboratorios, no son espec\u00edficos de esta actividad y, por lo tanto, no presentan exigencias especiales de gesti\u00f3n. Descritos en el apartado 4.1.<\/p>\n<h4>4.2.2. Grupo II: Residuos sanitarios no espec\u00edficos<\/h4>\n<p>Estos residuos, a\u00fan siendo generados como resultado de una actividad cl\u00ednica, por no haber estado en contacto con pacientes o con l\u00edquidos biol\u00f3gicos que provoquen enfermedades infecciosas incluidas en la Tabla I, no presentan ninguna peligrosidad.<\/p>\n<p>En este grupo se incluyen: gasas, vendajes, algodones, compresas con resto de sangre, secreciones, excreciones, yesos, ropas y residuos procedentes de an\u00e1lisis, curas o peque\u00f1as intervenciones quir\u00fargicas, y cualquier otra actividad an\u00e1loga y que no est\u00e9 incluida en el Grupo III.<\/p>\n<table class=\"extendida\">\n<thead>\n<tr>\n<td colspan=\"2\">Tabla I &#8211; Relaci\u00f3n de enfermedades infecciosas<\/td>\n<\/tr>\n<\/thead>\n<tbody>\n<tr>\n<td>C\u00f3lera<\/td>\n<td>Tularemia<\/td>\n<\/tr>\n<tr>\n<td>Fiebre Hemorr\u00e1gica por virus<\/td>\n<td>Tifus Abdominal<\/td>\n<\/tr>\n<tr>\n<td>Brucelosis<\/td>\n<td>Lepra<\/td>\n<\/tr>\n<tr>\n<td>Difteria<\/td>\n<td>\u00c1ntrax<\/td>\n<\/tr>\n<tr>\n<td>Meningitis<\/td>\n<td>Fiebre Parotifoidea A, B y C<\/td>\n<\/tr>\n<tr>\n<td>Encefalitis<\/td>\n<td>Peste<\/td>\n<\/tr>\n<tr>\n<td>Fiebre Q<\/td>\n<td>Poliomielitis<\/td>\n<\/tr>\n<tr>\n<td>Muermo<\/td>\n<td>Disenter\u00eda Bacteriana<\/td>\n<\/tr>\n<tr>\n<td>Tuberculosis Activa<\/td>\n<td>Rabia<\/td>\n<\/tr>\n<tr>\n<td>Hepatitis V\u00edrica<\/td>\n<td>SIDA<\/td>\n<\/tr>\n<\/tbody>\n<\/table>\n<h4>4.2.3. Grupo III: Residuos sanitarios especiales o biopeligrosos<\/h4>\n<p>Estos residuos exigen el cumplimiento de medidas de prevenci\u00f3n en la manipulaci\u00f3n, recogida, almacenamiento, transporte, tratamiento y eliminaci\u00f3n, por representar riesgos para los trabajadores, para la salud p\u00fablica o el medio ambiente.<\/p>\n<p>Estos residuos se clasifican a su vez en:<\/p>\n<ol class=\"letras\">\n<li>Infecciosos: capaces de transmitir alguna de las enfermedades infecciosas que figuran en la Tabla I.<\/li>\n<li>Residuos anat\u00f3micos, excluy\u00e9ndose los regulados por el Decreto 2263\/1974, de 20 de julio, Reglamento de Polic\u00eda Sanitaria Mortuoria.<\/li>\n<li>Sangre y hemoderivados en forma l\u00edquida.<\/li>\n<li>Agujas y material punzante y\/o cortante.<\/li>\n<li>Vacunas de virus vivos atenuados.<\/li>\n<\/ol>\n<h4>4.2.4. Grupo IV: Residuos tipificados en normativas espec\u00edficas<\/h4>\n<p>En su gesti\u00f3n, est\u00e1n sujetos a requerimientos especiales desde el punto de vista higi\u00e9nico y medioambiental, tanto dentro como fuera del centro generador.<\/p>\n<p>Para el caso espec\u00edfico de los cad\u00e1veres de animales de experimentaci\u00f3n, en la parte que nos afecte, se actuar\u00e1 acorde a la reciente normativa europea en esta materia, Reglamento (CE) 1774\/2002 del Parlamento Europeo y del consejo de 3 de octubre de 2002 por el que se establecen las normas sanitarias aplicables a los subproductos animales no destinados al consumo humano.<\/p>\n<h3>4.3. Residuos qu\u00edmicos<\/h3>\n<p>Los residuos qu\u00edmicos en los laboratorios son sustancias o preparados que casi siempre presentan determinadas caracter\u00edsticas de toxicidad y\/o peligrosidad. La identificaci\u00f3n y el almacenamiento incorrecto de estos residuos pueden constituir un riesgo adicional, a los ya propios de la actividad del laboratorio. La gesti\u00f3n de estos residuos qu\u00edmicos est\u00e1 reglamentada en la Directiva 91\/689\/CEE, en la Decisi\u00f3n 94\/904\/CE y en la ley 22\/2011 de residuos y suelos contaminados, del Reglamento regulador de vertidos residuales en el \u00e1rea de metropolitana de Barcelona y del Reglamento regulador de aguas residuales del Consorcio para la defensa del R\u00edo Bes\u00f3s. Alguno de ellos tiene su propia legislaci\u00f3n como es el caso de los cancer\u00edgenos.<\/p>\n<p>Seg\u00fan la ley 22\/2011 se consideran residuos peligrosos aquellos que figuran en la lista de residuos peligrosos, aprobada en la Decisi\u00f3n 94\/904\/CE, as\u00ed como los recipientes y envases que los hayan contenido, los que hayan sido calificados como peligrosos por la normativa comunitaria y los que puedan aprobar el Gobierno de conformidad con lo establecido en la normativa europea o en los convenios internacionales de los que Espa\u00f1a sea parte.<\/p>\n<p>Unas buenas condiciones de trabajo en el laboratorio deben contemplar un programa o <strong>\u201cPlan de Gesti\u00f3n de residuos\u201d<\/strong> que permita la adecuada protecci\u00f3n de la salud y del medio ambiente y que a su vez estar\u00e1 incluido en la organizaci\u00f3n general del laboratorio.<\/p>\n<p>Tambi\u00e9n, tanto por razones de seguridad como econ\u00f3micas, es necesario que se contemplen las posibilidades de minimizaci\u00f3n de residuos, procurando reutilizar o reciclar los productos cuando sea posible, as\u00ed como tambi\u00e9n optimizar la gesti\u00f3n de stocks para no generar residuos, revisando los productos caducados o en desuso (Creaci\u00f3n de Bolsa de Subproductos)<\/p>\n<p>Dentro de los <strong><u>residuos qu\u00edmicos <\/u><\/strong>se incluyen:<\/p>\n<h2>\u00b7\u00a0\u00a0\u00a0\u00a0\u00a0 Productos usados o generados en el laboratorio<\/h2>\n<ul>\n<li><strong>Reactivos caducados<\/strong><\/li>\n<li><strong>Reactivos no caducados, pero no \u00fatiles<\/strong><\/li>\n<li><strong>Patrones<\/strong><\/li>\n<li><strong>Disolventes<\/strong><\/li>\n<li><strong>Disoluciones<\/strong><\/li>\n<li><strong>L\u00edquidos<\/strong> <strong>de revelado<\/strong><strong>\u00a0<\/strong><\/li>\n<\/ul>\n<p>Habitualmente estos residuos se producen en<\/p>\n<ul>\n<li><strong>Laboratorio<\/strong> <strong>de hematolog\u00eda,<\/strong><\/li>\n<li><strong>Laboratorio de anatom\u00eda patol\u00f3gica,<\/strong><\/li>\n<li><strong>Laboratorio<\/strong> <strong>de inmunolog\u00eda,<\/strong><\/li>\n<li><strong>Laboratorio<\/strong> <strong>de gen\u00e9tica,<\/strong><\/li>\n<li><strong>Laboratorio<\/strong> <strong>de serolog\u00eda,<\/strong><\/li>\n<li><strong>Laboratorio<\/strong> <strong>de microbiolog\u00eda,<\/strong><\/li>\n<li><strong>Laboratorio<\/strong> <strong>de bioqu\u00edmica<\/strong><\/li>\n<li><strong>Laboratorio<\/strong> <strong>de urgencias,<\/strong><\/li>\n<li><strong>Rayos X<\/strong><\/li>\n<\/ul>\n<p>Todos \u00e9stos requieren una gesti\u00f3n diferenciada que est\u00e1 especificada seg\u00fan cada caso.<\/p>\n<p>Gestionar adecuadamente estos residuos no es solamente una necesidad con el objeto de mejorar las condiciones de trabajo, sino que constituye una pieza fundamental en la aplicaci\u00f3n de <u>criterios<\/u><u> de calidad <\/u>y de <u>gesti\u00f3n<\/u><u> ambienta<\/u>l en el laboratorio, siendo tambi\u00e9n una de las exigencias de aplicaci\u00f3n de las buenas pr\u00e1cticas de laboratorio (BPL).<\/p>\n<p>Debido a la problem\u00e1tica que estos residuos pueden presentar, se organizar\u00e1n reuniones de responsables de gesti\u00f3n y servicios y supervisores para explicarles in situ la propuesta y las pautas de trabajo a seguir. Estas deber\u00e1n ser aceptadas por los departamentos antes de poner en funcionamiento la gesti\u00f3n.<\/p>\n<p>Los productos qu\u00edmicos que puedan eliminarse a trav\u00e9s del desag\u00fce sin tratamiento previo se indicar\u00e1n en carteles, previa autorizaci\u00f3n de vertido solicitada al Ayuntamiento correspondiente.<\/p>\n<p><u>REGLAMENTO (CE) No 1272\/2008 DEL PARLAMENTO EUROPEO Y DEL CONSEJO (CLP)<\/u><\/p>\n<p>CLP es la nueva reglamentaci\u00f3n europea sobre la clasificaci\u00f3n, etiquetado y embalaje de las sustancias y mezclas qu\u00edmicas.<\/p>\n<p>Esta norma legal introduce al territorio de la Uni\u00f3n Europea el nuevo sistema de clasificaci\u00f3n y etiquetado de las sustancias qu\u00edmicas que se basa en el sistema universal armonizado de la ONU (ONU GHS).<\/p>\n<p>Las clases de peligro definen la naturaleza del peligro f\u00edsico, para la salud humana o para el medio ambiente que representan las sustancias o sus mezclas.<\/p>\n<p>&nbsp;<\/p>\n<p><a href=\"https:\/\/servicios.unileon.es\/gestion-de-residuos\/files\/2021\/03\/quimicos.jpg\"><img loading=\"lazy\" decoding=\"async\" class=\"alignnone size-full wp-image-334\" src=\"https:\/\/servicios.unileon.es\/gestion-de-residuos\/files\/2021\/03\/quimicos.jpg\" alt=\"\" width=\"637\" height=\"455\" \/><\/a><\/p>\n<p><strong><em>NTP 878: Regulaci\u00f3n UE sobre productos qu\u00edmicos (II). Reglamento CLP: aspectos b\u00e1sicos<\/em><\/strong><\/p>\n<p>Los residuos qu\u00edmicos exigen el cumplimiento de especiales medidas de prevenci\u00f3n por representar riesgos para la salud o el medio ambiente. Por este motivo se debe tener una atenci\u00f3n especial a la hora de manipularlos, identificarlos y envasarlos una vez que sean empleados para su posterior eliminaci\u00f3n, pues si esta identificaci\u00f3n es incorrecta, puede constituir un riesgo adicional a los ya propios de la actividad del laboratorio.<\/p>\n<p>Se clasifican en los siguientes grupos atendiendo a las propiedades qu\u00edmicas y f\u00edsicas:<\/p>\n<ul>\n<li>Grupo I: Disolventes halogenados o clorados<\/li>\n<li>Grupo II: Disolventes no halogenados o no clorados<\/li>\n<li>Grupo III: Disoluciones acuosas<\/li>\n<li>Grupo IV: \u00c1cidos<\/li>\n<li>Grupo V: Aceites<\/li>\n<li>Grupo VI: S\u00f3lidos<\/li>\n<li>Grupo VII: Especiales<\/li>\n<\/ul>\n<h4>Grupo I: Disolventes halogenados o clorados<\/h4>\n<p>Se entiende por tales, los productos l\u00edquidos org\u00e1nicos que contienen m\u00e1s del 2% de alg\u00fan hal\u00f3geno y con un contenido en cloro superior al 1% . Ejemplos: diclorometano, cloroformo, tetracloruro de carbono, tetracloroetilo, bromoformo. Se trata de productos con caracter\u00edsticas toxicol\u00f3gicas diversas, y efectos espec\u00edficos sobre la salud. Se incluyen en este grupo tambi\u00e9n las mezclas de disolventes halogenados y no halogenados, siempre que el contenido en hal\u00f3genos de la mezcla sea superior al 2%.<\/p>\n<h4>Grupo II: Disolventes no halogenados o no clorados<\/h4>\n<p>Se clasifican aqu\u00ed los l\u00edquidos org\u00e1nicos que contengan menos de un 2% en hal\u00f3genos o con un contenido en cloro inferior al 1%. \u00a0. Estos productos son inflamables y t\u00f3xicos, y entre ellos, se pueden citar:<\/p>\n<ul>\n<li>Alcoholes: metanol, etanol, isopropanol<\/li>\n<li>Aldeh\u00eddos: formaldeh\u00eddo, acetaldeh\u00eddo<\/li>\n<li>Amidas: dimetilformamida<\/li>\n<li>Aminas: dimetilamina, anilina, piridina<\/li>\n<li>Cetonas: acetona, ciclohexanona<\/li>\n<li>Esteres: acetato de etilo, formiato de etilo<\/li>\n<li>Glicoles: etilenglicol, monoetilenglicol<\/li>\n<li>Hidrocarburos alif\u00e1ticos: pentano, hexano, ciclohexano<\/li>\n<li>Hidrocarburos arom\u00e1ticos: tolueno, o-xileno<\/li>\n<\/ul>\n<p>Evitar mezclas de disolventes que sean inmiscibles, ya que la aparici\u00f3n de fases diferentes dificulta el tratamiento posterior y, por supuesto, los que reaccionen entre s\u00ed.<\/p>\n<h4>Grupo III: Disoluciones acuosas<\/h4>\n<p>Este grupo corresponde a las soluciones acuosas de productos org\u00e1nicos e inorg\u00e1nicos. Se trata de un grupo muy amplio, y por eso, es necesario establecer divisiones y subdivisiones, tal como se indica a continuaci\u00f3n. Estas subdivisiones son necesarias, ya sea para evitar reacciones de incompatibilidad, ya sea por requerimiento de su tratamiento posterior:<\/p>\n<ol class=\"letras\">\n<li>Soluciones acuosas inorg\u00e1nicas:\n<ul>\n<li>Soluciones acuosas b\u00e1sicas: hidr\u00f3xido s\u00f3dico, hidr\u00f3xido pot\u00e1sico.<\/li>\n<li>Soluciones acuosas \u00e1cidas de metales pesados: n\u00edquel, plata, cadmio, selenio, fijadores.<\/li>\n<li>Soluciones acuosas \u00e1cidas sin metales pesados (menos del 10% en volumen de \u00e1cido).<\/li>\n<li>Soluciones acuosas de cromo (VI).<\/li>\n<li>Otras soluciones acuosas inorg\u00e1nicas: reveladores, sulfatos, fosfatos, cloruros.<\/li>\n<\/ul>\n<\/li>\n<li>Soluciones acuosas org\u00e1nicas o de alta DQO:\n<ul>\n<li>Soluciones acuosas de colorantes: naranja de metilo, fenolftale\u00edna.<\/li>\n<li>Soluciones de fijadores org\u00e1nicos: formol, fenol, glutaraldeh\u00eddo.<\/li>\n<li>Mezclas agua\/disolvente: eluyentes de cromatograf\u00eda, metanol\/agua.<\/li>\n<\/ul>\n<\/li>\n<\/ol>\n<h4>Grupo IV: \u00c1cidos<\/h4>\n<p>Corresponden a este grupo los \u00e1cidos inorg\u00e1nicos y sus soluciones acuosas concentradas (m\u00e1s del 10% en volumen). Debe tenerse en cuenta que su mezcla, en funci\u00f3n de la composici\u00f3n y la concentraci\u00f3n, puede producir alguna reacci\u00f3n qu\u00edmica peligrosa con desprendimiento de gases t\u00f3xicos e incremento de temperatura. Para evitar este riesgo, antes de hacer mezclas de \u00e1cidos concentrados en un mismo envase, debe realizarse una prueba con peque\u00f1as cantidades y, si no se observa reacci\u00f3n alguna, llevar a cabo la mezcla. En caso contrario, los \u00e1cidos se recoger\u00e1n por separado.<\/p>\n<h4>Grupo V: Aceites<\/h4>\n<p>Este grupo corresponde a los aceites minerales derivados de operaciones de mantenimiento y, en su caso, de ba\u00f1os calefactores.<\/p>\n<h4>Grupo VI: S\u00f3lidos<\/h4>\n<p>Se clasifican en este grupo los productos qu\u00edmicos en estado s\u00f3lido de naturaleza org\u00e1nica e inorg\u00e1nica. No pertenecen a este grupo los reactivos puros obsoletos en estado s\u00f3lido (grupo VII). Se establecen los siguientes subgrupos de clasificaci\u00f3n dentro del grupo de s\u00f3lidos:<\/p>\n<ul>\n<li>S\u00f3lidos org\u00e1nicos: productos qu\u00edmicos de naturaleza org\u00e1nica o contaminados con productos qu\u00edmicos org\u00e1nicos, como por ejemplo, carb\u00f3n activo o gel de s\u00edlice impregnados con disolventes org\u00e1nicos.<\/li>\n<li>S\u00f3lidos inorg\u00e1nicos: productos qu\u00edmicos de naturaleza inorg\u00e1nica. Por ejemplo, sales de metales pesados.<\/li>\n<li>Material desechable contaminado: a este grupo pertenece el material contaminado con productos qu\u00edmicos. Se pueden establecer subgrupos de clasificaci\u00f3n, por la naturaleza del material y la naturaleza del contaminante, teniendo en cuenta los requisitos marcados por el gestor autorizado: vidrio, guantes, papel de filtro, trapos, etc.*El vidrio roto contaminado con productos qu\u00edmicos (pipetas, probetas, vasos y otro material de laboratorio en general), presenta riesgos vinculados a los riesgos intr\u00ednsecos de los productos qu\u00edmicos que lo contaminan y, adem\u00e1s, el riesgo de da\u00f1os por v\u00eda parenteral, debidos a cortes o pinchazos. Este vidrio no debe ser depositado en un contenedor de vidrio convencional, entre otros motivos, porque no debe someterse al proceso de compactaci\u00f3n habitual, sino que debe depositarse en el contenedor espec\u00edfico adecuado.<\/li>\n<\/ul>\n<p>No mezclar nunca entre s\u00ed.<\/p>\n<h4>Grupo VII: Especiales<\/h4>\n<p>A este grupo pertenecen los productos qu\u00edmicos, s\u00f3lidos o l\u00edquidos, que, por su elevada peligrosidad, no deben ser incluidos en ninguno de los otros grupos, as\u00ed como los reactivos puros obsoletos o caducados. Estos productos no deben mezclarse entre s\u00ed ni con residuos de los otros grupos. Ejemplos:<\/p>\n<ul>\n<li>Oxidantes fuertes &#8211; comburentes (per\u00f3xidos).<\/li>\n<li>Compuestos pirof\u00f3ricos (magnesio met\u00e1lico en polvo).<\/li>\n<li>Compuestos muy reactivos [\u00e1cidos fumantes, cloruros de \u00e1cido (cloruro de acetilo), metales alcalinos (sodio, potasio), hidruros (borohidruro s\u00f3dico, hidruro de litio), compuestos con hal\u00f3genos activos (bromuro de benzilo), compuestos polimerizables (isocianatos, ep\u00f3xidos), compuestos peroxidables (\u00e9teres), restos de reacci\u00f3n desconocidos].<\/li>\n<li>Compuestos muy t\u00f3xicos (benceno, tetra\u00f3xido de osmio, mezcla cr\u00f3mica, cianuros, sulfuros, mercurio, amianto, etc.).<\/li>\n<li>Compuestos no identificados o no etiquetados.<\/li>\n<\/ul>\n<p>En general, los residuos qu\u00edmicos peligrosos, se separar\u00e1n atendiendo a las propiedades f\u00edsicas y qu\u00edmicas:<\/p>\n<ul>\n<li>L\u00edquidos\n<ul>\n<li>Org\u00e1nicos\n<ul>\n<li>Halogenados<\/li>\n<li>No Halogenados<\/li>\n<li>Aguas con alta DQO<\/li>\n<li>Aceites<\/li>\n<\/ul>\n<\/li>\n<li>Inorg\u00e1nicos\n<ul>\n<li>\u00c1cidos<\/li>\n<li>B\u00e1sicos<\/li>\n<li>Sales&#8230;<\/li>\n<\/ul>\n<\/li>\n<\/ul>\n<\/li>\n<li>S\u00f3lidos\n<ul>\n<li>Org\u00e1nicos\n<ul>\n<li>Halogenados<\/li>\n<li>No Halogenados<\/li>\n<\/ul>\n<\/li>\n<li>Inorg\u00e1nicos\n<ul>\n<li>Metales<\/li>\n<li>Sulfatos<\/li>\n<li>Carbonatos&#8230;<\/li>\n<\/ul>\n<\/li>\n<\/ul>\n<\/li>\n<\/ul>\n<p>Se deber\u00e1 evitar mezclas que dificulten la gesti\u00f3n, como formaci\u00f3n de varias fases, y a\u00fan perteneciendo a un mismo grupo, se separar\u00e1n en distintos envases las sustancias que puedan reaccionar entre ellas.<\/p>\n<p>Separar los per\u00f3xidos de los combustibles, inflamables, comburentes y corrosivos.<\/p>\n<h3>4.4. Residuos radiactivos<\/h3>\n<p>Se deber\u00e1n acondicionar y se\u00f1alizar convenientemente cumpliendo con los requisitos establecidos en el Real Decreto 783\/2001, de 6 de julio, por el que se aprueba el Reglamento sobre protecci\u00f3n sanitaria contra radiaciones ionizantes, hasta su posterior entrega al gestor autorizado: Empresa Nacional de Residuos Radiactivos, S.A. (ENRESA).<\/p>\n<p><a href=\"http:\/\/servicios.unileon.es\/lti-ir\/ir\/\">http:\/\/servicios.unileon.es\/lti-ir\/ir\/<\/a><\/p>\n","protected":false},"excerpt":{"rendered":"<p>Los residuos generados en la Universidad pueden separarse en cuatro grandes grupos: Asimilables a urbanos Biol\u00f3gicos\/Sanitarios Qu\u00edmicos Radiactivos 4.1. Residuos asimilables a urbanos No presentan riesgos para la salud ni el medio ambiente. En este grupo se incluyen residuos de &hellip; <a href=\"https:\/\/servicios.unileon.es\/gestion-de-residuos\/clasificacion-de-los-residuos-en-la-universidad\/\">Sigue leyendo <span class=\"meta-nav\">&rarr;<\/span><\/a><\/p>\n","protected":false},"author":1,"featured_media":0,"parent":0,"menu_order":0,"comment_status":"closed","ping_status":"closed","template":"","meta":{"footnotes":""},"class_list":["post-74","page","type-page","status-publish","hentry"],"_links":{"self":[{"href":"https:\/\/servicios.unileon.es\/gestion-de-residuos\/wp-json\/wp\/v2\/pages\/74","targetHints":{"allow":["GET"]}}],"collection":[{"href":"https:\/\/servicios.unileon.es\/gestion-de-residuos\/wp-json\/wp\/v2\/pages"}],"about":[{"href":"https:\/\/servicios.unileon.es\/gestion-de-residuos\/wp-json\/wp\/v2\/types\/page"}],"author":[{"embeddable":true,"href":"https:\/\/servicios.unileon.es\/gestion-de-residuos\/wp-json\/wp\/v2\/users\/1"}],"replies":[{"embeddable":true,"href":"https:\/\/servicios.unileon.es\/gestion-de-residuos\/wp-json\/wp\/v2\/comments?post=74"}],"version-history":[{"count":5,"href":"https:\/\/servicios.unileon.es\/gestion-de-residuos\/wp-json\/wp\/v2\/pages\/74\/revisions"}],"predecessor-version":[{"id":336,"href":"https:\/\/servicios.unileon.es\/gestion-de-residuos\/wp-json\/wp\/v2\/pages\/74\/revisions\/336"}],"wp:attachment":[{"href":"https:\/\/servicios.unileon.es\/gestion-de-residuos\/wp-json\/wp\/v2\/media?parent=74"}],"curies":[{"name":"wp","href":"https:\/\/api.w.org\/{rel}","templated":true}]}}