{"id":72,"date":"2014-02-24T08:04:46","date_gmt":"2014-02-24T08:04:46","guid":{"rendered":"http:\/\/servicios.unileon.es\/gestion-de-residuos\/?page_id=72"},"modified":"2014-02-25T12:55:15","modified_gmt":"2014-02-25T12:55:15","slug":"definiciones","status":"publish","type":"page","link":"https:\/\/servicios.unileon.es\/gestion-de-residuos\/definiciones\/","title":{"rendered":"Definiciones"},"content":{"rendered":"<dl>\n<dt>Residuo (Ley 10\/1998):<\/dt>\n<dd>cualquier sustancia u objeto perteneciente a alguna de las categor\u00edas que figuran en el anejo de esta Ley, del cual su poseedor se desprenda o del que tenga la intenci\u00f3n u obligaci\u00f3n de desprenderse. En todo caso, tendr\u00e1n esta consideraci\u00f3n los que figuren en el Cat\u00e1logo Europeo de Residuos (CER), aprobado por las Instituciones Comunitarias.<\/dd>\n<dt>Residuos peligrosos:<\/dt>\n<dd>aquellos que figuren en la lista de residuos peligrosos, aprobada en el Real Decreto 952\/1997, as\u00ed como los recipientes y envases que los hayan contenido. Los que hayan sido calificados como peligrosos por la normativa comunitaria y los que pueda aprobar el Gobierno de conformidad con lo establecido en la normativa europea o en convenios internacionales de los que Espa\u00f1a sea parte.<\/dd>\n<dt>Productor:<\/dt>\n<dd>cualquier persona f\u00edsica o jur\u00eddica cuya actividad, excluida la derivada del consumo dom\u00e9stico, produzca residuos o que efect\u00fae operaciones de tratamiento previo, de mezcla, o de otro tipo que ocasionen un cambio de naturaleza o de composici\u00f3n de esos residuos. En los distintos Centros, Departamentos y Servicios de la Universidad de Le\u00f3n, tendr\u00e1 la consideraci\u00f3n de productor, aquellas personas f\u00edsicas que sean responsables de las actividades en que se generen y, en particular, el profesorado responsable de laboratorios de pr\u00e1cticas y los investigadores responsables de los grupos de investigaci\u00f3n.<\/dd>\n<dt>Poseedor:<\/dt>\n<dd>el productor de los residuos o la persona f\u00edsica o jur\u00eddica que los tenga en su poder y que no tenga la condici\u00f3n de gestor de residuos.<\/dd>\n<dt>Gestor:<\/dt>\n<dd>la persona o entidad, p\u00fablica o privada, que realice cualquiera de las operaciones que componen la gesti\u00f3n de los residuos, sea o no el productor de los mismos.<\/dd>\n<\/dl>\n","protected":false},"excerpt":{"rendered":"<p>Residuo (Ley 10\/1998): cualquier sustancia u objeto perteneciente a alguna de las categor\u00edas que figuran en el anejo de esta Ley, del cual su poseedor se desprenda o del que tenga la intenci\u00f3n u obligaci\u00f3n de desprenderse. En todo caso, &hellip; <a href=\"https:\/\/servicios.unileon.es\/gestion-de-residuos\/definiciones\/\">Sigue leyendo <span class=\"meta-nav\">&rarr;<\/span><\/a><\/p>\n","protected":false},"author":1,"featured_media":0,"parent":0,"menu_order":0,"comment_status":"closed","ping_status":"closed","template":"","meta":{"footnotes":""},"class_list":["post-72","page","type-page","status-publish","hentry"],"_links":{"self":[{"href":"https:\/\/servicios.unileon.es\/gestion-de-residuos\/wp-json\/wp\/v2\/pages\/72","targetHints":{"allow":["GET"]}}],"collection":[{"href":"https:\/\/servicios.unileon.es\/gestion-de-residuos\/wp-json\/wp\/v2\/pages"}],"about":[{"href":"https:\/\/servicios.unileon.es\/gestion-de-residuos\/wp-json\/wp\/v2\/types\/page"}],"author":[{"embeddable":true,"href":"https:\/\/servicios.unileon.es\/gestion-de-residuos\/wp-json\/wp\/v2\/users\/1"}],"replies":[{"embeddable":true,"href":"https:\/\/servicios.unileon.es\/gestion-de-residuos\/wp-json\/wp\/v2\/comments?post=72"}],"version-history":[{"count":1,"href":"https:\/\/servicios.unileon.es\/gestion-de-residuos\/wp-json\/wp\/v2\/pages\/72\/revisions"}],"predecessor-version":[{"id":73,"href":"https:\/\/servicios.unileon.es\/gestion-de-residuos\/wp-json\/wp\/v2\/pages\/72\/revisions\/73"}],"wp:attachment":[{"href":"https:\/\/servicios.unileon.es\/gestion-de-residuos\/wp-json\/wp\/v2\/media?parent=72"}],"curies":[{"name":"wp","href":"https:\/\/api.w.org\/{rel}","templated":true}]}}