{"id":43,"date":"2013-01-10T10:52:59","date_gmt":"2013-01-10T10:52:59","guid":{"rendered":"http:\/\/servicios.unileon.es\/gestion-de-residuos\/?page_id=43"},"modified":"2021-03-23T10:02:55","modified_gmt":"2021-03-23T10:02:55","slug":"campus-de-ponferrada","status":"publish","type":"page","link":"https:\/\/servicios.unileon.es\/gestion-de-residuos\/campus-de-ponferrada\/","title":{"rendered":"Campus de Ponferrada"},"content":{"rendered":"<p><img decoding=\"async\" title=\"Campus de Ponferrada\" src=\"http:\/\/servicios.unileon.es\/gestion-de-residuos\/wp-content\/blogs.dir\/34\/files\/2012\/12\/ponfe.jpg\" alt=\"Campus de Ponferrada\" \/><\/p>\n<h3>Contacto<\/h3>\n<p>T\u00e9cnico Especialista de Laboratorio<\/p>\n<h4><strong>Jos\u00e9 \u00c1lvarez Rodr\u00edguez<\/strong><\/h4>\n<p><strong>Correo electr\u00f3nico:<\/strong> <a href=\"mailto:gerjro@unileon.es\">gerjro@unileon.es<\/a><\/p>\n<p><strong>Tel\u00e9fonos:<\/strong> 987447060 &#8211; 679560894<\/p>\n<p><strong>Direcci\u00f3n postal:<\/strong><br \/>\nServicio Gesti\u00f3n de Residuos y Registro de Alcoholes<br \/>\nUniversidad de Le\u00f3n &#8211; Campus de Ponferrada<br \/>\nAvda. Astorga, s\/n &#8211; 24400 Ponferrada<\/p>\n<h3>Residuos Inscritos<\/h3>\n<ul>\n<li>\u00a0RESIDUOS BIOSANITARIOS GRUPO III<\/li>\n<li>\u00a0RESIDUOS CITOT\u00d3XICOS GRUPO IV<\/li>\n<li>\u00a0MEDICAMENTOS CADUCADOS<\/li>\n<li>\u00a0DISOLVENTES NO HALOGENADOS<\/li>\n<li>\u00a0DISOLUCIONES ACIDAS<\/li>\n<li>\u00a0DISOLVENTE HALOGENADO<\/li>\n<li>\u00a0LIQUIDO REVELADOR<\/li>\n<li>\u00a0LIQUIDO FIJADOR<\/li>\n<li>\u00a0BATER\u00cdAS DE PLOMO<\/li>\n<li>\u00a0PILAS (Contenedor en Conserjer\u00eda)<\/li>\n<li>\u00a0TONER IMPRESORAS (Conserjer\u00eda y Biblioteca)<\/li>\n<li>\u00a0ACEITE USADO<\/li>\n<li>\u00a0ENVASES VAC\u00cdOS CONTAMINADOS<\/li>\n<li>\u00a0DISOLUCIONES B\u00c1SICAS<\/li>\n<li>\u00a0REACTIVOS DE LABORATORIO<\/li>\n<li>\u00a0SOLUCIONES ACUOSAS<\/li>\n<\/ul>\n<p>Puedes ver el <a href=\"\/gestion-de-residuos\/camino-de-los-residuos-ponferrada\/\">en este enlace, el Camino que realizan los residuos<\/a> hacia su Almac\u00e9n en el Campus de Ponferrada.<\/p>\n","protected":false},"excerpt":{"rendered":"<p>Contacto T\u00e9cnico Especialista de Laboratorio Jos\u00e9 \u00c1lvarez Rodr\u00edguez Correo electr\u00f3nico: gerjro@unileon.es Tel\u00e9fonos: 987447060 &#8211; 679560894 Direcci\u00f3n postal: Servicio Gesti\u00f3n de Residuos y Registro de Alcoholes Universidad de Le\u00f3n &#8211; Campus de Ponferrada Avda. Astorga, s\/n &#8211; 24400 Ponferrada Residuos Inscritos &hellip; <a href=\"https:\/\/servicios.unileon.es\/gestion-de-residuos\/campus-de-ponferrada\/\">Sigue leyendo <span class=\"meta-nav\">&rarr;<\/span><\/a><\/p>\n","protected":false},"author":1,"featured_media":0,"parent":0,"menu_order":0,"comment_status":"closed","ping_status":"closed","template":"","meta":{"footnotes":""},"class_list":["post-43","page","type-page","status-publish","hentry"],"_links":{"self":[{"href":"https:\/\/servicios.unileon.es\/gestion-de-residuos\/wp-json\/wp\/v2\/pages\/43","targetHints":{"allow":["GET"]}}],"collection":[{"href":"https:\/\/servicios.unileon.es\/gestion-de-residuos\/wp-json\/wp\/v2\/pages"}],"about":[{"href":"https:\/\/servicios.unileon.es\/gestion-de-residuos\/wp-json\/wp\/v2\/types\/page"}],"author":[{"embeddable":true,"href":"https:\/\/servicios.unileon.es\/gestion-de-residuos\/wp-json\/wp\/v2\/users\/1"}],"replies":[{"embeddable":true,"href":"https:\/\/servicios.unileon.es\/gestion-de-residuos\/wp-json\/wp\/v2\/comments?post=43"}],"version-history":[{"count":12,"href":"https:\/\/servicios.unileon.es\/gestion-de-residuos\/wp-json\/wp\/v2\/pages\/43\/revisions"}],"predecessor-version":[{"id":386,"href":"https:\/\/servicios.unileon.es\/gestion-de-residuos\/wp-json\/wp\/v2\/pages\/43\/revisions\/386"}],"wp:attachment":[{"href":"https:\/\/servicios.unileon.es\/gestion-de-residuos\/wp-json\/wp\/v2\/media?parent=43"}],"curies":[{"name":"wp","href":"https:\/\/api.w.org\/{rel}","templated":true}]}}