{"id":266,"date":"2014-03-25T13:00:26","date_gmt":"2014-03-25T13:00:26","guid":{"rendered":"http:\/\/servicios.unileon.es\/gestion-de-residuos\/?page_id=266"},"modified":"2025-07-04T10:06:23","modified_gmt":"2025-07-04T10:06:23","slug":"solicitud-reposicion-ponferrada","status":"publish","type":"page","link":"https:\/\/servicios.unileon.es\/gestion-de-residuos\/solicitud-reposicion-ponferrada\/","title":{"rendered":"Formulario Web para la solicitud de Retirada de residuos y reposici\u00f3n de envases &#8211; Ponferrada"},"content":{"rendered":"<h3><strong>Descarga el formulario, cumplim\u00e9ntalo y env\u00edalo a:gerjro@unileon.es<\/strong><\/h3>\n<p><a href=\"https:\/\/servicios.unileon.es\/gestion-de-residuos\/files\/2025\/07\/Solicitud_Retirada_Reposicion_Ponferrada_web.pdf\">Solicitud_Retirada_Reposicion_Ponferrada_web<\/a><\/p>\n","protected":false},"excerpt":{"rendered":"<p>Descarga el formulario, cumplim\u00e9ntalo y env\u00edalo a:gerjro@unileon.es Solicitud_Retirada_Reposicion_Ponferrada_web<\/p>\n","protected":false},"author":1,"featured_media":0,"parent":0,"menu_order":0,"comment_status":"closed","ping_status":"closed","template":"","meta":{"footnotes":""},"class_list":["post-266","page","type-page","status-publish","hentry"],"_links":{"self":[{"href":"https:\/\/servicios.unileon.es\/gestion-de-residuos\/wp-json\/wp\/v2\/pages\/266","targetHints":{"allow":["GET"]}}],"collection":[{"href":"https:\/\/servicios.unileon.es\/gestion-de-residuos\/wp-json\/wp\/v2\/pages"}],"about":[{"href":"https:\/\/servicios.unileon.es\/gestion-de-residuos\/wp-json\/wp\/v2\/types\/page"}],"author":[{"embeddable":true,"href":"https:\/\/servicios.unileon.es\/gestion-de-residuos\/wp-json\/wp\/v2\/users\/1"}],"replies":[{"embeddable":true,"href":"https:\/\/servicios.unileon.es\/gestion-de-residuos\/wp-json\/wp\/v2\/comments?post=266"}],"version-history":[{"count":12,"href":"https:\/\/servicios.unileon.es\/gestion-de-residuos\/wp-json\/wp\/v2\/pages\/266\/revisions"}],"predecessor-version":[{"id":439,"href":"https:\/\/servicios.unileon.es\/gestion-de-residuos\/wp-json\/wp\/v2\/pages\/266\/revisions\/439"}],"wp:attachment":[{"href":"https:\/\/servicios.unileon.es\/gestion-de-residuos\/wp-json\/wp\/v2\/media?parent=266"}],"curies":[{"name":"wp","href":"https:\/\/api.w.org\/{rel}","templated":true}]}}