{"id":264,"date":"2014-03-25T12:59:47","date_gmt":"2014-03-25T12:59:47","guid":{"rendered":"http:\/\/servicios.unileon.es\/gestion-de-residuos\/?page_id=264"},"modified":"2025-07-04T10:12:42","modified_gmt":"2025-07-04T10:12:42","slug":"solicitud-reposicion-leon","status":"publish","type":"page","link":"https:\/\/servicios.unileon.es\/gestion-de-residuos\/solicitud-reposicion-leon\/","title":{"rendered":"Formulario Web para la solicitud de Retirada de residuos y reposici\u00f3n de envases &#8211; Le\u00f3n"},"content":{"rendered":"<h3><strong>Descarga el formulario, cumplim\u00e9ntalo y env\u00edalo a:residuos@unileon.es<\/strong><\/h3>\n<p><a href=\"https:\/\/servicios.unileon.es\/gestion-de-residuos\/files\/2025\/07\/Solicitud_Retirada_Reposicion_Ponferrada_web.pdf\">Solicitud_Retirada_Reposicion_Leon_web<\/a><\/p>\n","protected":false},"excerpt":{"rendered":"<p>Descarga el formulario, cumplim\u00e9ntalo y env\u00edalo a:residuos@unileon.es Solicitud_Retirada_Reposicion_Leon_web<\/p>\n","protected":false},"author":1,"featured_media":0,"parent":0,"menu_order":0,"comment_status":"closed","ping_status":"closed","template":"","meta":{"footnotes":""},"class_list":["post-264","page","type-page","status-publish","hentry"],"_links":{"self":[{"href":"https:\/\/servicios.unileon.es\/gestion-de-residuos\/wp-json\/wp\/v2\/pages\/264","targetHints":{"allow":["GET"]}}],"collection":[{"href":"https:\/\/servicios.unileon.es\/gestion-de-residuos\/wp-json\/wp\/v2\/pages"}],"about":[{"href":"https:\/\/servicios.unileon.es\/gestion-de-residuos\/wp-json\/wp\/v2\/types\/page"}],"author":[{"embeddable":true,"href":"https:\/\/servicios.unileon.es\/gestion-de-residuos\/wp-json\/wp\/v2\/users\/1"}],"replies":[{"embeddable":true,"href":"https:\/\/servicios.unileon.es\/gestion-de-residuos\/wp-json\/wp\/v2\/comments?post=264"}],"version-history":[{"count":10,"href":"https:\/\/servicios.unileon.es\/gestion-de-residuos\/wp-json\/wp\/v2\/pages\/264\/revisions"}],"predecessor-version":[{"id":444,"href":"https:\/\/servicios.unileon.es\/gestion-de-residuos\/wp-json\/wp\/v2\/pages\/264\/revisions\/444"}],"wp:attachment":[{"href":"https:\/\/servicios.unileon.es\/gestion-de-residuos\/wp-json\/wp\/v2\/media?parent=264"}],"curies":[{"name":"wp","href":"https:\/\/api.w.org\/{rel}","templated":true}]}}