{"id":230,"date":"2014-03-11T11:58:05","date_gmt":"2014-03-11T11:58:05","guid":{"rendered":"http:\/\/servicios.unileon.es\/gestion-de-residuos\/?page_id=230"},"modified":"2025-06-16T12:35:37","modified_gmt":"2025-06-16T12:35:37","slug":"guia-laboratorios","status":"publish","type":"page","link":"https:\/\/servicios.unileon.es\/gestion-de-residuos\/guia-laboratorios\/","title":{"rendered":"Gu\u00eda Laboratorios y Complejo Universitario"},"content":{"rendered":"<h2>Gu\u00eda de Seguridad y Buenas Practicas en el Laboratorio<\/h2>\n<p><a style=\"background-image: none;\" href=\"https:\/\/servicios.unileon.es\/unidad-prevencion-riesgos-laborales\/files\/2025\/06\/manual_seguridad_bpl.pdf\"><img loading=\"lazy\" decoding=\"async\" class=\"floatleft noborder\" src=\"\/gestion-de-residuos\/wp-content\/blogs.dir\/34\/files\/2014\/03\/guia.jpg\" width=\"139\" height=\"202\" \/><\/a><\/p>\n<p>&nbsp;<\/p>\n<p>&nbsp;<\/p>\n<p>&nbsp;<\/p>\n<p>&nbsp;<\/p>\n<p>&nbsp;<\/p>\n<p><a href=\"\/gestion-de-residuos\/wp-content\/blogs.dir\/34\/files\/2014\/03\/sga_clasificacion_etiquetado_productos_quimicos.pdf\">Referencia del nuevo etiquetado (SGA) de productos qu\u00edmicos<\/a> a partir del 1 de Junio el 2015 y su equivalencia con los antiguos, deber\u00eda imprimirse y situarse en todos los armarios de reactivos hasta la total desaparici\u00f3n de los reactivos con etiquetado antiguo.<\/p>\n<h2>Plan de gesti\u00f3n de residuos sanitarios complejo asistencial Universitario de Le\u00f3n<\/h2>\n<p><a href=\"https:\/\/servicios.unileon.es\/gestion-de-residuos\/files\/2021\/03\/ComplejoUniversitario.jpg\"><img loading=\"lazy\" decoding=\"async\" class=\"alignnone  wp-image-343\" src=\"https:\/\/servicios.unileon.es\/gestion-de-residuos\/files\/2021\/03\/ComplejoUniversitario.jpg\" alt=\"\" width=\"140\" height=\"197\" \/><\/a><\/p>\n<p>El SACYL crea un manual de gesti\u00f3n de residuos para los edificios : Princesa Sofia, Virgen Blanca, Para el centro Especial \u00abHermanos Larrueca\u00bb, Hospitales: Santa Isabel y Monte san Isidro (Ultima actualizaci\u00f3n 11-07-2018)<\/p>\n<p>La Facultad de Ciencias de la Salud de la Universidad de Le\u00f3n (con sus centros de Enfermer\u00eda en Le\u00f3n y Ponferrada y Fisioterapia en Ponferrada) tiene alumnos en practicas en los diferentes centros sanitarios y es importante que conozcan este plan de gesti\u00f3n especifico para esos centros sanitarios en los que realizan sus practicas.<\/p>\n<p>&#8211;<a href=\"https:\/\/servicios.unileon.es\/gestion-de-residuos\/files\/2021\/03\/ManualGestionResiduosJCYLHospttalUniversitario_ed_3_rev.-2018.07.11.pdf\">Residuos Sanitarios Complejo Asistencial Universitario de Le\u00f3n<\/a>.<\/p>\n","protected":false},"excerpt":{"rendered":"<p>Gu\u00eda de Seguridad y Buenas Practicas en el Laboratorio &nbsp; &nbsp; &nbsp; &nbsp; &nbsp; Referencia del nuevo etiquetado (SGA) de productos qu\u00edmicos a partir del 1 de Junio el 2015 y su equivalencia con los antiguos, deber\u00eda imprimirse y situarse &hellip; <a href=\"https:\/\/servicios.unileon.es\/gestion-de-residuos\/guia-laboratorios\/\">Sigue leyendo <span class=\"meta-nav\">&rarr;<\/span><\/a><\/p>\n","protected":false},"author":1,"featured_media":0,"parent":0,"menu_order":0,"comment_status":"closed","ping_status":"closed","template":"","meta":{"footnotes":""},"class_list":["post-230","page","type-page","status-publish","hentry"],"_links":{"self":[{"href":"https:\/\/servicios.unileon.es\/gestion-de-residuos\/wp-json\/wp\/v2\/pages\/230","targetHints":{"allow":["GET"]}}],"collection":[{"href":"https:\/\/servicios.unileon.es\/gestion-de-residuos\/wp-json\/wp\/v2\/pages"}],"about":[{"href":"https:\/\/servicios.unileon.es\/gestion-de-residuos\/wp-json\/wp\/v2\/types\/page"}],"author":[{"embeddable":true,"href":"https:\/\/servicios.unileon.es\/gestion-de-residuos\/wp-json\/wp\/v2\/users\/1"}],"replies":[{"embeddable":true,"href":"https:\/\/servicios.unileon.es\/gestion-de-residuos\/wp-json\/wp\/v2\/comments?post=230"}],"version-history":[{"count":15,"href":"https:\/\/servicios.unileon.es\/gestion-de-residuos\/wp-json\/wp\/v2\/pages\/230\/revisions"}],"predecessor-version":[{"id":430,"href":"https:\/\/servicios.unileon.es\/gestion-de-residuos\/wp-json\/wp\/v2\/pages\/230\/revisions\/430"}],"wp:attachment":[{"href":"https:\/\/servicios.unileon.es\/gestion-de-residuos\/wp-json\/wp\/v2\/media?parent=230"}],"curies":[{"name":"wp","href":"https:\/\/api.w.org\/{rel}","templated":true}]}}