{"id":217,"date":"2014-03-11T11:12:30","date_gmt":"2014-03-11T11:12:30","guid":{"rendered":"http:\/\/servicios.unileon.es\/gestion-de-residuos\/?page_id=217"},"modified":"2021-03-09T13:11:17","modified_gmt":"2021-03-09T13:11:17","slug":"enlaces","status":"publish","type":"page","link":"https:\/\/servicios.unileon.es\/gestion-de-residuos\/enlaces\/","title":{"rendered":"Enlaces"},"content":{"rendered":"<h3>Medio Ambiente<\/h3>\n<ul>\n<li><a href=\"http:\/\/www.mma.es\/\">P\u00e1gina del Ministerio de Medio Ambiente con informaci\u00f3n muy \u00fatil, convocatorias.<\/a><\/li>\n<li><a href=\"http:\/\/www.epa.gov\/\">P\u00e1gina del organismo de protecci\u00f3n del medio ambiente norteamericano (EPA). Web muy extensa.<\/a><\/li>\n<\/ul>\n<h3>Calidad<\/h3>\n<ul>\n<li><a href=\"http:\/\/www.aec.es\/\">Asociaci\u00f3n Espa\u00f1ola de la Calidad.<\/a><\/li>\n<\/ul>\n<h3>Buscadores Qu\u00edmicos<\/h3>\n<ul>\n<li><a href=\"http:\/\/www.chemexper.com\/\">Buscador de productos, para tener datos fisicoquimicos, de seguridad.<\/a><\/li>\n<li><a href=\"http:\/\/www.scirus.com\/\">Buscador muy potente de art\u00edculos cient\u00edficos de las revistas m\u00e1s importantes.<\/a><\/li>\n<\/ul>\n","protected":false},"excerpt":{"rendered":"<p>Medio Ambiente P\u00e1gina del Ministerio de Medio Ambiente con informaci\u00f3n muy \u00fatil, convocatorias. P\u00e1gina del organismo de protecci\u00f3n del medio ambiente norteamericano (EPA). Web muy extensa. Calidad Asociaci\u00f3n Espa\u00f1ola de la Calidad. Buscadores Qu\u00edmicos Buscador de productos, para tener datos &hellip; <a href=\"https:\/\/servicios.unileon.es\/gestion-de-residuos\/enlaces\/\">Sigue leyendo <span class=\"meta-nav\">&rarr;<\/span><\/a><\/p>\n","protected":false},"author":1,"featured_media":0,"parent":0,"menu_order":0,"comment_status":"closed","ping_status":"closed","template":"","meta":{"footnotes":""},"class_list":["post-217","page","type-page","status-publish","hentry"],"_links":{"self":[{"href":"https:\/\/servicios.unileon.es\/gestion-de-residuos\/wp-json\/wp\/v2\/pages\/217","targetHints":{"allow":["GET"]}}],"collection":[{"href":"https:\/\/servicios.unileon.es\/gestion-de-residuos\/wp-json\/wp\/v2\/pages"}],"about":[{"href":"https:\/\/servicios.unileon.es\/gestion-de-residuos\/wp-json\/wp\/v2\/types\/page"}],"author":[{"embeddable":true,"href":"https:\/\/servicios.unileon.es\/gestion-de-residuos\/wp-json\/wp\/v2\/users\/1"}],"replies":[{"embeddable":true,"href":"https:\/\/servicios.unileon.es\/gestion-de-residuos\/wp-json\/wp\/v2\/comments?post=217"}],"version-history":[{"count":4,"href":"https:\/\/servicios.unileon.es\/gestion-de-residuos\/wp-json\/wp\/v2\/pages\/217\/revisions"}],"predecessor-version":[{"id":303,"href":"https:\/\/servicios.unileon.es\/gestion-de-residuos\/wp-json\/wp\/v2\/pages\/217\/revisions\/303"}],"wp:attachment":[{"href":"https:\/\/servicios.unileon.es\/gestion-de-residuos\/wp-json\/wp\/v2\/media?parent=217"}],"curies":[{"name":"wp","href":"https:\/\/api.w.org\/{rel}","templated":true}]}}