{"id":215,"date":"2014-03-11T11:06:33","date_gmt":"2014-03-11T11:06:33","guid":{"rendered":"http:\/\/servicios.unileon.es\/gestion-de-residuos\/?page_id=215"},"modified":"2014-03-11T11:06:33","modified_gmt":"2014-03-11T11:06:33","slug":"sistema-global-armonizado","status":"publish","type":"page","link":"https:\/\/servicios.unileon.es\/gestion-de-residuos\/sistema-global-armonizado\/","title":{"rendered":"Sistema Global Armonizado"},"content":{"rendered":"<h2>Pictogramas de productos qu\u00edmicos<\/h2>\n<h3>Clasificaci\u00f3n, etiquetado y envasado de sustancias y mezclas peligrosas<\/h3>\n<p>El Reglamento CLP entr\u00f3 en vigor el <strong>20 de enero de 2009 y sustituir\u00e1 gradualmente a la clasificaci\u00f3n y etiquetado<\/strong> seg\u00fan las Directivas sobre sustancias peligrosas (67\/548\/CEE) y sobre preparados peligrosos (1999\/45\/CE). <strong>Ambas Directivas quedar\u00e1n derogadas el 1 de junio de 2015<\/strong>.<\/p>\n<h4>\u00bfPor que cambiar?<\/h4>\n<p><img decoding=\"async\" src=\"\/gestion-de-residuos\/wp-content\/blogs.dir\/34\/files\/2014\/03\/pictogramas_productos_quimicos.jpg\" class=\"floatleft\" \/>Los productos qu\u00edmicos, en todas sus etapas: producci\u00f3n, manipulaci\u00f3n, transporte y uso, son un peligro real para la salud humana y el medio ambiente. Dado la diversidad de caracter\u00edsticas de sus usuarios: edades, idiomas &#8211; alfabetos, pertenecientes a diversas condiciones sociales, incluidos los analfabetos, y teniendo en cuenta la realidad del comercio mundial de productos qu\u00edmicos, surge la necesidad de desarrollar programas para garantizar la seguridad de su uso, transporte y eliminaci\u00f3n, con un enfoque intencionalmente armonizado de clasificaci\u00f3n y etiquetado.<\/p>\n<p>El nuevo sistema, \u00abSistema Globalmente Armonizado de Clasificaci\u00f3n y Etiquetado de Productos Qu\u00edmicos (GHS)\u00bb, se refiere a la clasificaci\u00f3n de los productos qu\u00edmicos por tipos de riesgo y se proponen elementos armonizados de comunicaci\u00f3n de peligros, incluyendo etiquetas y fichas de datos de seguridad.<\/p>\n<p>Su objetivo es garantizar que la informaci\u00f3n sobre los peligros f\u00edsicos y la toxicidad de los productos qu\u00edmicos a disposici\u00f3n con el fin de mejorar la protecci\u00f3n de la salud humana y el medio ambiente durante el manejo, transporte y uso de estos productos qu\u00edmicos.<\/p>\n<p>El SGA  ha sido adoptado por muchos pa\u00edses de todo el mundo y ahora se utiliza tambi\u00e9n como base para la reglamentaci\u00f3n del transporte internacional y nacional de mercanc\u00edas peligrosas.<\/p>\n<ul>\n<li><a href=\"\/gestion-de-residuos\/wp-content\/blogs.dir\/34\/files\/2014\/03\/sga_libro_alerta_etiquetado_quimicos.pdf\">\u00bfCu\u00e1les son los principales cambios del nuevo reglamento?<\/a><\/li>\n<li><a href=\"\/gestion-de-residuos\/wp-content\/blogs.dir\/34\/files\/2014\/03\/SGA-2011-Rev4sp.pdf\">Sistema Globalmente Armonizado de Clasificaci\u00f3n y Etiquetado de Productos Qu\u00edmicos (SGA),cuarta edici\u00f3n Revisada 2011<\/a><\/li>\n<li><a href=\"\/gestion-de-residuos\/wp-content\/blogs.dir\/34\/files\/2014\/03\/sga_clasificacion_etiquetado_productos_quimicos.pdf\">Tabla de Sustituci\u00f3n de los s\u00edmbolos y etiquetado<\/a><\/li>\n<li><a href=\"http:\/\/www.napofilm.net\/es\/napos-films\/multimedia-film-episodes-listing-view?filmid=napo-012-danger-chemicals\">Las Pel\u00edculas de Napo Presenta: \u00a1Peligro Productos Qu\u00edmicos!<\/a><\/li>\n<\/ul>\n<p><img decoding=\"async\" src=\"\/gestion-de-residuos\/wp-content\/blogs.dir\/34\/files\/2014\/03\/sga-1etiquetas.jpg\" \/><\/p>\n<p><strong>Los peligros de los productos qu\u00edmicos se comunican a trav\u00e9s de indicaciones y pictogramas normalizados en las etiquetas y las fichas de datos de seguridad<\/strong>.<\/p>\n<p>Los <strong>nuevos pictogramas<\/strong> enmarcados en <strong>rojo<\/strong> sustituir\u00e1n gradualmente a los <strong>anteriores s\u00edmbolos<\/strong> de peligro en color <strong>naranja<\/strong>.<\/p>\n<p><img decoding=\"async\" src=\"\/gestion-de-residuos\/wp-content\/blogs.dir\/34\/files\/2014\/03\/sga-2etiquetas.jpg\" \/><\/p>\n<p><img decoding=\"async\" src=\"\/gestion-de-residuos\/wp-content\/blogs.dir\/34\/files\/2014\/03\/sga-3etiquetas.jpg\" \/><\/p>\n<p><img decoding=\"async\" src=\"\/gestion-de-residuos\/wp-content\/blogs.dir\/34\/files\/2014\/03\/sga-4etiquetas.jpg\" \/><\/p>\n<p><strong>Fechas clave:<\/strong><\/p>\n<ul>\n<li>1 de diciembre de 2010, cuando las sustancias tienen que ser reclasificadas<\/li>\n<li>1 de diciembre de 2012, cuando las sustancias ya comercializadas tienen que ser etiquetadas de conformidad con el Reglamento CLP<\/li>\n<li>A partir del 1 de junio de 2015, las mezclas (antes llamadas preparados) tienen que ser clasificadas de conformidad con el Reglamento CLP<\/li>\n<li>1 de junio de 2017, cuando los productos ya comercializados tienen que ser reetiquetados y reenvasados<\/li>\n<\/ul>\n<p>Desde luego que todo cambio, aun cuando sea gradual suscita un gran n\u00famero de dudad, con el fin de subsanarlas la Agencia Europea para la Seguridad y la Salud en el trabajo nos deja preguntas m\u00e1s frecuentes sobre el CLP (Reglamento de la Uni\u00f3n Europea sobre clasificaci\u00f3n, etiquetado y envasado) y REACH (Reglamento sobre registro, evaluaci\u00f3n, autorizaci\u00f3n y restricci\u00f3n de las sustancias y preparados qu\u00edmicos) que proporcionan m\u00e1s informaci\u00f3n sobre el tema.<\/p>\n<p>Y como siempre la EU-OSHA apoya a la Comisi\u00f3n Europea en sus esfuerzos por sensibilizar sobre los cambios en los requisitos de etiquetado y lo que estos conllevan para los lugares de trabajo. Una secci\u00f3n especial en la web permite acceder al kit y a muchos otros materiales de formaci\u00f3n y documentos de orientaci\u00f3n.<\/p>\n","protected":false},"excerpt":{"rendered":"<p>Pictogramas de productos qu\u00edmicos Clasificaci\u00f3n, etiquetado y envasado de sustancias y mezclas peligrosas El Reglamento CLP entr\u00f3 en vigor el 20 de enero de 2009 y sustituir\u00e1 gradualmente a la clasificaci\u00f3n y etiquetado seg\u00fan las Directivas sobre sustancias peligrosas (67\/548\/CEE) &hellip; <a href=\"https:\/\/servicios.unileon.es\/gestion-de-residuos\/sistema-global-armonizado\/\">Sigue leyendo <span class=\"meta-nav\">&rarr;<\/span><\/a><\/p>\n","protected":false},"author":1,"featured_media":0,"parent":0,"menu_order":0,"comment_status":"closed","ping_status":"closed","template":"","meta":{"footnotes":""},"class_list":["post-215","page","type-page","status-publish","hentry"],"_links":{"self":[{"href":"https:\/\/servicios.unileon.es\/gestion-de-residuos\/wp-json\/wp\/v2\/pages\/215","targetHints":{"allow":["GET"]}}],"collection":[{"href":"https:\/\/servicios.unileon.es\/gestion-de-residuos\/wp-json\/wp\/v2\/pages"}],"about":[{"href":"https:\/\/servicios.unileon.es\/gestion-de-residuos\/wp-json\/wp\/v2\/types\/page"}],"author":[{"embeddable":true,"href":"https:\/\/servicios.unileon.es\/gestion-de-residuos\/wp-json\/wp\/v2\/users\/1"}],"replies":[{"embeddable":true,"href":"https:\/\/servicios.unileon.es\/gestion-de-residuos\/wp-json\/wp\/v2\/comments?post=215"}],"version-history":[{"count":1,"href":"https:\/\/servicios.unileon.es\/gestion-de-residuos\/wp-json\/wp\/v2\/pages\/215\/revisions"}],"predecessor-version":[{"id":216,"href":"https:\/\/servicios.unileon.es\/gestion-de-residuos\/wp-json\/wp\/v2\/pages\/215\/revisions\/216"}],"wp:attachment":[{"href":"https:\/\/servicios.unileon.es\/gestion-de-residuos\/wp-json\/wp\/v2\/media?parent=215"}],"curies":[{"name":"wp","href":"https:\/\/api.w.org\/{rel}","templated":true}]}}