{"id":202,"date":"2014-03-10T12:52:54","date_gmt":"2014-03-10T12:52:54","guid":{"rendered":"http:\/\/servicios.unileon.es\/gestion-de-residuos\/?page_id=202"},"modified":"2021-03-17T13:04:31","modified_gmt":"2021-03-17T13:04:31","slug":"etiquetas","status":"publish","type":"page","link":"https:\/\/servicios.unileon.es\/gestion-de-residuos\/etiquetas\/","title":{"rendered":"Etiquetas"},"content":{"rendered":"<p>&nbsp;<\/p>\n<p>\u2013\u00a0\u00a0\u00a0 \u00a0\u00a0\u00a0\u00a0<strong>El nombre, direcci\u00f3n y tel\u00e9fono del productor <\/strong>de los residuos.<\/p>\n<p>\u2013\u00a0\u00a0\u00a0 \u00a0\u00a0\u00a0 Las\u00a0<strong>fechas de envasado<\/strong>.<\/p>\n<p>\u2013\u00a0\u00a0\u00a0 \u00a0\u00a0\u00a0 La\u00a0<strong>naturaleza<\/strong>\u00a0de los riesgos que presentan los residuos.<\/p>\n<p><a href=\"https:\/\/servicios.unileon.es\/gestion-de-residuos\/files\/2021\/03\/Etiqueta_ULE.jpg\"><img loading=\"lazy\" decoding=\"async\" class=\"alignnone  wp-image-372\" src=\"https:\/\/servicios.unileon.es\/gestion-de-residuos\/files\/2021\/03\/Etiqueta_ULE.jpg\" alt=\"\" width=\"599\" height=\"384\" \/><\/a><\/p>\n<div class=\"post_content_holder\">\n<div class=\"post_text\">\n<div class=\"post_text_inner\">\n<p>Por otro lado, la normativa indica que la\u00a0<strong>etiqueta que lleva el pictograma debe ser firmemente fijada sobre el envase<\/strong>, y tienen que anularse anteriores indicaciones (desactualizadas, err\u00f3neas, etc) que puedan llevar a confusi\u00f3n si la etiqueta nueva se despega, por ejemplo.<\/p>\n<p>La etiqueta debe tener como <strong>m\u00ednimo<\/strong> un tama\u00f1o de 10x10cm.<\/p>\n<p>S\u00f3lo en caso de que las indicaciones est\u00e9n claramente marcadas sobre el producto no ser\u00e1 necesaria ninguna etiqueta. Lo importante es que aparezca la informaci\u00f3n.<\/p>\n<\/div>\n<\/div>\n<\/div>\n<p>&nbsp;<\/p>\n<p>&nbsp;<\/p>\n","protected":false},"excerpt":{"rendered":"<p>&nbsp; \u2013\u00a0\u00a0\u00a0 \u00a0\u00a0\u00a0\u00a0El nombre, direcci\u00f3n y tel\u00e9fono del productor de los residuos. \u2013\u00a0\u00a0\u00a0 \u00a0\u00a0\u00a0 Las\u00a0fechas de envasado. \u2013\u00a0\u00a0\u00a0 \u00a0\u00a0\u00a0 La\u00a0naturaleza\u00a0de los riesgos que presentan los residuos. Por otro lado, la normativa indica que la\u00a0etiqueta que lleva el pictograma debe ser &hellip; <a href=\"https:\/\/servicios.unileon.es\/gestion-de-residuos\/etiquetas\/\">Sigue leyendo <span class=\"meta-nav\">&rarr;<\/span><\/a><\/p>\n","protected":false},"author":1,"featured_media":0,"parent":0,"menu_order":0,"comment_status":"closed","ping_status":"closed","template":"","meta":{"footnotes":""},"class_list":["post-202","page","type-page","status-publish","hentry"],"_links":{"self":[{"href":"https:\/\/servicios.unileon.es\/gestion-de-residuos\/wp-json\/wp\/v2\/pages\/202","targetHints":{"allow":["GET"]}}],"collection":[{"href":"https:\/\/servicios.unileon.es\/gestion-de-residuos\/wp-json\/wp\/v2\/pages"}],"about":[{"href":"https:\/\/servicios.unileon.es\/gestion-de-residuos\/wp-json\/wp\/v2\/types\/page"}],"author":[{"embeddable":true,"href":"https:\/\/servicios.unileon.es\/gestion-de-residuos\/wp-json\/wp\/v2\/users\/1"}],"replies":[{"embeddable":true,"href":"https:\/\/servicios.unileon.es\/gestion-de-residuos\/wp-json\/wp\/v2\/comments?post=202"}],"version-history":[{"count":10,"href":"https:\/\/servicios.unileon.es\/gestion-de-residuos\/wp-json\/wp\/v2\/pages\/202\/revisions"}],"predecessor-version":[{"id":374,"href":"https:\/\/servicios.unileon.es\/gestion-de-residuos\/wp-json\/wp\/v2\/pages\/202\/revisions\/374"}],"wp:attachment":[{"href":"https:\/\/servicios.unileon.es\/gestion-de-residuos\/wp-json\/wp\/v2\/media?parent=202"}],"curies":[{"name":"wp","href":"https:\/\/api.w.org\/{rel}","templated":true}]}}