{"id":150,"date":"2014-03-10T12:14:00","date_gmt":"2014-03-10T12:14:00","guid":{"rendered":"http:\/\/servicios.unileon.es\/gestion-de-residuos\/?page_id=150"},"modified":"2025-07-04T10:09:43","modified_gmt":"2025-07-04T10:09:43","slug":"solicitud-de-recogida-de-residuos-leon","status":"publish","type":"page","link":"https:\/\/servicios.unileon.es\/gestion-de-residuos\/solicitud-de-recogida-de-residuos-leon\/","title":{"rendered":"Solicitud de recogida de residuos &#8211; Le\u00f3n"},"content":{"rendered":"<h3>Solicitudes de Recogida y\/o Reposici\u00f3n<\/h3>\n<ul>\n<li>A trav\u00e9s de esta p\u00e1gina podr\u00e1s solicitar la recogida de los contenedores que ya se encuentren\u00a0 llenos (80% M\u00e1ximo)\u00a0 y La reposici\u00f3n de Contenedores.<\/li>\n<\/ul>\n<h4>. Formulario de Solicitud para la Retirada de residuos y Reposici\u00f3n de envases<\/h4>\n<ul>\n<li><a href=\"\/gestion-de-residuos\/solicitud-reposicion-leon\/\">Formulario Web <\/a><\/li>\n<\/ul>\n<p><strong>* Si en un plazo de 48 horas no recibes respuesta de tu Solicitud de Retirada o Reposici\u00f3n llama al: <u>669565702<\/u>.<\/strong><\/p>\n","protected":false},"excerpt":{"rendered":"<p>Solicitudes de Recogida y\/o Reposici\u00f3n A trav\u00e9s de esta p\u00e1gina podr\u00e1s solicitar la recogida de los contenedores que ya se encuentren\u00a0 llenos (80% M\u00e1ximo)\u00a0 y La reposici\u00f3n de Contenedores. . Formulario de Solicitud para la Retirada de residuos y Reposici\u00f3n &hellip; <a href=\"https:\/\/servicios.unileon.es\/gestion-de-residuos\/solicitud-de-recogida-de-residuos-leon\/\">Sigue leyendo <span class=\"meta-nav\">&rarr;<\/span><\/a><\/p>\n","protected":false},"author":1,"featured_media":0,"parent":0,"menu_order":0,"comment_status":"closed","ping_status":"closed","template":"","meta":{"footnotes":""},"class_list":["post-150","page","type-page","status-publish","hentry"],"_links":{"self":[{"href":"https:\/\/servicios.unileon.es\/gestion-de-residuos\/wp-json\/wp\/v2\/pages\/150","targetHints":{"allow":["GET"]}}],"collection":[{"href":"https:\/\/servicios.unileon.es\/gestion-de-residuos\/wp-json\/wp\/v2\/pages"}],"about":[{"href":"https:\/\/servicios.unileon.es\/gestion-de-residuos\/wp-json\/wp\/v2\/types\/page"}],"author":[{"embeddable":true,"href":"https:\/\/servicios.unileon.es\/gestion-de-residuos\/wp-json\/wp\/v2\/users\/1"}],"replies":[{"embeddable":true,"href":"https:\/\/servicios.unileon.es\/gestion-de-residuos\/wp-json\/wp\/v2\/comments?post=150"}],"version-history":[{"count":11,"href":"https:\/\/servicios.unileon.es\/gestion-de-residuos\/wp-json\/wp\/v2\/pages\/150\/revisions"}],"predecessor-version":[{"id":290,"href":"https:\/\/servicios.unileon.es\/gestion-de-residuos\/wp-json\/wp\/v2\/pages\/150\/revisions\/290"}],"wp:attachment":[{"href":"https:\/\/servicios.unileon.es\/gestion-de-residuos\/wp-json\/wp\/v2\/media?parent=150"}],"curies":[{"name":"wp","href":"https:\/\/api.w.org\/{rel}","templated":true}]}}