{"id":136,"date":"2014-03-03T13:23:07","date_gmt":"2014-03-03T13:23:07","guid":{"rendered":"http:\/\/servicios.unileon.es\/gestion-de-residuos\/?page_id=136"},"modified":"2014-03-03T13:23:07","modified_gmt":"2014-03-03T13:23:07","slug":"prevencion","status":"publish","type":"page","link":"https:\/\/servicios.unileon.es\/gestion-de-residuos\/prevencion\/","title":{"rendered":"Prevenci\u00f3n"},"content":{"rendered":"<p><a target=\"_blank\" href=\"http:\/\/www.insht.es\/InshtWeb\/Contenidos\/Documentacion\/FichasTecnicas\/NTP\/Ficheros\/301a400\/ntp_372.pdf\">NTP 372<\/a>: Tratamiento de residuos sanitarios.<\/p>\n<p><a target=\"_blank\" href=\"http:\/\/www.insht.es\/InshtWeb\/Contenidos\/Documentacion\/FichasTecnicas\/NTP\/Ficheros\/301a400\/ntp_359.pdf\">NTP 359<\/a>: Seguridad en el laboratorio: gesti\u00f3n de residuos t\u00f3xicos y peligrososen peque\u00f1as cantidades.<\/p>\n<p><a target=\"_blank\" href=\"http:\/\/www.insht.es\/InshtWeb\/Contenidos\/Documentacion\/FichasTecnicas\/NTP\/Ficheros\/301a400\/ntp_359.pdf\">NTP 399<\/a>: Actuaci\u00f3n en caso de vertidos. Procedimientos generales.<\/p>\n<p><a target=\"_blank\" href=\"http:\/\/www.insht.es\/InshtWeb\/Contenidos\/Documentacion\/FichasTecnicas\/NTP\/Ficheros\/401a500\/ntp_479.pdf\">NTP 479<\/a>: Prevenci\u00f3n del riesgo en laboratorio qu\u00edmico: reactividad de losproductos qu\u00edmicos.<\/p>\n<p><a target=\"_blank\" href=\"http:\/\/www.insht.es\/InshtWeb\/Contenidos\/Documentacion\/FichasTecnicas\/NTP\/Ficheros\/401a500\/ntp_480.pdf\">NTP 480<\/a>: La gesti\u00f3n de los residuos peligrosos en los laboratorios universitarios y de investigaci\u00f3n.<\/p>\n<p><a target=\"_blank\" href=\"http:\/\/www.insht.es\/InshtWeb\/Contenidos\/Documentacion\/FichasTecnicas\/NTP\/Ficheros\/501a600\/ntp_517.pdf\">NTP 517<\/a>: Prevenci\u00f3n del riesgo en el laboratorio. Utilizaci\u00f3n de equipos de protecci\u00f3n individual.<\/p>\n<p><a target=\"_blank\" href=\"http:\/\/www.insht.es\/InshtWeb\/Contenidos\/Documentacion\/FichasTecnicas\/NTP\/Ficheros\/821a921\/838%20web.pdf\">NTP 838<\/a>: Gesti\u00f3n de Residuos Sanitarios.<\/p>\n<p><a target=\"_blank\" href=\"http:\/\/www.insht.es\/InshtWeb\/Contenidos\/Documentacion\/FichasTecnicas\/NTP\/Ficheros\/821a921\/878w.pdf\">NTP 878<\/a>:Regulaci\u00f3n UE sobre productos qu\u00edmicos (II). Reglamento CLP: aspectos b\u00e1sicos.<\/p>\n","protected":false},"excerpt":{"rendered":"<p>NTP 372: Tratamiento de residuos sanitarios. NTP 359: Seguridad en el laboratorio: gesti\u00f3n de residuos t\u00f3xicos y peligrososen peque\u00f1as cantidades. NTP 399: Actuaci\u00f3n en caso de vertidos. Procedimientos generales. NTP 479: Prevenci\u00f3n del riesgo en laboratorio qu\u00edmico: reactividad de losproductos &hellip; <a href=\"https:\/\/servicios.unileon.es\/gestion-de-residuos\/prevencion\/\">Sigue leyendo <span class=\"meta-nav\">&rarr;<\/span><\/a><\/p>\n","protected":false},"author":1,"featured_media":0,"parent":0,"menu_order":0,"comment_status":"closed","ping_status":"closed","template":"","meta":{"footnotes":""},"class_list":["post-136","page","type-page","status-publish","hentry"],"_links":{"self":[{"href":"https:\/\/servicios.unileon.es\/gestion-de-residuos\/wp-json\/wp\/v2\/pages\/136","targetHints":{"allow":["GET"]}}],"collection":[{"href":"https:\/\/servicios.unileon.es\/gestion-de-residuos\/wp-json\/wp\/v2\/pages"}],"about":[{"href":"https:\/\/servicios.unileon.es\/gestion-de-residuos\/wp-json\/wp\/v2\/types\/page"}],"author":[{"embeddable":true,"href":"https:\/\/servicios.unileon.es\/gestion-de-residuos\/wp-json\/wp\/v2\/users\/1"}],"replies":[{"embeddable":true,"href":"https:\/\/servicios.unileon.es\/gestion-de-residuos\/wp-json\/wp\/v2\/comments?post=136"}],"version-history":[{"count":1,"href":"https:\/\/servicios.unileon.es\/gestion-de-residuos\/wp-json\/wp\/v2\/pages\/136\/revisions"}],"predecessor-version":[{"id":137,"href":"https:\/\/servicios.unileon.es\/gestion-de-residuos\/wp-json\/wp\/v2\/pages\/136\/revisions\/137"}],"wp:attachment":[{"href":"https:\/\/servicios.unileon.es\/gestion-de-residuos\/wp-json\/wp\/v2\/media?parent=136"}],"curies":[{"name":"wp","href":"https:\/\/api.w.org\/{rel}","templated":true}]}}