{"id":134,"date":"2014-03-03T13:19:33","date_gmt":"2014-03-03T13:19:33","guid":{"rendered":"http:\/\/servicios.unileon.es\/gestion-de-residuos\/?page_id=134"},"modified":"2014-03-03T13:19:33","modified_gmt":"2014-03-03T13:19:33","slug":"legislacion","status":"publish","type":"page","link":"https:\/\/servicios.unileon.es\/gestion-de-residuos\/legislacion\/","title":{"rendered":"Legislaci\u00f3n"},"content":{"rendered":"<p><a target=\"_blank\" href=\"https:\/\/www.boe.es\/buscar\/doc.php?id=BOE-A-1988-18848\">Real Decreto 833\/1988, de 20 de julio<\/a>, por el que se aprueba el reglamento para la ley 20\/1986 B\u00e1sica de residuos t\u00f3xicos y peligrosos.<\/p>\n<p><a target=\"_blank\" href=\"http:\/\/www.belt.es\/LEGISLACION2\/VIGENTE2\/Medio_ambiente\/pdf\/estatal\/dec_204_1994.pdf\">Decreto 204\/1994, de 15 de septiembre<\/a>, de Ordenaci\u00f3n de la Gesti\u00f3n de los Residuos Sanitarios.<\/p>\n<p><a target=\"_blank\" href=\"http:\/\/www.boe.es\/diario_boe\/txt.php?id=BOE-A-1995-13535\">Real Decreto 363\/1995, de 10 de Marzo de 1995<\/a>, por el que se aprueba el Reglamento sobre Notificaci\u00f3n de Sustancias Nuevas y Clasificaci\u00f3n, Envasado y Etiquetado de Sustancias Peligrosas.<\/p>\n<p><a target=\"_blank\" href=\"http:\/\/www.boe.es\/buscar\/doc.php?id=BOE-A-1997-14934\">Real Decreto 952\/1997 de 20 de junio<\/a> por el que se modifica el reglamento para la ejecuci\u00f3n de la ley 20\/1996, de 14 de mayo, B\u00e1sica de residuos t\u00f3xicos y peligrosos aprobado mediante Real Decreto 833\/1988 de 20 de julio.<\/p>\n<p><a target=\"_blank\" href=\"http:\/\/www.boe.es\/boe\/dias\/1997\/04\/23\/pdfs\/A12911-12918.pdf\">Real Decreto 485\/1997, 14 de abril<\/a>, sobre disposiciones m\u00ednimas en materia de se\u00f1alizaci\u00f3n de seguridad y salud en el trabajo.<\/p>\n<p><a target=\"_blank\" href=\"http:\/\/www.boe.es\/boe\/dias\/1998\/04\/22\/pdfs\/A13372-13384.pdf\">Ley 10\/1998, de 21 de abril<\/a>, de Residuos.<\/p>\n<p><p><a target=\"_blank\" href=\"http:\/\/www.boe.es\/boe\/dias\/2001\/05\/10\/pdfs\/A16838-16929.pdf\">Real Decreto 379\/2001, de 6 de abril<\/a> por el que se aprueba el Reglamento de almacenamiento de productos qu\u00edmicos y sus instrucciones t\u00e9cnicas complementarias.<\/p>\n<p><a target=\"_blank\" href=\"http:\/\/www.boe.es\/boe\/dias\/2001\/07\/26\/pdfs\/A27284-27393.pdf\">Real Decreto 783\/2001, de 6 de julio<\/a>, por el que se aprueba el Reglamento sobre protecci\u00f3n sanitaria contra radiaciones ionizantes.<\/p>\n<p><a target=\"_blank\" href=\"https:\/\/www.boe.es\/diario_boe\/txt.php?id=BOE-A-2002-3285\">Orden MAM\/304\/2002, de 8 de febrero<\/a>, por la que se publican las operaciones de valorizaci\u00f3n y eliminaci\u00f3n de residuos y la lista europea de residuos.<\/p>\n<p><a target=\"_blank\" href=\"http:\/\/www.boe.es\/boe\/dias\/2003\/03\/04\/pdfs\/A08433-08469.pdf\">Real Decreto 255\/2003, de 28 de febrero de 2003<\/a>, por el que se aprueba el Reglamento sobre clasificaci\u00f3n, envasado y etiquetado de preparados peligrosos.<\/p>\n<p><a target=\"_blank\" href=\"http:\/\/www.boe.es\/boe\/dias\/2011\/07\/29\/pdfs\/BOE-A-2011-13046.pdf\">Ley 22\/2011, de 28 de julio<\/a>, de residuos y suelos contaminados. Modificada por el <a target=\"_blank\" href=\"http:\/\/www.boe.es\/boe\/dias\/2012\/05\/05\/pdfs\/BOE-A-2012-5989.pdf\">Real Decreto-ley 17\/2012<\/a>, de 4 de mayo, de medidas urgentes en materia de medio ambiente &#8211; Art\u00edculo 3\u00ba (BOE 05-05-2012).<\/p>\n","protected":false},"excerpt":{"rendered":"<p>Real Decreto 833\/1988, de 20 de julio, por el que se aprueba el reglamento para la ley 20\/1986 B\u00e1sica de residuos t\u00f3xicos y peligrosos. Decreto 204\/1994, de 15 de septiembre, de Ordenaci\u00f3n de la Gesti\u00f3n de los Residuos Sanitarios. Real &hellip; <a href=\"https:\/\/servicios.unileon.es\/gestion-de-residuos\/legislacion\/\">Sigue leyendo <span class=\"meta-nav\">&rarr;<\/span><\/a><\/p>\n","protected":false},"author":1,"featured_media":0,"parent":0,"menu_order":0,"comment_status":"closed","ping_status":"closed","template":"","meta":{"footnotes":""},"class_list":["post-134","page","type-page","status-publish","hentry"],"_links":{"self":[{"href":"https:\/\/servicios.unileon.es\/gestion-de-residuos\/wp-json\/wp\/v2\/pages\/134","targetHints":{"allow":["GET"]}}],"collection":[{"href":"https:\/\/servicios.unileon.es\/gestion-de-residuos\/wp-json\/wp\/v2\/pages"}],"about":[{"href":"https:\/\/servicios.unileon.es\/gestion-de-residuos\/wp-json\/wp\/v2\/types\/page"}],"author":[{"embeddable":true,"href":"https:\/\/servicios.unileon.es\/gestion-de-residuos\/wp-json\/wp\/v2\/users\/1"}],"replies":[{"embeddable":true,"href":"https:\/\/servicios.unileon.es\/gestion-de-residuos\/wp-json\/wp\/v2\/comments?post=134"}],"version-history":[{"count":1,"href":"https:\/\/servicios.unileon.es\/gestion-de-residuos\/wp-json\/wp\/v2\/pages\/134\/revisions"}],"predecessor-version":[{"id":135,"href":"https:\/\/servicios.unileon.es\/gestion-de-residuos\/wp-json\/wp\/v2\/pages\/134\/revisions\/135"}],"wp:attachment":[{"href":"https:\/\/servicios.unileon.es\/gestion-de-residuos\/wp-json\/wp\/v2\/media?parent=134"}],"curies":[{"name":"wp","href":"https:\/\/api.w.org\/{rel}","templated":true}]}}