{"id":132,"date":"2014-03-03T13:13:36","date_gmt":"2014-03-03T13:13:36","guid":{"rendered":"http:\/\/servicios.unileon.es\/gestion-de-residuos\/?page_id=132"},"modified":"2014-03-03T13:13:36","modified_gmt":"2014-03-03T13:13:36","slug":"normas-de-seguridad-e-higiene","status":"publish","type":"page","link":"https:\/\/servicios.unileon.es\/gestion-de-residuos\/normas-de-seguridad-e-higiene\/","title":{"rendered":"Normas de Seguridad e Higiene"},"content":{"rendered":"<p>Se exponen a continuaci\u00f3n unas instrucciones generales para la manipulaci\u00f3n de los residuos.<\/p>\n<ul>\n<li>Antes de adicionar cualquier residuo en un envase, asegurarse de que el envase es el correcto y est\u00e1 debidamente etiquetado.<\/li>\n<li>Los envases deber\u00e1n permanecer siempre cerrados y s\u00f3lo se abrir\u00e1n el tiempo imprescindible para introducir alg\u00fan residuo.<\/li>\n<li>Si se duda en la clasificaci\u00f3n de alg\u00fan residuo, as\u00ed como de posibles reacciones, situarlo en un envase por separado. No mezclar.<\/li>\n<li>El vertido de los residuos en los envases correspondientes se ha de efectuar de una forma lenta y controlada. Esta operaci\u00f3n ser\u00e1 interrumpida si se observa cualquier fen\u00f3meno anormal, como la producci\u00f3n de gases o un incremento excesivo de la temperatura. Una vez acabada la operaci\u00f3n se cerrar\u00e1 el envase hasta la pr\u00f3xima utilizaci\u00f3n. De esta forma se reducir\u00e1 la exposici\u00f3n a los residuos generados, as\u00ed como el riesgo de posibles derrames.<\/li>\n<li>Los envases no se llenar\u00e1n aproximadamente m\u00e1s del 80% de su capacidad, con la finalidad de evitar salpicaduras, derrames o sobrepresiones.<\/li>\n<li>Dentro del laboratorio, los envases se depositar\u00e1n en el suelo para prevenir la ca\u00edda a distinto nivel. Los envases en uso, nunca se dejar\u00e1n en zonas de paso o lugares que puedan dar lugar a tropiezos, y siempre se mantendr\u00e1n alejados de cualquier fuente de calor.<\/li>\n<li>Siempre debe evitarse el contacto directo con los residuos, utilizando los equipos de protecci\u00f3n individual adecuados a sus caracter\u00edsticas de peligrosidad.<\/li>\n<li>Los residuos de los cuales se desconozcan sus propiedades, deber\u00e1n considerarse como peligrosos, tomando las m\u00e1ximas precauciones.<\/li>\n<li>Todos los laboratorios deber\u00e1n tener las fichas de datos de seguridad de los compuestos qu\u00edmicos utilizados para ser consultadas.<\/li>\n<li>Se recomienda no manipular residuos en solitario.<\/li>\n<li>No mezclar residuos l\u00edquidos inmiscibles. La existencia de varias fases dificulta su tratamiento posterior.<\/li>\n<li>Los residuos s\u00f3lidos nunca se compactar\u00e1n.<\/li>\n<li>El transporte de envases de 30 litros o m\u00e1s, se realizar\u00e1 en carretillas para evitar riesgos de rotura y derrame as\u00ed como lesiones f\u00edsicas por sobreesfuerzos.<\/li>\n<\/ul>\n","protected":false},"excerpt":{"rendered":"<p>Se exponen a continuaci\u00f3n unas instrucciones generales para la manipulaci\u00f3n de los residuos. Antes de adicionar cualquier residuo en un envase, asegurarse de que el envase es el correcto y est\u00e1 debidamente etiquetado. Los envases deber\u00e1n permanecer siempre cerrados y &hellip; <a href=\"https:\/\/servicios.unileon.es\/gestion-de-residuos\/normas-de-seguridad-e-higiene\/\">Sigue leyendo <span class=\"meta-nav\">&rarr;<\/span><\/a><\/p>\n","protected":false},"author":1,"featured_media":0,"parent":0,"menu_order":0,"comment_status":"closed","ping_status":"closed","template":"","meta":{"footnotes":""},"class_list":["post-132","page","type-page","status-publish","hentry"],"_links":{"self":[{"href":"https:\/\/servicios.unileon.es\/gestion-de-residuos\/wp-json\/wp\/v2\/pages\/132","targetHints":{"allow":["GET"]}}],"collection":[{"href":"https:\/\/servicios.unileon.es\/gestion-de-residuos\/wp-json\/wp\/v2\/pages"}],"about":[{"href":"https:\/\/servicios.unileon.es\/gestion-de-residuos\/wp-json\/wp\/v2\/types\/page"}],"author":[{"embeddable":true,"href":"https:\/\/servicios.unileon.es\/gestion-de-residuos\/wp-json\/wp\/v2\/users\/1"}],"replies":[{"embeddable":true,"href":"https:\/\/servicios.unileon.es\/gestion-de-residuos\/wp-json\/wp\/v2\/comments?post=132"}],"version-history":[{"count":1,"href":"https:\/\/servicios.unileon.es\/gestion-de-residuos\/wp-json\/wp\/v2\/pages\/132\/revisions"}],"predecessor-version":[{"id":133,"href":"https:\/\/servicios.unileon.es\/gestion-de-residuos\/wp-json\/wp\/v2\/pages\/132\/revisions\/133"}],"wp:attachment":[{"href":"https:\/\/servicios.unileon.es\/gestion-de-residuos\/wp-json\/wp\/v2\/media?parent=132"}],"curies":[{"name":"wp","href":"https:\/\/api.w.org\/{rel}","templated":true}]}}