{"id":129,"date":"2014-03-03T13:08:47","date_gmt":"2014-03-03T13:08:47","guid":{"rendered":"http:\/\/servicios.unileon.es\/gestion-de-residuos\/?page_id=129"},"modified":"2014-03-03T13:08:47","modified_gmt":"2014-03-03T13:08:47","slug":"funciones-y-responsabilidades","status":"publish","type":"page","link":"https:\/\/servicios.unileon.es\/gestion-de-residuos\/funciones-y-responsabilidades\/","title":{"rendered":"Funciones y Responsabilidades"},"content":{"rendered":"<h3>Universidad de Le\u00f3n<\/h3>\n<p>El Rector es la m\u00e1xima autoridad  acad\u00e9mica de la Universidad y ostenta la representaci\u00f3n de \u00e9sta. El Rector, a trav\u00e9s del Vicerrectorado con competencias  en  gesti\u00f3n de  residuos peligrosos tiene las siguientes funciones y  responsabilidades:<\/p>\n<ul>\n<li>Asegurarse del estricto cumplimiento de la legislaci\u00f3n en materia de residuos peligrosos que producen sus Centros.<\/li>\n<li>Definir la forma de gesti\u00f3n de los  residuos generados. A tal fin, se  redacta este Manual de Gesti\u00f3n de Residuos Peligrosos de la Universidad de  Le\u00f3n y su procedimiento de desarrollo, en el que se tratan de establecer unas normas b\u00e1sicas para el mejor funcionamiento de la Gesti\u00f3n de Residuos.<\/li>\n<li>Responsabilidad de  realizar  actuaciones dirigidas a la minimizaci\u00f3n de los residuos peligrosos que se generan en las instalaciones de la Universidad.<\/li>\n<li>Nombrar  los responsables de la gesti\u00f3n interna de cada Campus (Le\u00f3n y Ponferrada)<\/li>\n<\/ul>\n<p>&nbsp;<\/p>\n<h3>Decanos y Directores de Centro<\/h3>\n<p>Los Decanos de Facultad y Directores Escuelas ostentan la  representaci\u00f3n de sus Centros y ejercen las funciones de direcci\u00f3n y gesti\u00f3n de los mismos, por ello, en materia de  gesti\u00f3n de  residuos peligrosos les corresponden las siguientes funciones y  responsabilidades:<\/p>\n<ul>\n<li>Coordinar la correcta implantaci\u00f3n de la gesti\u00f3n de residuos en  el Centro.<\/li>\n<li>Velar por el cumplimiento del Manual de Gesti\u00f3n de Residuos Peligrosos,  el procedimiento que lo desarrolla y la normativa vigente en esta materia en  el  Centro.<\/li>\n<li>Velar por el correcto desarrollo de la gesti\u00f3n de residuos que se generan en el Centro, es decir, todas aquellas funciones y responsabilidades que deben desarrollar los Departamentos, Institutos y Servicios ubicados en el edificio.<\/li>\n<li>Velar por la  realizaci\u00f3n actividades dirigidas a la minimizaci\u00f3n de los  residuos peligrosos que se generan en el Centro.<\/li>\n<\/ul>\n<p>&nbsp;<\/p>\n<h3>Directores de Departamento, Instituto o Servicios<\/h3>\n<p>Los Directores de Departamento, Instituto o Servicios de Apoyo a la Investigaci\u00f3n ostentan la  representaci\u00f3n de \u00e9ste y  ejercen las funciones de direcci\u00f3n y gesti\u00f3n del mismo, por ello, en materia de  gesti\u00f3n de residuos peligrosos les corresponden las siguientes funciones y  responsabilidades:<\/p>\n<ul>\n<li>Coordinar la correcta implantaci\u00f3n de la gesti\u00f3n de residuos en el Departamento, Instituto o Servicio.<\/li>\n<li>Organizar el reciclado o reutilizaci\u00f3n de envases en el Centro, Departamento, Instituto o Servicio.<\/li>\n<li>Velar por el cumplimiento del Manual de Residuos Peligrosos, el procedimiento que lo desarrolla y la normativa vigente en esta materia.<\/li>\n<li>Velar por el correcto desarrollo de la gesti\u00f3n de residuos que se generan en el Departamento, Instituto o Servicio, es decir, todas aquellas funciones y  responsabilidades que deben desarrollar los  responsables de laboratorios de pr\u00e1cticas, investigador principal de proyectos de investigaci\u00f3n titulados superiores, t\u00e9cnicos especialistas u oficiales de laboratorio.<\/li>\n<li>Compromiso de realizar actividades dirigidas a la minimizaci\u00f3n de los residuos peligrosos que se generan en el Departamento, Instituto o Servicio.<\/li>\n<\/ul>\n<p>&nbsp;<\/p>\n<h3>Profesorado responsable de laboratorios de pr\u00e1cticas \/ investigaci\u00f3n<\/h3>\n<p>El profesorado responsable de los laboratorios de pr\u00e1cticas de alumnos, y los investigadores principales de los proyectos de investigaci\u00f3n, como generadores de  residuos peligrosos tienen las siguientes funciones y responsabilidades:<\/p>\n<ul>\n<li>Informar a los alumnos y colaboradores a su cargo sobre lo que les afecte en materia de residuos.<\/li>\n<li>Obligaci\u00f3n de gestionar los residuos peligrosos dentro del sistema de que marca el Manual de gesti\u00f3n de residuos peligrosos y su procedimiento de desarrollo.<\/li>\n<li>Clasificar, envasar, etiquetar y almacenar correctamente los residuos generados en las pr\u00e1cticas de los alumnos a su cargo y los derivados de sus proyectos de investigaci\u00f3n. Para ello contar\u00e1, en su  caso, con la ayuda de los T\u00e9cnicos especialistas de laboratorio \/ Oficiales de laboratorio.<\/li>\n<li>Prever la cantidad y tipo de residuos que se generan para poder solicitar a los t\u00e9cnicos u oficiales de laboratorio los envases y etiquetas que correspondan.<\/li>\n<li>Estudiar f\u00f3rmulas para cumplir el objetivo de minimizar la generaci\u00f3n  de residuos peligrosos.<\/li>\n<\/ul>\n<p>&nbsp;<\/p>\n<h3>Titulados superiores\/T\u00e9cnicos especialistas de laboratorio\/Oficiales de laboratorio<\/h3>\n<p>Los titulados superiores \/ t\u00e9cnicos especialistas u oficiales de laboratorio en materia de gesti\u00f3n de residuos peligros y, seg\u00fan la organizaci\u00f3n de su departamento o servicio, tienen las siguientes funciones y responsabilidades:<\/p>\n<ul>\n<li>Coordinarse con los responsables de la gesti\u00f3n interna de cada Campus (Le\u00f3n y Ponferrada) seg\u00fan corresponda.<\/li>\n<li>Firmar el albar\u00e1n y los documentos de control y seguimiento correspondientes a las Solicitudes de Recogida o Reposici\u00f3n tramitados a trav\u00e9s de la Web.<\/li>\n<li>Clasificar, envasar y etiquetar correctamente los residuos generados en los laboratorios, seg\u00fan indicaciones del Director del Servicio o del profesorado responsable de laboratorio de pr\u00e1cticas \/ investigaci\u00f3n.<\/li>\n<li>Mantener las etiquetas y envases en correcto estado de conservaci\u00f3n.<\/li>\n<li>Mantener una correcta ubicaci\u00f3n de los residuos dentro de los laboratorios.<\/li>\n<li>Colaborar con el profesorado responsable de laboratorio.<\/li>\n<li>Informarse y prever la cantidad y tipo de residuos que se generan en el centro, departamento, instituto o servicio y solicitar a trabes de la Web los envases y etiquetas que correspondan.<\/li>\n<li>Consultar dudas (procedimiento de gesti\u00f3n) con los Responsables de la gesti\u00f3n interna de cada Campus (Le\u00f3n y Ponferrada) o la Oficina de Prevenci\u00f3n de Riesgos Laborales, seg\u00fan corresponda.<\/li>\n<\/ul>\n<p>&nbsp;<\/p>\n<h3>Responsables de la gesti\u00f3n interna de cada Campus (Le\u00f3n y Ponferrada)<\/h3>\n<p>Los Responsables de la gesti\u00f3n interna de cada Campus son las personas nombradas por el El Rector a trav\u00e9s del Vicerrectorado para desarrollar el correcto funcionamiento del Manual y procedimiento de gesti\u00f3n de residuos peligrosos en la Universidad de Le\u00f3n, por ello, les corresponden las siguientes funciones y responsabilidades:<\/p>\n<ul>\n<li>Informar de la normativa interna sobre gesti\u00f3n de residuos a los Decanos, Directores de Centro, Escuelas y Departamentos.<\/li>\n<li>Coordinar la gesti\u00f3n de residuos en la ULE, informaci\u00f3n, incidencias, enlace y contacto con la empresa gestora, etc.<\/li>\n<li>Actuar como nexo de informaci\u00f3n entre la Empresa gestora, Oficina de Prevenci\u00f3n y dem\u00e1s personas con  responsabilidad en la gesti\u00f3n de  residuos peligrosos en la Universidad.<\/li>\n<li>Firmar el albar\u00e1n, carta de porte y los documentos de control y seguimiento correspondientes, cuando se realice la entrega de residuos a la empresa gestora.<\/li>\n<li>Velar y cumplir con el Manual de Gesti\u00f3n de Residuos Peligrosos, el procedimiento que lo desarrolla y la normativa vigente en esta materia.<\/li>\n<li>Coordinar la actuaci\u00f3n de los distintos  responsables y la gesti\u00f3n de  residuos en el Campus.<\/li>\n<li>Consultar dudas (procedimiento  de  gesti\u00f3n) con la Empresa gestora o la Oficina de Prevenci\u00f3n de Riesgos Laborales, seg\u00fan corresponda.<\/li>\n<li>Asesorar para  la  realizaci\u00f3n  actividades dirigidas a  la minimizaci\u00f3n de los residuos peligrosos que se generan en el Campus.<\/li>\n<li>Revisi\u00f3n peri\u00f3dica del estado del almacenamiento provisional de residuos peligrosos.<\/li>\n<li>Informarse y prever la cantidad y tipo de  residuos que se generan y solicitar a la empresa gestora los envases y etiquetas que correspondan.<\/li>\n<li>Trasladar los residuos al almac\u00e9n temporal y almacenarlos correctamente.<\/li>\n<li>Velar por el desarrollo adecuado en todo el proceso de la gesti\u00f3n de residuos peligrosos, as\u00ed como por el control del presupuesto y de facturas.<\/li>\n<li>Mantener actualizado el Libro de registro de residuos peligrosos de la Universidad y la documentaci\u00f3n generada manteniendo los justificantes de entrega al menos cinco (5) a\u00f1os.<\/li>\n<li>Asesorar sobre la gesti\u00f3n de residuos en la Universidad, informar de la normativa interna sobre gesti\u00f3n de  residuos a todo el personal (P.D.I. y P.A.S.).<\/li>\n<li>Mantener actualizado este manual y su procedimiento de gesti\u00f3n.<\/li>\n<\/ul>\n<p>&nbsp;<\/p>\n<h3>Oficina de Prevenci\u00f3n de Riesgos Laborales<\/h3>\n<ul>\n<li>Coordinar la gesti\u00f3n de residuos en la ULE, informaci\u00f3n, incidencias, con los responsables de cada Campus (Le\u00f3n y Ponferrada).<\/li>\n<li>Revisi\u00f3n peri\u00f3dica del estado del almacenamiento provisional de residuos peligrosos.<\/li>\n<li>Velar por el desarrollo adecuado en todo el proceso de la gesti\u00f3n de residuos peligrosos.<\/li>\n<li>Mantener actualizado este manual y su procedimiento de gesti\u00f3n.<\/li>\n<\/ul>\n","protected":false},"excerpt":{"rendered":"<p>Universidad de Le\u00f3n El Rector es la m\u00e1xima autoridad acad\u00e9mica de la Universidad y ostenta la representaci\u00f3n de \u00e9sta. El Rector, a trav\u00e9s del Vicerrectorado con competencias en gesti\u00f3n de residuos peligrosos tiene las siguientes funciones y responsabilidades: Asegurarse del &hellip; <a href=\"https:\/\/servicios.unileon.es\/gestion-de-residuos\/funciones-y-responsabilidades\/\">Sigue leyendo <span class=\"meta-nav\">&rarr;<\/span><\/a><\/p>\n","protected":false},"author":1,"featured_media":0,"parent":0,"menu_order":0,"comment_status":"closed","ping_status":"closed","template":"","meta":{"footnotes":""},"class_list":["post-129","page","type-page","status-publish","hentry"],"_links":{"self":[{"href":"https:\/\/servicios.unileon.es\/gestion-de-residuos\/wp-json\/wp\/v2\/pages\/129","targetHints":{"allow":["GET"]}}],"collection":[{"href":"https:\/\/servicios.unileon.es\/gestion-de-residuos\/wp-json\/wp\/v2\/pages"}],"about":[{"href":"https:\/\/servicios.unileon.es\/gestion-de-residuos\/wp-json\/wp\/v2\/types\/page"}],"author":[{"embeddable":true,"href":"https:\/\/servicios.unileon.es\/gestion-de-residuos\/wp-json\/wp\/v2\/users\/1"}],"replies":[{"embeddable":true,"href":"https:\/\/servicios.unileon.es\/gestion-de-residuos\/wp-json\/wp\/v2\/comments?post=129"}],"version-history":[{"count":1,"href":"https:\/\/servicios.unileon.es\/gestion-de-residuos\/wp-json\/wp\/v2\/pages\/129\/revisions"}],"predecessor-version":[{"id":130,"href":"https:\/\/servicios.unileon.es\/gestion-de-residuos\/wp-json\/wp\/v2\/pages\/129\/revisions\/130"}],"wp:attachment":[{"href":"https:\/\/servicios.unileon.es\/gestion-de-residuos\/wp-json\/wp\/v2\/media?parent=129"}],"curies":[{"name":"wp","href":"https:\/\/api.w.org\/{rel}","templated":true}]}}