{"id":118,"date":"2014-03-03T11:17:41","date_gmt":"2014-03-03T11:17:41","guid":{"rendered":"http:\/\/servicios.unileon.es\/gestion-de-residuos\/?page_id=118"},"modified":"2021-03-09T21:47:00","modified_gmt":"2021-03-09T21:47:00","slug":"almacenamiento","status":"publish","type":"page","link":"https:\/\/servicios.unileon.es\/gestion-de-residuos\/almacenamiento\/","title":{"rendered":"Almacenamiento"},"content":{"rendered":"<p>Los residuos hasta ser almacenados en el almac\u00e9n temporal, permanecer\u00e1n en los laboratorios, preferentemente en el suelo, en casos determinados, sobre recipientes apropiados (cubetos, bandejas, etc.) para la recogida de posibles derrames, en lugares que no sean de paso para evitar tropiezos, y alejados de cualquier fuente de calor.<\/p>\n<p>Una vez en el almac\u00e9n temporal, no podr\u00e1n almacenarse en la misma estanter\u00eda productos que presenten posibles reacciones peligrosas.<\/p>\n<p>Los l\u00edquidos combustibles no se almacenar\u00e1n conjuntamente con productos comburentes ni con sustancias t\u00f3xicas o muy t\u00f3xicas que no sean combustibles, debiendo estar lo m\u00e1s alejadas posible entre s\u00ed en el almac\u00e9n.<\/p>\n<p>Los productos no inflamables ni combustibles pueden actuar como elementos separadores entre estanter\u00edas, siempre que estos productos no sean incompatibles con los productos inflamables almacenados.<\/p>\n<p><a href=\"https:\/\/servicios.unileon.es\/gestion-de-residuos\/files\/2021\/03\/incompatibilidad.jpg\"><img loading=\"lazy\" decoding=\"async\" class=\"alignnone size-full wp-image-311\" src=\"https:\/\/servicios.unileon.es\/gestion-de-residuos\/files\/2021\/03\/incompatibilidad.jpg\" alt=\"\" width=\"587\" height=\"558\" \/><\/a><\/p>\n<div class=\"messages status\">\n<p>Cuadro resumen de incompatibilidades de almacenamiento de sustancias peligrosas<\/p>\n<p><strong>O <\/strong>Se pueden almacenar conjuntamente.<\/p>\n<p><strong> \u0394 <\/strong>Solamente podr\u00e1n almacenarse juntas, si se adoptan ciertas medidas espec\u00edficas de prevenci\u00f3n.<\/p>\n<p><span style=\"color: #000000;\"><b>X <\/b><\/span>No deben almacenarse conjuntamente.<\/p>\n<\/div>\n<p>El tiempo de almacenamiento de los residuos t\u00f3xicos y peligrosos no podr\u00e1 exceder en mas de seis meses.<\/p>\n<p>En los almacenes temporales, deber\u00e1 existir una cantidad de envases y etiquetas que asegure la reposici\u00f3n al dejar envases llenos.<\/p>\n<div class=\"messages warning\" style=\"border: solid 1px #000;\">\n<p>S\u00f3lo podr\u00e1 acceder a los almacenes temporales el personal autorizado.<\/p>\n<\/div>\n","protected":false},"excerpt":{"rendered":"<p>Los residuos hasta ser almacenados en el almac\u00e9n temporal, permanecer\u00e1n en los laboratorios, preferentemente en el suelo, en casos determinados, sobre recipientes apropiados (cubetos, bandejas, etc.) para la recogida de posibles derrames, en lugares que no sean de paso para &hellip; <a href=\"https:\/\/servicios.unileon.es\/gestion-de-residuos\/almacenamiento\/\">Sigue leyendo <span class=\"meta-nav\">&rarr;<\/span><\/a><\/p>\n","protected":false},"author":1,"featured_media":0,"parent":0,"menu_order":0,"comment_status":"closed","ping_status":"closed","template":"","meta":{"footnotes":""},"class_list":["post-118","page","type-page","status-publish","hentry"],"_links":{"self":[{"href":"https:\/\/servicios.unileon.es\/gestion-de-residuos\/wp-json\/wp\/v2\/pages\/118","targetHints":{"allow":["GET"]}}],"collection":[{"href":"https:\/\/servicios.unileon.es\/gestion-de-residuos\/wp-json\/wp\/v2\/pages"}],"about":[{"href":"https:\/\/servicios.unileon.es\/gestion-de-residuos\/wp-json\/wp\/v2\/types\/page"}],"author":[{"embeddable":true,"href":"https:\/\/servicios.unileon.es\/gestion-de-residuos\/wp-json\/wp\/v2\/users\/1"}],"replies":[{"embeddable":true,"href":"https:\/\/servicios.unileon.es\/gestion-de-residuos\/wp-json\/wp\/v2\/comments?post=118"}],"version-history":[{"count":4,"href":"https:\/\/servicios.unileon.es\/gestion-de-residuos\/wp-json\/wp\/v2\/pages\/118\/revisions"}],"predecessor-version":[{"id":312,"href":"https:\/\/servicios.unileon.es\/gestion-de-residuos\/wp-json\/wp\/v2\/pages\/118\/revisions\/312"}],"wp:attachment":[{"href":"https:\/\/servicios.unileon.es\/gestion-de-residuos\/wp-json\/wp\/v2\/media?parent=118"}],"curies":[{"name":"wp","href":"https:\/\/api.w.org\/{rel}","templated":true}]}}