{"id":108,"date":"2014-03-03T10:27:45","date_gmt":"2014-03-03T10:27:45","guid":{"rendered":"http:\/\/servicios.unileon.es\/gestion-de-residuos\/?page_id=108"},"modified":"2021-03-26T09:12:06","modified_gmt":"2021-03-26T09:12:06","slug":"etiquetado","status":"publish","type":"page","link":"https:\/\/servicios.unileon.es\/gestion-de-residuos\/etiquetado\/","title":{"rendered":"Etiquetado"},"content":{"rendered":"<div class=\"post_content_holder\">\n<div class=\"post_text\">\n<div class=\"post_text_inner\">\n<h2><span id=\"Etiquetado_de_residuos_peligrosos\" class=\"ez-toc-section\">Etiquetado de residuos peligrosos<\/span><\/h2>\n<p>La \u00faltima norma que regula\u00a0<strong>c\u00f3mo deben etiquetarse estos residuos potencialmente peligrosos\u00a0<\/strong>en Europa es la de\u00a0<strong>junio de 2015<\/strong>. En concreto, hay dos medidas que se aplican de forma directa en Espa\u00f1a y que actualizan la normativa sobre el etiquetado de sustancias peligrosas: el reglamento 1357\/2014, de 18 de diciembre de 2014 y la Decisi\u00f3n 2014\/955\/UE.<\/p>\n<p>Obligatoriamente, seg\u00fan lo establecido en este reglamento, en la etiqueta de productos susceptibles de ser\u00a0<strong>residuos peligrosos<\/strong>\u00a0debe figurar una serie de elementos:<\/p>\n<p>\u2013\u00a0\u00a0\u00a0 \u00a0\u00a0\u00a0 El\u00a0<strong>c\u00f3digo y la descripci\u00f3n de los residuos que contiene<\/strong>\u00a0de acuerdo con la lista establecida en la Decisi\u00f3n\u00a0<strong>2014\/955\/UE<\/strong>\u00a0y el c\u00f3digo y la descripci\u00f3n de la caracter\u00edstica de peligrosidad de acuerdo con el anexo III de la Ley 2272011, de 28 de julio , de residuos y suelos contaminados modificado por el Reglamento 1357\/2914, de 18 de diciembre por el que se modifica el anexo III de la Directiva 2008\/98 \/CE.<\/p>\n<p>\u2013\u00a0\u00a0\u00a0 \u00a0\u00a0\u00a0\u00a0<strong>El nombre, direcci\u00f3n y tel\u00e9fono de productor <\/strong>de los residuos.<\/p>\n<p>\u2013\u00a0\u00a0\u00a0 \u00a0\u00a0\u00a0 Las\u00a0<strong>fechas de envasado<\/strong>.<\/p>\n<p>\u2013\u00a0\u00a0\u00a0 \u00a0\u00a0\u00a0 La <strong>naturaleza<\/strong> de los riesgos que presentan los residuos.<\/p>\n<p>&nbsp;<\/p>\n<p><a href=\"https:\/\/servicios.unileon.es\/gestion-de-residuos\/files\/2021\/03\/Etiqueta_ULE.jpg\"><img loading=\"lazy\" decoding=\"async\" class=\"alignnone wp-image-372\" src=\"https:\/\/servicios.unileon.es\/gestion-de-residuos\/files\/2021\/03\/Etiqueta_ULE.jpg\" alt=\"\" width=\"603\" height=\"386\" \/><\/a><\/p>\n<\/div>\n<\/div>\n<\/div>\n<p>Tambi\u00e9n se especifica que \u201cla naturaleza de los riesgos que presentan los <strong>residuos envasados\u00a0<\/strong>se indicar\u00e1 mediante los pictogramas descritos en el Reglamento (CE) No 1272\/2008 del Parlamento y del Consejo de 16 de diciembre de 2008 sobre clasificaci\u00f3n, etiquetado y envasado de sustancias y mezclas, y por el que se modifican y derogan las Directivas 67\/548\/CEE y 1999\/45\/CE y se modifica el Reglamento (CE) no 1907\/2006\u201d.<\/p>\n<div class=\"post_content_holder\">\n<div class=\"post_text\">\n<div class=\"post_text_inner\">\n<p>Por otro lado, la normativa indica que la\u00a0<strong>etiqueta que lleva el pictograma debe ser firmemente fijada sobre el envase<\/strong>, y tienen que anularse anteriores indicaciones (desactualizadas, err\u00f3neas, etc) que puedan llevar a confusi\u00f3n si la etiqueta nueva se despega, por ejemplo.<\/p>\n<p>Tambi\u00e9n\u00a0<strong>se precisa el tama\u00f1o<\/strong>. Para que sea visible, la etiqueta debe tener como m\u00ednimo un tama\u00f1o de 10x10cm.<\/p>\n<p>S\u00f3lo en caso de que las indicaciones est\u00e9n claramente marcadas sobre el producto no ser\u00e1 necesaria ninguna etiqueta. Lo importante es que aparezca la informaci\u00f3n.<\/p>\n<p>En el art\u00edculo 26 de la norma se marcan los principios de prioridad de los pictogramas de peligro:<\/p>\n<ol>\n<li>Cuando la clasificaci\u00f3n de una sustancia o mezcla d\u00e9 lugar a que en la etiqueta deba figurar m\u00e1s de un pictograma de peligro, se aplicar\u00e1n los siguientes principios de prioridad para reducir el n\u00famero requerido de pictogramas de peligro:<\/li>\n<li>Si se aplica el pictograma de peligro \u00abGHS01\u00bb, el uso de los pictogramas de peligro \u00abGHS02\u00bb y \u00abGHS03\u00bb ser\u00e1 optativo, salvo en los casos en que deban figurar obligatoriamente m\u00e1s de uno de esos pictogramas de peligro<\/li>\n<li>Si se aplica el pictograma de peligro \u00abGHS06\u00bb, no figurar\u00e1 el pictograma de peligro \u00abGHS07\u00bb;<\/li>\n<li>Si se aplica el pictograma de peligro \u00abGHS05\u00bb, no figurar\u00e1 el pictograma de peligro \u00abGHS07\u00bb de irritaci\u00f3n cut\u00e1nea u ocular<\/li>\n<li>Si se aplica el pictograma de peligro \u00abGHS08\u00bb de sensibilizaci\u00f3n respiratoria, no figurar\u00e1 el pictograma de peligro \u00abGHS07\u00bb de sensibilizaci\u00f3n cut\u00e1nea o de irritaci\u00f3n cut\u00e1nea y ocular.<\/li>\n<\/ol>\n<p><a href=\"https:\/\/servicios.unileon.es\/gestion-de-residuos\/files\/2021\/03\/pictogramasrp.jpg\"><img loading=\"lazy\" decoding=\"async\" class=\"alignnone wp-image-305\" src=\"https:\/\/servicios.unileon.es\/gestion-de-residuos\/files\/2021\/03\/pictogramasrp.jpg\" alt=\"\" width=\"582\" height=\"741\" \/><\/a><\/p>\n<p>Conoce tambi\u00e9n los<a href=\"http:\/\/www.gestoresresiduos.es\/codigos_ler.html\" target=\"_blank\" rel=\"nofollow noopener noreferrer\">c\u00f3digos LER<\/a>, es decir qui\u00e9nes son los encargados de la gestiones de residuos en Europa.<\/p>\n<p><a href=\"https:\/\/servicios.unileon.es\/gestion-de-residuos\/files\/2021\/03\/graficoderesiduospeligrosos.png\"><img loading=\"lazy\" decoding=\"async\" class=\"alignnone wp-image-307\" src=\"https:\/\/servicios.unileon.es\/gestion-de-residuos\/files\/2021\/03\/graficoderesiduospeligrosos.png\" alt=\"\" width=\"577\" height=\"274\" \/><\/a><\/p>\n<\/div>\n<\/div>\n<\/div>\n<div class=\"icon_social_holder\">\n<div class=\"blog_share qode_share\">\n<div class=\"social_share_holder\">\n<p><strong>C\u00d3DIGOS Q, D\/R, L-P-S-G, C, H, A y B DE RESIDUOS Y SUSTANCIAS PELIGROSAS<\/strong><\/p>\n<p><strong>C\u00f3digo de identificaci\u00f3n de residuos<\/strong><\/p>\n<p>El sistema para la identificaci\u00f3n de los residuos t\u00f3xicos y peligrosos consiste en la utilizaci\u00f3n de un conjunto de c\u00f3digos al objeto de poder disponer de una serie de informaciones que permitan en todo momento la identificaci\u00f3n de los residuos. Estas informaciones se completan con las contenidas en las declaraciones del residuo correspondiente.<\/p>\n<p>En las siete tablas que se adjuntan figuran los c\u00f3digos numerados que, utilizados en conjunto, proporcionan la forma de caracterizar e identificar los residuos, y que facilitan, por tanto, el control de los mismos desde que son producidos hasta su adecuado destino final. Se trata de conocer las caracter\u00edsticas potencialmente peligrosas (H), la actividad (A) y proceso (B) que los ha producido, la raz\u00f3n de la necesidad de que sean gestionados (Q), el tipo gen\u00e9rico al que pertenecen (L, P, S, G), c\u00f3mo son gestionados (D\/R) y sus principales constituyentes (C).<\/p>\n<p><strong>El contenido de las tablas es el siguiente:<\/strong><\/p>\n<p style=\"text-align: left;\">Tabla 1: Razones por las que los residuos deben ser gestionados (c\u00f3digo Q).<\/p>\n<p style=\"text-align: left;\">Tabla 2: Operaciones de gesti\u00f3n (c\u00f3digo D\/R).<\/p>\n<p style=\"text-align: left;\">Tabla 3: Tipos gen\u00e9ricos de residuos peligrosos (c\u00f3digo L, P, S, G).<\/p>\n<p style=\"text-align: left;\">Tabla 4: Constituyentes que dan a los residuos su car\u00e1cter peligroso (c\u00f3digo C).<\/p>\n<p style=\"text-align: left;\">Tabla 5: Caracter\u00edsticas de los residuos peligrosos (c\u00f3digo H).<\/p>\n<p style=\"text-align: left;\">Tabla 6: Actividades generadoras de los residuos (c\u00f3digo A).<\/p>\n<p style=\"text-align: left;\">Tabla 7: Procesos en los que se generan los residuos (c\u00f3digo B).<\/p>\n<\/div>\n<\/div>\n<\/div>\n","protected":false},"excerpt":{"rendered":"<p>Etiquetado de residuos peligrosos La \u00faltima norma que regula\u00a0c\u00f3mo deben etiquetarse estos residuos potencialmente peligrosos\u00a0en Europa es la de\u00a0junio de 2015. En concreto, hay dos medidas que se aplican de forma directa en Espa\u00f1a y que actualizan la normativa sobre &hellip; <a href=\"https:\/\/servicios.unileon.es\/gestion-de-residuos\/etiquetado\/\">Sigue leyendo <span class=\"meta-nav\">&rarr;<\/span><\/a><\/p>\n","protected":false},"author":1,"featured_media":0,"parent":0,"menu_order":0,"comment_status":"closed","ping_status":"closed","template":"","meta":{"footnotes":""},"class_list":["post-108","page","type-page","status-publish","hentry"],"_links":{"self":[{"href":"https:\/\/servicios.unileon.es\/gestion-de-residuos\/wp-json\/wp\/v2\/pages\/108","targetHints":{"allow":["GET"]}}],"collection":[{"href":"https:\/\/servicios.unileon.es\/gestion-de-residuos\/wp-json\/wp\/v2\/pages"}],"about":[{"href":"https:\/\/servicios.unileon.es\/gestion-de-residuos\/wp-json\/wp\/v2\/types\/page"}],"author":[{"embeddable":true,"href":"https:\/\/servicios.unileon.es\/gestion-de-residuos\/wp-json\/wp\/v2\/users\/1"}],"replies":[{"embeddable":true,"href":"https:\/\/servicios.unileon.es\/gestion-de-residuos\/wp-json\/wp\/v2\/comments?post=108"}],"version-history":[{"count":20,"href":"https:\/\/servicios.unileon.es\/gestion-de-residuos\/wp-json\/wp\/v2\/pages\/108\/revisions"}],"predecessor-version":[{"id":402,"href":"https:\/\/servicios.unileon.es\/gestion-de-residuos\/wp-json\/wp\/v2\/pages\/108\/revisions\/402"}],"wp:attachment":[{"href":"https:\/\/servicios.unileon.es\/gestion-de-residuos\/wp-json\/wp\/v2\/media?parent=108"}],"curies":[{"name":"wp","href":"https:\/\/api.w.org\/{rel}","templated":true}]}}