{"id":10,"date":"2012-12-03T08:04:42","date_gmt":"2012-12-03T08:04:42","guid":{"rendered":"http:\/\/servicios.unileon.es\/gestion-de-residuos\/?page_id=10"},"modified":"2012-12-03T08:14:10","modified_gmt":"2012-12-03T08:14:10","slug":"campus-de-vegazana","status":"publish","type":"page","link":"https:\/\/servicios.unileon.es\/gestion-de-residuos\/campus-de-vegazana\/","title":{"rendered":"Campus de Vegazana"},"content":{"rendered":"<p><img decoding=\"async\" src=\"http:\/\/servicios.unileon.es\/gestion-de-residuos\/wp-content\/blogs.dir\/34\/files\/2012\/12\/leon.jpg\" alt=\"Le\u00f3n\" title=\"Le\u00f3n\" \/><\/p>\n<h3>Contacto<\/h3>\n<h4><strong>Juan Jos\u00e9 Robles Polantinos<\/strong><\/h4>\n<p><strong>Correo electr\u00f3nico:<\/strong> <a href=\"mailto:residuos@unileon.es\">residuos@unileon.es<\/a><\/p>\n<p><strong>Tel\u00e9fonos:<\/strong> 987293011 &#8211; 669565702<\/p>\n<p><strong>Direcci\u00f3n postal:<\/strong><br \/>Servicio Gestion de Residuos<br \/>CRAI-Experimental &#8211; Facultad de Veterinaria<br \/>24007 &#8211; Campus de Vegazana &#8211; Le\u00f3n<\/p>\n<p><h3>Residuos Inscritos<\/h3>\n<ul>\n<li>MEDICAMENTOS CADUCADOS<\/li>\n<li>BATERIAS DE PLOMO<\/li>\n<li>ACEITE USADO<\/li>\n<li>LIQUIDO REVELADOR<\/li>\n<li>LIQUIDO FIJADOR<\/li>\n<li>DISOLVENTE HALOGENADO<\/li>\n<li>SOLUCIONES ACUOSAS<\/li>\n<li>DISOLUCIONES ACIDAS<\/li>\n<li>REACTIVOS DE LABORATORIO<\/li>\n<li>CITOTOXICOS GRUPO IV<\/li>\n<li>BIOSANITARIOS GRUPO III<\/li>\n<\/ul>\n","protected":false},"excerpt":{"rendered":"<p>Contacto Juan Jos\u00e9 Robles Polantinos Correo electr\u00f3nico: residuos@unileon.es Tel\u00e9fonos: 987293011 &#8211; 669565702 Direcci\u00f3n postal:Servicio Gestion de ResiduosCRAI-Experimental &#8211; Facultad de Veterinaria24007 &#8211; Campus de Vegazana &#8211; Le\u00f3n Residuos Inscritos MEDICAMENTOS CADUCADOS BATERIAS DE PLOMO ACEITE USADO LIQUIDO REVELADOR LIQUIDO FIJADOR &hellip; <a href=\"https:\/\/servicios.unileon.es\/gestion-de-residuos\/campus-de-vegazana\/\">Sigue leyendo <span class=\"meta-nav\">&rarr;<\/span><\/a><\/p>\n","protected":false},"author":1,"featured_media":0,"parent":0,"menu_order":0,"comment_status":"closed","ping_status":"closed","template":"","meta":{"footnotes":""},"class_list":["post-10","page","type-page","status-publish","hentry"],"_links":{"self":[{"href":"https:\/\/servicios.unileon.es\/gestion-de-residuos\/wp-json\/wp\/v2\/pages\/10","targetHints":{"allow":["GET"]}}],"collection":[{"href":"https:\/\/servicios.unileon.es\/gestion-de-residuos\/wp-json\/wp\/v2\/pages"}],"about":[{"href":"https:\/\/servicios.unileon.es\/gestion-de-residuos\/wp-json\/wp\/v2\/types\/page"}],"author":[{"embeddable":true,"href":"https:\/\/servicios.unileon.es\/gestion-de-residuos\/wp-json\/wp\/v2\/users\/1"}],"replies":[{"embeddable":true,"href":"https:\/\/servicios.unileon.es\/gestion-de-residuos\/wp-json\/wp\/v2\/comments?post=10"}],"version-history":[{"count":5,"href":"https:\/\/servicios.unileon.es\/gestion-de-residuos\/wp-json\/wp\/v2\/pages\/10\/revisions"}],"predecessor-version":[{"id":12,"href":"https:\/\/servicios.unileon.es\/gestion-de-residuos\/wp-json\/wp\/v2\/pages\/10\/revisions\/12"}],"wp:attachment":[{"href":"https:\/\/servicios.unileon.es\/gestion-de-residuos\/wp-json\/wp\/v2\/media?parent=10"}],"curies":[{"name":"wp","href":"https:\/\/api.w.org\/{rel}","templated":true}]}}