{"id":7,"date":"2020-03-27T18:08:20","date_gmt":"2020-03-27T17:08:20","guid":{"rendered":"http:\/\/servicios.unileon.es\/formacion-transversal-alumnos-de-doctorado\/?page_id=7"},"modified":"2025-11-04T11:13:19","modified_gmt":"2025-11-04T10:13:19","slug":"informacion-de-contacto","status":"publish","type":"page","link":"https:\/\/servicios.unileon.es\/formacion-transversal-alumnos-de-doctorado\/informacion-de-contacto\/","title":{"rendered":"Informaci\u00f3n de Contacto"},"content":{"rendered":"<div style=\"text-align: center;\">\n<address>\u00a0<\/address>\n<address>ESCUELA DE FORMACI\u00d3N E INNOVACI\u00d3N DOCENTE<\/address>\n<address>\u00a0<\/address>\n<address>Avda. Facultad de Veterinaria, 25<\/address>\n<address>24004 Le\u00f3n.<\/address>\n<address>\u00a0<\/address>\n<address>Edificio Alb\u00e9itar.<\/address>\n<address>\n<div>Planta Baja. Ala Este.<\/div>\n<div><\/div>\n<\/address>\n<\/div>\n<address style=\"text-align: center;\"><a href=\"mailto:escuela.formacion@unileon.es\">escuela.formacion@unileon.es<\/a><\/address>\n<address style=\"text-align: center;\">\u00a0<\/address>\n<address style=\"text-align: center;\">\u00a0<\/address>\n<address style=\"text-align: center;\">\u00a0<\/address>\n<address style=\"text-align: center;\">\u00a0<\/address>\n<address style=\"text-align: left;\">\n<address style=\"text-align: left;\"><b>Miriam Fern\u00e1ndez \u00c1lvarez &#8211; <\/b>T\u00e9cnico<\/address>\n<address style=\"text-align: left;\">Tel\u00e9f. 987 29 1439<\/address>\n<address style=\"text-align: left;\">\u00a0<\/address>\n<address>\n<address style=\"text-align: left;\"><b>Roberto Nieto Santiago &#8211; <\/b>T\u00e9cnico<\/address>\n<address style=\"text-align: left;\">Tel\u00e9f. 987 29 3697<\/address>\n<\/address>\n<address style=\"text-align: left;\">\u00a0<\/address>\n<address style=\"text-align: left;\"><b>Margarita Mateos Caz\u00f3n &#8211; <\/b>Administraci\u00f3n<\/address>\n<address style=\"text-align: left;\">Tel\u00e9f. 987 29 5437<\/address>\n<\/address>\n","protected":false},"excerpt":{"rendered":"<p>\u00a0 ESCUELA DE FORMACI\u00d3N E INNOVACI\u00d3N DOCENTE \u00a0 Avda. Facultad de Veterinaria, 25 24004 Le\u00f3n. \u00a0 Edificio Alb\u00e9itar. Planta Baja. Ala Este. escuela.formacion@unileon.es \u00a0 \u00a0 \u00a0 \u00a0 Miriam Fern\u00e1ndez \u00c1lvarez &#8211; T\u00e9cnico Tel\u00e9f. 987 29 1439 \u00a0 Roberto Nieto Santiago &hellip; <a href=\"https:\/\/servicios.unileon.es\/formacion-transversal-alumnos-de-doctorado\/informacion-de-contacto\/\">Sigue leyendo <span class=\"meta-nav\">&rarr;<\/span><\/a><\/p>\n","protected":false},"author":344,"featured_media":0,"parent":0,"menu_order":0,"comment_status":"closed","ping_status":"closed","template":"","meta":{"footnotes":""},"class_list":["post-7","page","type-page","status-publish","hentry"],"_links":{"self":[{"href":"https:\/\/servicios.unileon.es\/formacion-transversal-alumnos-de-doctorado\/wp-json\/wp\/v2\/pages\/7","targetHints":{"allow":["GET"]}}],"collection":[{"href":"https:\/\/servicios.unileon.es\/formacion-transversal-alumnos-de-doctorado\/wp-json\/wp\/v2\/pages"}],"about":[{"href":"https:\/\/servicios.unileon.es\/formacion-transversal-alumnos-de-doctorado\/wp-json\/wp\/v2\/types\/page"}],"author":[{"embeddable":true,"href":"https:\/\/servicios.unileon.es\/formacion-transversal-alumnos-de-doctorado\/wp-json\/wp\/v2\/users\/344"}],"replies":[{"embeddable":true,"href":"https:\/\/servicios.unileon.es\/formacion-transversal-alumnos-de-doctorado\/wp-json\/wp\/v2\/comments?post=7"}],"version-history":[{"count":5,"href":"https:\/\/servicios.unileon.es\/formacion-transversal-alumnos-de-doctorado\/wp-json\/wp\/v2\/pages\/7\/revisions"}],"predecessor-version":[{"id":1467,"href":"https:\/\/servicios.unileon.es\/formacion-transversal-alumnos-de-doctorado\/wp-json\/wp\/v2\/pages\/7\/revisions\/1467"}],"wp:attachment":[{"href":"https:\/\/servicios.unileon.es\/formacion-transversal-alumnos-de-doctorado\/wp-json\/wp\/v2\/media?parent=7"}],"curies":[{"name":"wp","href":"https:\/\/api.w.org\/{rel}","templated":true}]}}