{"id":25,"date":"2020-05-17T10:43:36","date_gmt":"2020-05-17T08:43:36","guid":{"rendered":"http:\/\/servicios.unileon.es\/formacion-transversal-alumnos-de-doctorado\/?page_id=25"},"modified":"2020-05-17T10:45:06","modified_gmt":"2020-05-17T08:45:06","slug":"informacion-general","status":"publish","type":"page","link":"https:\/\/servicios.unileon.es\/formacion-transversal-alumnos-de-doctorado\/informacion-general\/","title":{"rendered":"Informaci\u00f3n General"},"content":{"rendered":"<p>Desde hace unos a\u00f1os la Escuela de Formaci\u00f3n, a demanda de la Escuela de Doctorado, ofrece una serie de cursos espec\u00edficamente destinados a doctorandos de la Ule. El objetivo de los mismos es contribuir a su labor investigadora dando respuesta a las necesidades espec\u00edficas de este colectivo.<\/p>\n<p>El proceso de matr\u00edcula es el mismo que el del resto de cursos ofertados por la Escuela de Formaci\u00f3n:<\/p>\n<ul>\n<li>La matr\u00edcula se realiza a trav\u00e9s del formulario electr\u00f3nico al que se puede acceder a trav\u00e9s de la p\u00e1gina web de la Escuela de Formaci\u00f3n.<\/li>\n<li>El plazo de matr\u00edcula de cada uno de los cursos se abre CATORCE d\u00edas naturales previos a su inicio, a las 9:00 horas. De esta forma se garantiza que todos los interesados dispongan de las mismas posibilidades de acceso.<\/li>\n<li>La adjudicaci\u00f3n de plazas se rige estrictamente por el orden de inscripci\u00f3n.<\/li>\n<li>Unos d\u00edas antes del inicio del curso se contactar\u00e1\u00a0 CON LOS ADMITIDOS para indicarles el lugar de impartici\u00f3n.<\/li>\n<li>Si sobran plazas, se adjudicar\u00e1n, por orden de inscripci\u00f3n, al PDI de la Ule que lo haya solicitado.<\/li>\n<li>Para que se imparta un curso, es necesario que se hayan matriculado\u00a015 alumnos de doctorado\u00a0de la Ule, 5 d\u00edas antes del inicio del curso.<\/li>\n<li>Quien no pueda asistir a un curso en el que haya sido admitido, deber\u00e1 comunicarlo por correo electr\u00f3nico con la mayor antelaci\u00f3n posible. De esta manera se dar\u00e1 la oportunidad de asistir a aquellas personas que hayan quedado en reserva.<\/li>\n<li>Los cursos se realizan y certifican de forma independiente.<\/li>\n<\/ul>\n<p>El resto de cursos que oferta la Escuela de Formaci\u00f3n, son para el\u00a0<strong>Personal Docente e Investigador de la Ule.<\/strong>\u00a0\u00danicamente en el caso de que quede alguna plaza vacante, podr\u00e1n acceder los alumnos de doctorado.<\/p>\n","protected":false},"excerpt":{"rendered":"<p>Desde hace unos a\u00f1os la Escuela de Formaci\u00f3n, a demanda de la Escuela de Doctorado, ofrece una serie de cursos espec\u00edficamente destinados a doctorandos de la Ule. El objetivo de los mismos es contribuir a su labor investigadora dando respuesta &hellip; <a href=\"https:\/\/servicios.unileon.es\/formacion-transversal-alumnos-de-doctorado\/informacion-general\/\">Sigue leyendo <span class=\"meta-nav\">&rarr;<\/span><\/a><\/p>\n","protected":false},"author":432,"featured_media":0,"parent":0,"menu_order":0,"comment_status":"closed","ping_status":"closed","template":"","meta":{"footnotes":""},"class_list":["post-25","page","type-page","status-publish","hentry"],"_links":{"self":[{"href":"https:\/\/servicios.unileon.es\/formacion-transversal-alumnos-de-doctorado\/wp-json\/wp\/v2\/pages\/25","targetHints":{"allow":["GET"]}}],"collection":[{"href":"https:\/\/servicios.unileon.es\/formacion-transversal-alumnos-de-doctorado\/wp-json\/wp\/v2\/pages"}],"about":[{"href":"https:\/\/servicios.unileon.es\/formacion-transversal-alumnos-de-doctorado\/wp-json\/wp\/v2\/types\/page"}],"author":[{"embeddable":true,"href":"https:\/\/servicios.unileon.es\/formacion-transversal-alumnos-de-doctorado\/wp-json\/wp\/v2\/users\/432"}],"replies":[{"embeddable":true,"href":"https:\/\/servicios.unileon.es\/formacion-transversal-alumnos-de-doctorado\/wp-json\/wp\/v2\/comments?post=25"}],"version-history":[{"count":3,"href":"https:\/\/servicios.unileon.es\/formacion-transversal-alumnos-de-doctorado\/wp-json\/wp\/v2\/pages\/25\/revisions"}],"predecessor-version":[{"id":28,"href":"https:\/\/servicios.unileon.es\/formacion-transversal-alumnos-de-doctorado\/wp-json\/wp\/v2\/pages\/25\/revisions\/28"}],"wp:attachment":[{"href":"https:\/\/servicios.unileon.es\/formacion-transversal-alumnos-de-doctorado\/wp-json\/wp\/v2\/media?parent=25"}],"curies":[{"name":"wp","href":"https:\/\/api.w.org\/{rel}","templated":true}]}}