{"id":161,"date":"2021-05-03T08:43:27","date_gmt":"2021-05-03T06:43:27","guid":{"rendered":"https:\/\/servicios.unileon.es\/formacion-transversal-alumnos-de-doctorado\/?page_id=161"},"modified":"2021-05-07T10:54:12","modified_gmt":"2021-05-07T08:54:12","slug":"paginas-de-interes","status":"publish","type":"page","link":"https:\/\/servicios.unileon.es\/formacion-transversal-alumnos-de-doctorado\/paginas-de-interes\/","title":{"rendered":"Formaci\u00f3n de Doctorado en otras universidades"},"content":{"rendered":"<p style=\"text-align: justify;\"><span style=\"font-family: 'trebuchet ms', geneva, sans-serif; font-size: 10pt;\"><strong><a href=\"http:\/\/escueladoctorado.uva.es\/export\/sites\/doctorado\/doctorandos\/actividades_formativas\/transversales\/\">Escuela de Doctorado. Universidad de Valladolid<\/a>.<\/strong> Formaci\u00f3n trasversal de la Escuela de Doctorado. Curso 2020-2021<\/span><\/p>\n<p style=\"text-align: justify;\"><span style=\"font-size: 13.3333px;\"><a href=\"https:\/\/www.ubu.es\/escuela-de-doctorado\/programas-de-doctorado\/formacion-en-investigacion-actividades-transversales\"><b>Escuela de Doctorado. Universidad de Burgos. <\/b><\/a>Formaci\u00f3n de investigaci\u00f3n. Actividades trasversales.<\/span><\/p>\n<p style=\"text-align: justify;\"><span style=\"font-family: 'trebuchet ms', geneva, sans-serif; font-size: 10pt;\"><strong><a href=\"https:\/\/doctorado.usal.es\/es\/formacion-transversal\">Formaci\u00f3n trasversal de Doctorado. Universidad de Salamanca<\/a>.<\/strong> Programa de formaci\u00f3n trasversal de la Escuela de Doctorado (2021)<\/span><\/p>\n<p style=\"text-align: justify;\"><span style=\"color: #800000; font-family: 'trebuchet ms', geneva, sans-serif; font-size: 10pt;\"><b><a href=\"https:\/\/cei.uniovi.es\/postgrado\/doctorado\/formacion\">Centro Internacional de Postgrado. Universidad de Oviedo.<\/a>\u00a0<\/b>Jornadas Doctorales 2021.<\/span><\/p>\n<p style=\"text-align: justify;\"><span style=\"font-family: 'trebuchet ms', geneva, sans-serif; font-size: 10pt;\"><a href=\"https:\/\/www.uc3m.es\/doctorado\/desarrollo\/cursos-formacion-transversal-escuela-doctorado\"><strong>Programas de Doctorado. Universidad Carlos III de Madrid.<\/strong><\/a> Cursos de formaci\u00f3n trasversal de la escuela de Doctorado.<\/span><\/p>\n<p style=\"text-align: justify;\"><span style=\"font-size: 10pt; font-family: 'trebuchet ms', geneva, sans-serif;\"><a href=\"https:\/\/edoctorado.ucm.es\/\"><b>Escuela de Doctorado. Universidad Complutense de Madrid. <\/b><\/a>Actividades formativas.<\/span><\/p>\n<p style=\"text-align: justify;\"><span style=\"font-size: 10pt; font-family: 'trebuchet ms', geneva, sans-serif;\"><b><a href=\"https:\/\/www.udg.edu\/es\/ed\/formacio-transversal-i-especifica\/altra-oferta-formativa\">Escuela de Doctorado. Universidad de Girona<\/a>. <\/b>Formaci\u00f3n trasversal y espec\u00edfica<\/span><\/p>\n<p style=\"text-align: justify;\"><span style=\"font-size: 10pt; font-family: 'trebuchet ms', geneva, sans-serif;\"><b><a href=\"https:\/\/escuelaposgrado.ugr.es\/doctorado\/escuelas\/actividadesformativas\/index#__doku_de_caracter_general\">Escuela Internacional de Posgrado. Universidad de Granada<\/a>. <\/b>Actividades formativas de car\u00e1cter general.<\/span><\/p>\n<p style=\"text-align: justify;\"><span style=\"font-family: 'trebuchet ms', geneva, sans-serif; font-size: 10pt;\"><span style=\"color: #800000;\"><strong><a href=\"https:\/\/www.uab.cat\/web\/estudiar\/doctorado\/actividades-formativas-curso-2020-2021-1345765260409.html\">Actividades formativas Doctorados. Universitat Aut\u00f2noma de Barcelona<\/a>.<\/strong><\/span>\u00a0<\/span><\/p>\n<p>Solo pueden acceder a los <span style=\"font-family: 'trebuchet ms', geneva, sans-serif;\">cursos<\/span><\/p>\n<p>&nbsp;<\/p>\n","protected":false},"excerpt":{"rendered":"<p>Escuela de Doctorado. Universidad de Valladolid. Formaci\u00f3n trasversal de la Escuela de Doctorado. Curso 2020-2021 Escuela de Doctorado. Universidad de Burgos. Formaci\u00f3n de investigaci\u00f3n. Actividades trasversales. Formaci\u00f3n trasversal de Doctorado. Universidad de Salamanca. Programa de formaci\u00f3n trasversal de la Escuela &hellip; <a href=\"https:\/\/servicios.unileon.es\/formacion-transversal-alumnos-de-doctorado\/paginas-de-interes\/\">Sigue leyendo <span class=\"meta-nav\">&rarr;<\/span><\/a><\/p>\n","protected":false},"author":432,"featured_media":0,"parent":0,"menu_order":0,"comment_status":"closed","ping_status":"closed","template":"","meta":{"footnotes":""},"class_list":["post-161","page","type-page","status-publish","hentry"],"_links":{"self":[{"href":"https:\/\/servicios.unileon.es\/formacion-transversal-alumnos-de-doctorado\/wp-json\/wp\/v2\/pages\/161","targetHints":{"allow":["GET"]}}],"collection":[{"href":"https:\/\/servicios.unileon.es\/formacion-transversal-alumnos-de-doctorado\/wp-json\/wp\/v2\/pages"}],"about":[{"href":"https:\/\/servicios.unileon.es\/formacion-transversal-alumnos-de-doctorado\/wp-json\/wp\/v2\/types\/page"}],"author":[{"embeddable":true,"href":"https:\/\/servicios.unileon.es\/formacion-transversal-alumnos-de-doctorado\/wp-json\/wp\/v2\/users\/432"}],"replies":[{"embeddable":true,"href":"https:\/\/servicios.unileon.es\/formacion-transversal-alumnos-de-doctorado\/wp-json\/wp\/v2\/comments?post=161"}],"version-history":[{"count":18,"href":"https:\/\/servicios.unileon.es\/formacion-transversal-alumnos-de-doctorado\/wp-json\/wp\/v2\/pages\/161\/revisions"}],"predecessor-version":[{"id":225,"href":"https:\/\/servicios.unileon.es\/formacion-transversal-alumnos-de-doctorado\/wp-json\/wp\/v2\/pages\/161\/revisions\/225"}],"wp:attachment":[{"href":"https:\/\/servicios.unileon.es\/formacion-transversal-alumnos-de-doctorado\/wp-json\/wp\/v2\/media?parent=161"}],"curies":[{"name":"wp","href":"https:\/\/api.w.org\/{rel}","templated":true}]}}