{"id":916,"date":"2013-08-28T11:13:29","date_gmt":"2013-08-28T11:13:29","guid":{"rendered":"http:\/\/servicios.unileon.es\/escuela-de-formacion\/?page_id=916"},"modified":"2025-04-02T12:13:41","modified_gmt":"2025-04-02T12:13:41","slug":"formacion-abierta-online","status":"publish","type":"page","link":"https:\/\/servicios.unileon.es\/formacion-pdi\/formacion-abierta-online\/","title":{"rendered":"Formaci\u00f3n Abierta Online"},"content":{"rendered":"<p style=\"text-align: justify;\"><span style=\"color: #0000ff;\"><strong>CURSOS MOOC<\/strong><\/span><\/p>\n<p style=\"text-align: justify;\"><em>Los MOOC son una nueva v\u00eda de formaci\u00f3n que da la posibilidad a todo aquel que quiera, de aprender realizando cursos masivos, abiertos y gratuitos a trav\u00e9s de Internet, ofrecidos principalmente por las universidades, pero tambi\u00e9n por otras organizaciones.<\/em><\/p>\n<p style=\"text-align: justify;\"><em>Aunque los cursos son gratuitos y todo el mundo puede acceder a ellos, cada Universidad\/Organismo establece sus criterios y\/o TASAS de certificaci\u00f3n. Es importante que te informes antes de iniciar un MOOC.<\/em><\/p>\n<p style=\"text-align: justify;\"><a href=\"https:\/\/www.coursera.org\/\">COURSERA.<\/a> Cursos en diferentes idiomas. En Espa\u00f1ol incluye los cursos que oferta la Universitat Autonoma de Barcelona, entre otros.<\/p>\n<p style=\"text-align: justify;\"><a href=\"https:\/\/www.miriadax.net\/\">MIR\u00cdADA X<\/a> ofrece una plataforma\u00a0de acceso a\u00a0diferentes Cursos Online Masivos en Abierto (MOOC\u00b4s), accesibles para todo el mundo de manera gratuita.<\/p>\n<p style=\"text-align: justify;\"><a href=\"http:\/\/www.mooc.es\/\">MOOC: <\/a>Cursos Masivos Online Abiertos. Cursos ofertados por diferentes universidades.<\/p>\n<p style=\"text-align: justify;\"><a href=\"http:\/\/www.iaeu.net\/\">INSTITUTO DE ALTOS ESTUDIOS UNIVERSITARIOS EN ABIERTO<\/a>\u00a0ofrece el acceso gratuito, libre y abierto a conocimientos generados en el \u00e1mbito universitario. Las Universidades que participan en el programa san: Universidad de Alcal\u00e1, Universidad de Granada, Universidad de Le\u00f3n y Universidad Europea Miguel de Cervantes.<\/p>\n<p style=\"text-align: justify;\"><a href=\"http:\/\/citep.rec.uba.ar\/escenarios-educativos-con-tecnologia-entre-lo-real-y-lo-posible\/\">ESCENARIOS EDUCATIVOS CON TECNOLOG\u00cdA: ENTRE LO REAL Y LO POSIBLE <\/a>(CITEP, Universidad de Buenos Aires, Argentina). Pensado para personas relacionadas con el mundo de la formaci\u00f3n y con inter\u00e9s en la tecnolog\u00eda aplicada a la ense\u00f1anza. Aborda, entre otros aspectos, los entornos web dise\u00f1ados para la ense\u00f1anza y el aprendizaje, las redes sociales y el movimiento abierto en educaci\u00f3n.<\/p>\n<p style=\"text-align: justify;\"><span style=\"color: #0000ff;\"><em><strong>UNIVERSIDADES QUE OFERTAN CURSOS MOOC<\/strong><\/em><\/span><\/p>\n<p style=\"text-align: justify;\"><a href=\"https:\/\/unedcoma.es\/\">UNEDCOMA:<\/a> entorno de formaci\u00f3n abierta de la UNED donde se puede acceder a cursos online masivos y abiertos.<\/p>\n<p style=\"text-align: justify;\"><a href=\"http:\/\/www.unav.edu\/web\/estudios\/mooc\/\">CURSOS MOOC UNIVERSIDAD DE NAVARRA:<\/a> cursos online de la Universidad de Navarra divididos en unidades docentes que exigen entre 8 y 12 horas de dedicaci\u00f3n al alumno, distribuidas entre 2 y 4 semanas.<\/p>\n<p style=\"text-align: justify;\"><a href=\"http:\/\/www.upvx.es\/\">UPV (X) FORMACI\u00d3N ONLINE.<\/a> Universidad Polit\u00e9cnica de Valencia.<\/p>\n<p style=\"text-align: justify;\"><span style=\"color: #0000ff;\"><strong>OPENCOURSEWARE Y OCW SITE<\/strong><\/span><\/p>\n<p style=\"text-align: justify;\"><em>OpenCourseWare (OCW) es una iniciativa que proporciona un acceso libre, sencillo y coherente a los materiales docentes para educadores, estudiantes y autodidactas de todo el mundo. El \u00e9xito alcanzado ha posibilitado crear un movimiento flexible para la colaboraci\u00f3n y las sinergias entre universidades.<\/em><\/p>\n<p style=\"text-align: justify;\"><em>Un OCW NO es un servicio de formaci\u00f3n a distancia, por lo que no hay interacci\u00f3n profesor\/alumno ni ning\u00fan tipo de acreditaci\u00f3n o reconocimiento por parte de la instituci\u00f3n. S\u00cd supone un espacio para el autoaprendizaje y la adquisici\u00f3n de conocimientos.<\/em><\/p>\n<p style=\"text-align: justify;\"><a href=\"http:\/\/ocw.universia.net\/es\/\">INICIATIVA OCW UNIVERSIA<\/a>\u00a0Es un espacio con amplia informaci\u00f3n sobre los OCW donde puedes encontrar un acceso directo a todas las instituciones integrantes y\/o un acceso a los contenidos clasificados por \u00e1reas de conocimiento.<\/p>\n<ul>\n<li style=\"text-align: justify;\">\n<div><a href=\"https:\/\/ocw.uca.es\/\">OCW Universidad de C\u00e1diz<\/a><\/div>\n<\/li>\n<li style=\"text-align: justify;\">\n<div><a href=\"https:\/\/abierta.ugr.es\/course\/index.php?categoryid=4\">OCW Universidad de Granada<\/a><\/div>\n<\/li>\n<li style=\"text-align: justify;\">\n<div><a href=\"http:\/\/www.uhu.es\/sevirtual\/ocw\/\">OCW Universidad de Huelva<\/a><\/div>\n<\/li>\n<li style=\"text-align: justify;\">\n<div><a href=\"http:\/\/ocw.uma.es\/\">OCW Universidad de M\u00e1laga<\/a><\/div>\n<\/li>\n<li style=\"text-align: justify;\">\n<div><a href=\"http:\/\/ocwus.us.es\/ocwus\">OCW Universidad de Sevilla<\/a><\/div>\n<\/li>\n<li style=\"text-align: justify;\">\n<div><a href=\"http:\/\/ocw.unia.es\/\">OCW Universidad Internacional de Andaluc\u00eda<\/a><\/div>\n<\/li>\n<li style=\"text-align: justify;\">\n<div><a href=\"http:\/\/ocw.unizar.es\/ocw\/\">OCW Universidad de Zaragoza<\/a><\/div>\n<\/li>\n<li style=\"text-align: justify;\">\n<div><a href=\"http:\/\/ocw.uniovi.es\/\">OCW Universidad de Oviedo<\/a><\/div>\n<\/li>\n<li style=\"text-align: justify;\">\n<div><a href=\"http:\/\/campusvirtual.ull.es\/ocw\/\">OCW Universidad de La Laguna<\/a><\/div>\n<\/li>\n<li style=\"text-align: justify;\">\n<div><a href=\"http:\/\/ocw.unican.es\/\">OCW Universidad de Cantabria<\/a><\/div>\n<\/li>\n<li style=\"text-align: justify;\">\n<div><a href=\"http:\/\/ocw.usal.es\/\">OCW Universidad de Salamanca<\/a><\/div>\n<\/li>\n<li style=\"text-align: justify;\">\n<div><a href=\"https:\/\/www.uab.cat\/web\/estudiar\/mooc-1345668280899.html\">OCW Universidad Aut\u00f3noma de Barcelona<\/a><\/div>\n<\/li>\n<li style=\"text-align: justify;\">\n<div><a href=\"http:\/\/ocw.uoc.edu\/uoc-opencourseware-espanyol\/view?set_language=es\">OCW Universidad Oberta de Catalunya<\/a><\/div>\n<\/li>\n<li style=\"text-align: justify;\">\n<div><a href=\"http:\/\/ocw.udl.cat.\/\">OCW Universitat de Lleida<\/a><\/div>\n<\/li>\n<li style=\"text-align: justify;\">\n<div><a href=\"http:\/\/ocw.upc.edu\/\">OCW Universitat Polit\u00e9cnica de Catalunya<\/a><\/div>\n<\/li>\n<li style=\"text-align: justify;\">\n<div><a href=\"https:\/\/www.ceu.es\/\">OCW Fundaci\u00f3n Universitaria San Pablo CEU<\/a><\/div>\n<\/li>\n<li style=\"text-align: justify;\">\n<div><a href=\"http:\/\/ocw.innova.uned.es\/ocwuniversia\">OCW UNED<\/a><\/div>\n<\/li>\n<li style=\"text-align: justify;\">\n<div><a href=\"http:\/\/ocw.uc3m.es\/ocwuniversia\">OCW Universidad Carlos III de Madrid<\/a><\/div>\n<\/li>\n<li style=\"text-align: justify;\">\n<div><a href=\"http:\/\/ocw.upm.es\/\">OCW Universidad Polit\u00e9cnica de Madrid<\/a><\/div>\n<\/li>\n<li style=\"text-align: justify;\">\n<div><a href=\"https:\/\/www.unav.edu\/web\/calidad-e-innovacion\/opencourseware\">OCW Universidad de Navarra<\/a><\/div>\n<\/li>\n<li>\n<div style=\"text-align: justify;\"><a href=\"http:\/\/ocw.ua.es\/\">OCW Universidad de Alicante<\/a><\/div>\n<\/li>\n<li>\n<div><a href=\"http:\/\/ocw.uv.es\/\">OCW Universidad de Valencia<\/a><\/div>\n<\/li>\n<li>\n<div><a href=\"http:\/\/ocw.uji.es\/?p_idioma=ES\">OCW Universidad Jaume I<\/a><\/div>\n<\/li>\n<li>\n<div><a href=\"http:\/\/ocw.umh.es\/\">OCW Universidad Miguel Hern\u00e1ndez de Elche<\/a><\/div>\n<\/li>\n<li>\n<div><a href=\"http:\/\/ocw.uib.es\/\">OCW Universidad de las Islas Baleares<\/a><\/div>\n<\/li>\n<li>\n<div><a href=\"http:\/\/ocw.um.es\/\">OCW Universidad de Murcia<\/a><\/div>\n<\/li>\n<li>\n<div><a href=\"http:\/\/ocw.bib.upct.es\/\">OCW Universidad Polit\u00e9cnica de Cartagena<\/a><\/div>\n<\/li>\n<li>\n<div><a href=\"http:\/\/ocw.ehu.es\/\">OCW Universidad del Pa\u00eds Vasco<\/a><\/div>\n<\/li>\n<\/ul>\n<p>&nbsp;<\/p>\n","protected":false},"excerpt":{"rendered":"<p>CURSOS MOOC Los MOOC son una nueva v\u00eda de formaci\u00f3n que da la posibilidad a todo aquel que quiera, de aprender realizando cursos masivos, abiertos y gratuitos a trav\u00e9s de Internet, ofrecidos principalmente por las universidades, pero tambi\u00e9n por otras &hellip; <a href=\"https:\/\/servicios.unileon.es\/formacion-pdi\/formacion-abierta-online\/\">Sigue leyendo <span class=\"meta-nav\">&rarr;<\/span><\/a><\/p>\n","protected":false},"author":432,"featured_media":0,"parent":0,"menu_order":0,"comment_status":"closed","ping_status":"closed","template":"","meta":{"footnotes":""},"class_list":["post-916","page","type-page","status-publish","hentry"],"_links":{"self":[{"href":"https:\/\/servicios.unileon.es\/formacion-pdi\/wp-json\/wp\/v2\/pages\/916","targetHints":{"allow":["GET"]}}],"collection":[{"href":"https:\/\/servicios.unileon.es\/formacion-pdi\/wp-json\/wp\/v2\/pages"}],"about":[{"href":"https:\/\/servicios.unileon.es\/formacion-pdi\/wp-json\/wp\/v2\/types\/page"}],"author":[{"embeddable":true,"href":"https:\/\/servicios.unileon.es\/formacion-pdi\/wp-json\/wp\/v2\/users\/432"}],"replies":[{"embeddable":true,"href":"https:\/\/servicios.unileon.es\/formacion-pdi\/wp-json\/wp\/v2\/comments?post=916"}],"version-history":[{"count":19,"href":"https:\/\/servicios.unileon.es\/formacion-pdi\/wp-json\/wp\/v2\/pages\/916\/revisions"}],"predecessor-version":[{"id":9761,"href":"https:\/\/servicios.unileon.es\/formacion-pdi\/wp-json\/wp\/v2\/pages\/916\/revisions\/9761"}],"wp:attachment":[{"href":"https:\/\/servicios.unileon.es\/formacion-pdi\/wp-json\/wp\/v2\/media?parent=916"}],"curies":[{"name":"wp","href":"https:\/\/api.w.org\/{rel}","templated":true}]}}