{"id":90,"date":"2013-03-05T10:52:22","date_gmt":"2013-03-05T10:52:22","guid":{"rendered":"http:\/\/servicios.unileon.es\/escuela-de-formacion\/?page_id=90"},"modified":"2026-04-10T12:16:03","modified_gmt":"2026-04-10T12:16:03","slug":"novedades","status":"publish","type":"page","link":"https:\/\/servicios.unileon.es\/formacion-pdi\/","title":{"rendered":"Novedades"},"content":{"rendered":"<p style=\"text-align: justify;\"><span style=\"text-decoration: underline; color: #008000;\"><strong>PROGRAMA DE FORMACI\u00d3N DOCENTE INICIAL DE LAS UNIVERSIDADES P\u00daBLICAS DE CASTILLA Y LE\u00d3N*<\/strong><\/span><\/p>\n<p>&nbsp;<\/p>\n<ul>\n<li style=\"text-align: justify;\"><strong><span style=\"color: #008000;\"><span style=\"color: #ff0000;\">\u00a1\u00a1\u00a1NUEVO HORARIO!!!<\/span> Presencial en Ponferrada:<\/span> M\u00f3dulo 2. Recursos para la docencia: digitalizaci\u00f3n. <\/strong>\u00a08, 14 y 15 de abril. <a href=\"http:\/\/servicios.unileon.es\/formacion-pdi\/files\/2026\/03\/Modulo-2-Formacion-Inicial_Recursos-para-la-docencia.-Digitalizacion_Ponferrada.pdf\">M\u00f3dulo 2 Formaci\u00f3n Inicial_Recursos para la docencia. Digitalizaci\u00f3n_Ponferrada<\/a><\/li>\n<\/ul>\n<p style=\"text-align: right;\"><a href=\"https:\/\/fgulem.unileon.es\/eformacion\/oferta.aspx?m=3\">Solicitar curso<\/a><\/p>\n<ul>\n<li style=\"text-align: justify;\"><strong><span style=\"color: #008000;\">Online:<\/span> M\u00f3dulo 5. Competencias relacionales y responsabilidad social: dise\u00f1o universal para el aprendizaje, perspectiva de g\u00e9nero e inclusi\u00f3n social.<\/strong><\/li>\n<\/ul>\n<p style=\"text-align: right;\">Edici\u00f3n 1: 20, 21 y 2 de abril de 2026 (horario de 16:30 a 19:30 horas)<\/p>\n<p style=\"text-align: right;\">Edici\u00f3n 2: 19, 20 y 21 de mayo de 2026 (horario de 16:30 a 19:30 horas)<\/p>\n<ul>\n<li style=\"text-align: justify;\"><strong><span style=\"color: #008000;\">Online: <\/span>M\u00f3dulo 4. Innovaci\u00f3n Docente (edici\u00f3n 5).\u00a0<\/strong>Del 11 al 13 de mayo. El plazo de matr\u00edcula se abre el d\u00eda 28 de abril a las 9:00 horas. <a href=\"http:\/\/servicios.unileon.es\/formacion-pdi\/files\/2026\/02\/MODULO-4-INNOVACION-DOCENTE.-EDICION-5.pdf\">M\u00d3DULO 4 INNOVACI\u00d3N DOCENTE. EDICI\u00d3N 5<\/a><\/li>\n<\/ul>\n<p>&nbsp;<\/p>\n<p style=\"text-align: justify;\">*Los cursos est\u00e1n dirigidos, preferentemente, a profesores Ayudantes Doctores LOSU.\u00a0 En funci\u00f3n de cu\u00e1ntas personas queden en la reserva, se ir\u00e1n ofertando en los pr\u00f3ximos meses nuevas ediciones de cada m\u00f3dulo hasta cubrir todas las necesidades.<\/p>\n<p>&nbsp;<\/p>\n<p>&nbsp;<\/p>\n<p><span style=\"text-decoration: underline; color: #008000;\"><strong>CURSOS EN FASE DE MATR\u00cdCULA<\/strong><\/span><\/p>\n<ul>\n<li style=\"text-align: justify;\"><strong><span style=\"color: #ff0000;\">\u00a1COMPLETO! <\/span><span style=\"color: #008000;\">\u00a1Online s\u00edncrono!<\/span> Dise\u00f1o y creaci\u00f3n de recursos digitales con IA aplicados al aula.<\/strong> 13 y 14 de abril. <a href=\"http:\/\/servicios.unileon.es\/formacion-pdi\/files\/2026\/03\/DISENO-Y-CREACION-DE-RECURSOS-DIGITALES-CON-IA.pdf\">DISE\u00d1O Y CREACI\u00d3N DE RECURSOS DIGITALES CON IA<\/a><\/li>\n<\/ul>\n<p>&nbsp;<\/p>\n<ul>\n<li style=\"text-align: justify;\"><strong><span style=\"color: #008000;\"><span style=\"color: #ff0000;\">\u00a1ANULADO!<\/span> \u00a1Presencial!<\/span> Creaci\u00f3n pr\u00e1ctica de materiales interactivos y actividades gamificadas con H5P e IA en Moodle.<\/strong> 14 de abril.\u00a0 <a href=\"http:\/\/servicios.unileon.es\/formacion-pdi\/files\/2026\/03\/CREACION-DE-MATERIALES-INTERACTIVOS-Y-CLASES-GAMIFICADAS.pdf\">CREACI\u00d3N DE MATERIALES INTERACTIVOS Y CLASES GAMIFICADAS<\/a><\/li>\n<\/ul>\n<p>&nbsp;<\/p>\n<ul>\n<li style=\"text-align: justify;\"><strong><span style=\"color: #008000;\">\u00a1Online!<\/span> Metodolog\u00eda de la investigaci\u00f3n emp\u00edrica: dise\u00f1o de experimentos con Gorilla Experiment Bulder. <span style=\"color: #ff0000;\">CAMBIO DE FECHA:<\/span><\/strong> <span style=\"text-decoration: underline;\"><strong><span style=\"color: #ff0000; text-decoration: underline;\">17 y 24 de abril<\/span>.<\/strong><\/span> <em>Curso con plazas para alumnos de doctorado. <\/em><span style=\"color: #ff0000;\">IMPORTANTE:<\/span> Se requiere un m\u00ednimo de conocimientos de ingl\u00e9s B2\u00a0 <a href=\"http:\/\/servicios.unileon.es\/formacion-pdi\/files\/2026\/03\/METODOLOGIA-DE-LA-INVESTIGACION-EMPIRICA-1.pdf\">METODOLOG\u00cdA DE LA INVESTIGACI\u00d3N EMP\u00cdRICA<\/a><\/li>\n<\/ul>\n<p style=\"text-align: right;\"><a href=\"https:\/\/fgulem.unileon.es\/eformacion\/oferta.aspx?m=3\">Solicitar curso<\/a><\/p>\n<ul>\n<li><strong><span style=\"color: #008000;\">\u00a1Presencial!<\/span> Introducci\u00f3n al an\u00e1lisis estad\u00edstico con SPSS.<\/strong> 20-21-22 de abril.\u00a0 <a href=\"https:\/\/servicios.unileon.es\/formacion-transversal-alumnos-de-doctorado\/files\/2026\/03\/INTRODUCCION-AL-ANALISIS-ESTADISTICO-CON-SPSS.pdf\">INTRODUCCI\u00d3N AL AN\u00c1LISIS ESTAD\u00cdSTICO CON SPSS<\/a><\/li>\n<\/ul>\n<p style=\"text-align: right;\"><a href=\"https:\/\/fgulem.unileon.es\/eformacion\/oferta.aspx?m=3\">Solicitar curso<\/a><\/p>\n<p>&nbsp;<\/p>\n<p>&nbsp;<\/p>\n<p><span style=\"text-decoration: underline; color: #008000;\"><strong>CURSOS EN FASE DE IMPARTICI\u00d3N<\/strong><\/span><\/p>\n<ul>\n<li style=\"text-align: justify;\"><strong><span style=\"color: #008000;\">\u00a1Presencial!<\/span> Conversaci\u00f3n B\u00e1sica en Italiano.<\/strong> 6-13-20 de marzo y 10-17 de abril. <em>Curso con plazas para alumnos de doctorado.<\/em>\u00a0<a href=\"http:\/\/servicios.unileon.es\/formacion-pdi\/files\/2026\/02\/CONVERSACION-BASICA-EN-ITALIANO.pdf\">CONVERSACI\u00d3N B\u00c1SICA EN ITALIANO<\/a><\/li>\n<\/ul>\n<p>&nbsp;<\/p>\n<ul style=\"list-style-type: square;\">\n<li style=\"text-align: justify;\"><strong><span style=\"color: #008000;\">\u00a1Presencial!<\/span> Curso para la acreditaci\u00f3n a Profesor Titular de Universidad. Edici\u00f3n en Ponferrada.<\/strong> 9 y 14 de abril. <span style=\"text-decoration: underline; color: #008000;\"><strong><a href=\"http:\/\/servicios.unileon.es\/formacion-pdi\/files\/2026\/04\/ACREDITACION-A-PTU-PONFERRADA.pdf\">ACREDITACI\u00d3N A PTU PONFERRADA<\/a><\/strong><\/span><\/li>\n<\/ul>\n<p>&nbsp;<\/p>\n<ul style=\"list-style-type: square;\">\n<li style=\"text-align: justify;\"><strong><span style=\"color: #008000;\">NUEVA FECHA \u00a1Presencial Ponferrada!<\/span> Introducci\u00f3n a la Dinamometr\u00eda: manejo b\u00e1sico del sistema Biodex.<\/strong> 10 de abril. Curso con plazas para alumnos de doctorado. <a href=\"http:\/\/servicios.unileon.es\/formacion-pdi\/files\/2026\/03\/INTRODUCCION-A-LA-DINAMOMETRIA-BIODEX.pdf\">INTRODUCCI\u00d3N A LA DINAMOMETR\u00cdA BIODEX<\/a><\/li>\n<\/ul>\n<p>&nbsp;<\/p>\n<p><span style=\"text-decoration: underline; color: #008000;\"><strong>PR\u00d3XIMOS CURSOS<\/strong><\/span><\/p>\n<ul>\n<li style=\"text-align: justify;\"><strong><span style=\"color: #008000;\">\u00a1Semipresencial!<\/span> T\u00e9cnica vocal para docentes.<\/strong> Del 28 de abril al 21 de mayo. El plazo de matr\u00edcula se abre el d\u00eda 14 de abril a las 9:00 horas. <a href=\"http:\/\/servicios.unileon.es\/formacion-pdi\/files\/2026\/04\/TECNICA-VOCAL-PARA-DOCENTES.pdf\">T\u00c9CNICA VOCAL PARA DOCENTES<\/a><\/li>\n<\/ul>\n<p>&nbsp;<\/p>\n<ul>\n<li style=\"text-align: justify;\"><strong><span style=\"color: #008000;\">\u00a1Online!<\/span> Uso de la Inteligencia Artificial como apoyo a la investigaci\u00f3n cient\u00edfica (3\u00aa edici\u00f3n).<\/strong> 30 de abril y 7 de mayo. El plazo de matr\u00edcula se abre el d\u00eda 16 de abril a las 9:00 horas. <a href=\"http:\/\/servicios.unileon.es\/formacion-pdi\/files\/2026\/04\/USO-DE-LA-IA-COMO-APOYO-A-LA-INVESTIGACION-CIENTIFICA.-EDICION-3.pdf\">USO DE LA IA COMO APOYO A LA INVESTIGACI\u00d3N CIENT\u00cdFICA. EDICI\u00d3N 3<\/a><\/li>\n<\/ul>\n<p>&nbsp;<\/p>\n<ul style=\"list-style-type: square;\">\n<li style=\"text-align: justify;\"><strong><span style=\"color: #008000;\">\u00a1Presencial!<\/span> Caligraf\u00eda rusa (en cir\u00edlico): curso inicial.<\/strong> 30 de abril, 8-15-22-29 de mayo. El plazo de matr\u00edcula se abre el d\u00eda 16 de abril a las 9:00 horas. <a href=\"http:\/\/servicios.unileon.es\/formacion-pdi\/files\/2026\/04\/CALIGRAFIA-RUSA-en-cirilico-CURSO-INICIAL.pdf\">CALIGRAF\u00cdA RUSA (en cir\u00edlico) CURSO INICIAL<\/a><\/li>\n<\/ul>\n<p>&nbsp;<\/p>\n<ul style=\"list-style-type: square;\">\n<li style=\"text-align: justify;\"><strong><span style=\"color: #008000;\">\u00a1Online!<\/span> Dominando Word: \u00a1S\u00e1cale el m\u00e1ximo partido!<\/strong> 6 de mayo! El plazo de matr\u00edcula se abre el d\u00eda 22 de abril a las 9:00 horas. <a href=\"http:\/\/servicios.unileon.es\/formacion-pdi\/files\/2026\/04\/DOMINANDO-WORD-EDICION-5.pdf\">DOMINANDO WORD EDICI\u00d3N 5<\/a><\/li>\n<\/ul>\n<p>&nbsp;<\/p>\n<p>&nbsp;<\/p>\n<p>&nbsp;<\/p>\n<p style=\"text-align: justify;\"><span style=\"color: #ff0000;\"><strong>\u00a1NUEVO!<\/strong> <\/span>Primera edici\u00f3n 2026 del MOOC <strong>\u00abSoy competente digital\u00bb<\/strong> <u><a href=\"https:\/\/www.soycompetentedigital.es\/\" data-saferedirecturl=\"https:\/\/www.google.com\/url?q=https:\/\/www.soycompetentedigital.es\/&amp;source=gmail&amp;ust=1773750335966000&amp;usg=AOvVaw10UpqCrP1YyeombI74cZCv\">www.soycompetentedigital.es<\/a><\/u><\/p>\n<p style=\"font-weight: 400; text-align: justify;\">El curso comienza el 17 de marzo y finaliza el pr\u00f3ximo 17 de junio. Las inscripciones ya est\u00e1n disponibles y el <strong>plazo para poder inscribirse en el curso es hasta el 17 de abril<\/strong>.<\/p>\n<p><a href=\"http:\/\/servicios.unileon.es\/formacion-pas\/files\/2026\/03\/SOY-COMPETENTE-DIGITAL.png\"><img loading=\"lazy\" decoding=\"async\" class=\"wp-image-2033 aligncenter\" src=\"http:\/\/servicios.unileon.es\/formacion-pas\/files\/2026\/03\/SOY-COMPETENTE-DIGITAL-240x300.png\" alt=\"\" width=\"283\" height=\"354\" \/><\/a><\/p>\n<p>&nbsp;<\/p>\n<p>&nbsp;<\/p>\n<p><span style=\"text-decoration: underline; color: #008000;\"><strong>GRABACI\u00d3N CURSOS DE INVESTIGACI\u00d3N<\/strong><\/span><\/p>\n<p style=\"text-align: justify;\">Acceso a la documentaci\u00f3n y grabaci\u00f3n de los cursos a trav\u00e9s de ariadna.unileon.es &gt; Cursos PDI &gt; Formaci\u00f3n en Investigaci\u00f3n.<\/p>\n<ul style=\"font-weight: 400; text-align: justify;\">\n<li><span style=\"color: #000000;\"><strong>\u00a1NUEVO! Ya est\u00e1 disponible la presentaci\u00f3n y la grabaci\u00f3n del curso celebrado el 26 de noviembre de 2025\u00a0<\/strong><\/span> <a href=\"https:\/\/ariadna.unileon.es\/course\/view.php?id=1874\">C\u00f3mo presentar de forma eficiente la solicitud de Sexenios de Investigaci\u00f3n 2025<\/a>. Para acceder, deber\u00e1 matricularse (automatr\u00edcula), identific\u00e1ndose con su cuenta de la Universidad de Le\u00f3n.<\/li>\n<\/ul>\n<p>&nbsp;<\/p>\n<p style=\"text-align: justify;\"><strong><span style=\"color: #000000;\">Informe de resultados de la encuesta para la detecci\u00f3n de necesidades formativas del PDI 2025. <a href=\"http:\/\/servicios.unileon.es\/formacion-pdi\/files\/2026\/02\/INFORME-DE-RESULTADOS-DICIEMBRE-2025.pdf\">INFORME DE RESULTADOS DICIEMBRE 2025<\/a><\/span><\/strong><\/p>\n<p>&nbsp;<\/p>\n<p style=\"text-align: justify;\"><span style=\"color: #008000;\"><strong>MEMORIA ESCUELA DE FORMACI\u00d3N A\u00d1O 2024<\/strong> <a href=\"http:\/\/servicios.unileon.es\/formacion-pdi\/files\/2025\/05\/MEMORIA-ESCUELA-DE-FORMACION-2024.pdf\">MEMORIA ESCUELA DE FORMACI\u00d3N 2024<\/a><\/span><\/p>\n<p>&nbsp;<\/p>\n<p style=\"text-align: justify;\"><a href=\"http:\/\/servicios.unileon.es\/formacion-pdi\/jornadas-y-congresos-sobre-docencia-e-innovacion\/\">Jornadas y Congresos sobre Docencia e Innovaci\u00f3n<\/a><\/p>\n","protected":false},"excerpt":{"rendered":"<p>PROGRAMA DE FORMACI\u00d3N DOCENTE INICIAL DE LAS UNIVERSIDADES P\u00daBLICAS DE CASTILLA Y LE\u00d3N* &nbsp; \u00a1\u00a1\u00a1NUEVO HORARIO!!! Presencial en Ponferrada: M\u00f3dulo 2. Recursos para la docencia: digitalizaci\u00f3n. \u00a08, 14 y 15 de abril. M\u00f3dulo 2 Formaci\u00f3n Inicial_Recursos para la docencia. Digitalizaci\u00f3n_Ponferrada &hellip; <a href=\"https:\/\/servicios.unileon.es\/formacion-pdi\/\">Sigue leyendo <span class=\"meta-nav\">&rarr;<\/span><\/a><\/p>\n","protected":false},"author":432,"featured_media":0,"parent":0,"menu_order":0,"comment_status":"closed","ping_status":"closed","template":"","meta":{"footnotes":""},"class_list":["post-90","page","type-page","status-publish","hentry"],"_links":{"self":[{"href":"https:\/\/servicios.unileon.es\/formacion-pdi\/wp-json\/wp\/v2\/pages\/90","targetHints":{"allow":["GET"]}}],"collection":[{"href":"https:\/\/servicios.unileon.es\/formacion-pdi\/wp-json\/wp\/v2\/pages"}],"about":[{"href":"https:\/\/servicios.unileon.es\/formacion-pdi\/wp-json\/wp\/v2\/types\/page"}],"author":[{"embeddable":true,"href":"https:\/\/servicios.unileon.es\/formacion-pdi\/wp-json\/wp\/v2\/users\/432"}],"replies":[{"embeddable":true,"href":"https:\/\/servicios.unileon.es\/formacion-pdi\/wp-json\/wp\/v2\/comments?post=90"}],"version-history":[{"count":5347,"href":"https:\/\/servicios.unileon.es\/formacion-pdi\/wp-json\/wp\/v2\/pages\/90\/revisions"}],"predecessor-version":[{"id":10648,"href":"https:\/\/servicios.unileon.es\/formacion-pdi\/wp-json\/wp\/v2\/pages\/90\/revisions\/10648"}],"wp:attachment":[{"href":"https:\/\/servicios.unileon.es\/formacion-pdi\/wp-json\/wp\/v2\/media?parent=90"}],"curies":[{"name":"wp","href":"https:\/\/api.w.org\/{rel}","templated":true}]}}