{"id":9,"date":"2013-02-20T07:08:11","date_gmt":"2013-02-20T07:08:11","guid":{"rendered":"http:\/\/servicios.unileon.es\/escuela-de-fromacion\/?page_id=9"},"modified":"2024-08-20T11:25:36","modified_gmt":"2024-08-20T11:25:36","slug":"oferta-de-cursos","status":"publish","type":"page","link":"https:\/\/servicios.unileon.es\/formacion-pdi\/oferta-de-cursos\/","title":{"rendered":"Programa de Formaci\u00f3n"},"content":{"rendered":"<p style=\"text-align: justify;\"><span style=\"color: #000000;\">La\u00a0Escuela de Formaci\u00f3n dise\u00f1a, desarrolla y eval\u00faa cada a\u00f1o un Plan de Formaci\u00f3n del Profesorado que pretende dar una respuesta de calidad a las necesidades e intereses formativos que se van detectando.<span style=\"font-family: Trebuchet MS;\">\u00a0 <\/span><\/span><\/p>\n<p style=\"text-align: justify;\"><span style=\"color: #000000;\"><strong>Recordamos que\u00a0la oferta de cursos est\u00e1 abierta todo el a\u00f1o<\/strong> y se enriquece con las propuestas y sugerencias que puede aportar cualquier miembro del profesorado. <\/span><span style=\"color: #000000;\">Asimismo, como en a\u00f1os anteriores, se realizar\u00e1n acciones formativas en <span style=\"font-family: Trebuchet MS;\">\u00a0colaboraci\u00f3n con Departamentos, Centros e Institutos que as\u00ed lo <\/span><span style=\"font-family: Trebuchet MS;\">\u00a0requieran.<\/span><\/span><\/p>\n<p>&nbsp;<\/p>\n","protected":false},"excerpt":{"rendered":"<p>La\u00a0Escuela de Formaci\u00f3n dise\u00f1a, desarrolla y eval\u00faa cada a\u00f1o un Plan de Formaci\u00f3n del Profesorado que pretende dar una respuesta de calidad a las necesidades e intereses formativos que se van detectando.\u00a0 Recordamos que\u00a0la oferta de cursos est\u00e1 abierta todo &hellip; <a href=\"https:\/\/servicios.unileon.es\/formacion-pdi\/oferta-de-cursos\/\">Sigue leyendo <span class=\"meta-nav\">&rarr;<\/span><\/a><\/p>\n","protected":false},"author":1,"featured_media":0,"parent":0,"menu_order":0,"comment_status":"closed","ping_status":"closed","template":"","meta":{"footnotes":""},"class_list":["post-9","page","type-page","status-publish","hentry"],"_links":{"self":[{"href":"https:\/\/servicios.unileon.es\/formacion-pdi\/wp-json\/wp\/v2\/pages\/9","targetHints":{"allow":["GET"]}}],"collection":[{"href":"https:\/\/servicios.unileon.es\/formacion-pdi\/wp-json\/wp\/v2\/pages"}],"about":[{"href":"https:\/\/servicios.unileon.es\/formacion-pdi\/wp-json\/wp\/v2\/types\/page"}],"author":[{"embeddable":true,"href":"https:\/\/servicios.unileon.es\/formacion-pdi\/wp-json\/wp\/v2\/users\/1"}],"replies":[{"embeddable":true,"href":"https:\/\/servicios.unileon.es\/formacion-pdi\/wp-json\/wp\/v2\/comments?post=9"}],"version-history":[{"count":33,"href":"https:\/\/servicios.unileon.es\/formacion-pdi\/wp-json\/wp\/v2\/pages\/9\/revisions"}],"predecessor-version":[{"id":9187,"href":"https:\/\/servicios.unileon.es\/formacion-pdi\/wp-json\/wp\/v2\/pages\/9\/revisions\/9187"}],"wp:attachment":[{"href":"https:\/\/servicios.unileon.es\/formacion-pdi\/wp-json\/wp\/v2\/media?parent=9"}],"curies":[{"name":"wp","href":"https:\/\/api.w.org\/{rel}","templated":true}]}}