{"id":8,"date":"2013-02-20T07:08:01","date_gmt":"2013-02-20T07:08:01","guid":{"rendered":"http:\/\/servicios.unileon.es\/escuela-de-fromacion\/?page_id=8"},"modified":"2023-04-13T10:00:25","modified_gmt":"2023-04-13T10:00:25","slug":"informacion-general","status":"publish","type":"page","link":"https:\/\/servicios.unileon.es\/formacion-pdi\/informacion-general\/","title":{"rendered":"Informaci\u00f3n General"},"content":{"rendered":"<p style=\"text-align: justify;\"><span style=\"color: #000000;\">La Escuela de Formaci\u00f3n<span style=\"font-family: Trebuchet MS;\">\u00a0 de la Universidad de Le\u00f3n se encarga de:<\/span><\/span><\/p>\n<ul>\n<li style=\"text-align: justify;\"><span style=\"color: #000000;\">Dise\u00f1ar, desarrollar y evaluar Planes y Programas de Formaci\u00f3n del Profesorado con el fin de promover la actualizaci\u00f3n y el perfeccionamiento de la pedagog\u00eda universitaria.<\/span><\/li>\n<\/ul>\n<ul>\n<li style=\"text-align: justify;\"><span style=\"color: #000000;\">Apoyar y fomentar la innovaci\u00f3n docente y favorecer el intercambio de informaci\u00f3n y documentaci\u00f3n sobre experiencias de buenas pr\u00e1cticas docentes.<\/span><\/li>\n<\/ul>\n<ul>\n<li style=\"text-align: justify;\"><span style=\"color: #000000;\">Propiciar la divulgaci\u00f3n y el empleo de nuevos recursos, metodolog\u00edas docentes y tecnolog\u00edas educativas que contribuyan al proceso de innovaci\u00f3n y<span style=\"font-family: Trebuchet MS;\">\u00a0 calidad de la ense\u00f1anza.<\/span><\/span><\/li>\n<\/ul>\n<ul>\n<li><a href=\"http:\/\/servicios.unileon.es\/formacion-pdi\/informacion-general\/presentacion\/\">Presentaci\u00f3n<\/a><\/li>\n<li><a href=\"http:\/\/servicios.unileon.es\/formacion-pdi\/informacion-general\/memorias-de-otros-anos\/\">Memorias de otros a\u00f1os<\/a><\/li>\n<\/ul>\n","protected":false},"excerpt":{"rendered":"<p>La Escuela de Formaci\u00f3n\u00a0 de la Universidad de Le\u00f3n se encarga de: Dise\u00f1ar, desarrollar y evaluar Planes y Programas de Formaci\u00f3n del Profesorado con el fin de promover la actualizaci\u00f3n y el perfeccionamiento de la pedagog\u00eda universitaria. Apoyar y fomentar &hellip; <a href=\"https:\/\/servicios.unileon.es\/formacion-pdi\/informacion-general\/\">Sigue leyendo <span class=\"meta-nav\">&rarr;<\/span><\/a><\/p>\n","protected":false},"author":1,"featured_media":0,"parent":0,"menu_order":0,"comment_status":"closed","ping_status":"closed","template":"","meta":{"footnotes":""},"class_list":["post-8","page","type-page","status-publish","hentry"],"_links":{"self":[{"href":"https:\/\/servicios.unileon.es\/formacion-pdi\/wp-json\/wp\/v2\/pages\/8","targetHints":{"allow":["GET"]}}],"collection":[{"href":"https:\/\/servicios.unileon.es\/formacion-pdi\/wp-json\/wp\/v2\/pages"}],"about":[{"href":"https:\/\/servicios.unileon.es\/formacion-pdi\/wp-json\/wp\/v2\/types\/page"}],"author":[{"embeddable":true,"href":"https:\/\/servicios.unileon.es\/formacion-pdi\/wp-json\/wp\/v2\/users\/1"}],"replies":[{"embeddable":true,"href":"https:\/\/servicios.unileon.es\/formacion-pdi\/wp-json\/wp\/v2\/comments?post=8"}],"version-history":[{"count":11,"href":"https:\/\/servicios.unileon.es\/formacion-pdi\/wp-json\/wp\/v2\/pages\/8\/revisions"}],"predecessor-version":[{"id":8045,"href":"https:\/\/servicios.unileon.es\/formacion-pdi\/wp-json\/wp\/v2\/pages\/8\/revisions\/8045"}],"wp:attachment":[{"href":"https:\/\/servicios.unileon.es\/formacion-pdi\/wp-json\/wp\/v2\/media?parent=8"}],"curies":[{"name":"wp","href":"https:\/\/api.w.org\/{rel}","templated":true}]}}