{"id":65,"date":"2013-03-01T12:59:28","date_gmt":"2013-03-01T12:59:28","guid":{"rendered":"http:\/\/servicios.unileon.es\/escuela-de-formacion\/?page_id=65"},"modified":"2025-05-28T07:58:12","modified_gmt":"2025-05-28T07:58:12","slug":"materiales-de-los-cursos","status":"publish","type":"page","link":"https:\/\/servicios.unileon.es\/formacion-pdi\/recursos-formativos\/materiales-de-los-cursos\/","title":{"rendered":"Documentaci\u00f3n y grabaci\u00f3n de cursos"},"content":{"rendered":"<p><strong><span style=\"text-decoration: underline;\"><span style=\"color: #339966; text-decoration: underline;\">DOCUMENTACI\u00d3N Y GRABACI\u00d3N DE CURSOS<\/span><\/span><\/strong><\/p>\n<p><strong>Taller informativo: herramientas de b\u00fasqueda de socios para participar en proyectos consorciados de Horizonte Europa.<\/strong><\/p>\n<ul>\n<li><a href=\"http:\/\/servicios.unileon.es\/formacion-pdi\/files\/2025\/05\/Taller_Busqueda_Socios_Red_EEN_27052025-1.pdf\">Taller_B\u00fasqueda_Socios_Red_EEN<\/a><\/li>\n<li><a href=\"http:\/\/servicios.unileon.es\/formacion-pdi\/files\/2025\/05\/Taller_Busqueda_Socios_Herramientas_27052025.pdf\">Taller_B\u00fasqueda_Socios_Herramientas<\/a><\/li>\n<li><a href=\"https:\/\/drive.google.com\/file\/d\/1j0ZPIS3vRNQoI4zvR6Cq33yRk3Bdnb0k\/view?usp=drive_link\">Grabaci\u00f3n<\/a><\/li>\n<\/ul>\n<p><strong>Escritura de propuestas en Horizonte Europa (mayo 2025)<\/strong><\/p>\n<ul>\n<li><a href=\"http:\/\/servicios.unileon.es\/formacion-pdi\/files\/2025\/05\/Exito-en-proyectos-europeos.pdf\">\u00c9xito en proyectos europeos<\/a><\/li>\n<\/ul>\n<p><strong>\u00abSesi\u00f3n de formaci\u00f3n para instructores de Turnitin Feedback Studio\u00bb<\/strong> (marzo 2025)<\/p>\n<ul>\n<li><a href=\"https:\/\/drive.google.com\/file\/d\/1vwiyIGfls_JcRMTLd_4kcVo-NX-tGfk4\/view?usp=sharing\">https:\/\/drive.google.com\/file\/d\/1vwiyIGfls_JcRMTLd_4kcVo-NX-tGfk4\/view?usp=sharing<\/a><\/li>\n<\/ul>\n<p>&nbsp;<\/p>\n<p><span style=\"color: #000000;\"><strong>\u00abInfoday Interuniversitario: doctorados excelentes y atracci\u00f3n del talento: las acciones Marie Sklodowska-Curie-Doctoral Networks (DN)\u00bb <\/strong>(enero 2025)<\/span><\/p>\n<ul>\n<li><a href=\"https:\/\/drive.google.com\/file\/d\/1HDQJM-KzrjGdrJsdRqpCRl2s_H1mHFgU\/view?usp=sharing\">https:\/\/drive.google.com\/file\/d\/1HDQJM-KzrjGdrJsdRqpCRl2s_H1mHFgU\/view?usp=sharing<\/a><\/li>\n<\/ul>\n<p>&nbsp;<\/p>\n<p><span style=\"color: #000000;\"><strong>\u00a0\u00abLa importancia de nombrar: usos y recursos de lenguaje no sexista\u00bb. <\/strong>M\u00aa Isabel Men\u00e9ndez Men\u00e9ndez (diciembre 2024).<\/span><\/p>\n<ul>\n<li><a href=\"http:\/\/servicios.unileon.es\/formacion-pdi\/files\/2024\/12\/ebook_Lenguaje_no_sexista-OXFAM2017.pdf\">ebook_Lenguaje_no_sexista OXFAM2017<\/a><\/li>\n<li><a href=\"http:\/\/servicios.unileon.es\/formacion-pdi\/files\/2024\/12\/Guiaslenguajenosexista_inmujer.pdf\">Guiaslenguajenosexista_inmujer<\/a><\/li>\n<li><a href=\"http:\/\/servicios.unileon.es\/formacion-pdi\/files\/2024\/12\/Recomendaciones-.-UNESCO-1999.pdf\">Recomendaciones &#8230;. UNESCO 1999<\/a><\/li>\n<\/ul>\n<p><span style=\"color: #000000;\"><strong>\u00abFormaci\u00f3n Wooclap\u00bb. <\/strong>Andrea Montoliu. (enero-octubre 2024).<\/span><\/p>\n<ul>\n<li style=\"text-align: left;\"><a href=\"https:\/\/mail.google.com\/mail\/u\/0\/#inbox\/KtbxLthVctZZTBvTdczgKZsxmJqJkgJJNV?projector=1\">Wooclap\u00a1<\/a><\/li>\n<\/ul>\n<p style=\"text-align: justify;\"><span style=\"color: #000000;\"><strong>\u00abIndicios de calidad de las publicaciones cient\u00edficas en sexenios y acreditaciones: m\u00e9tricas tradicionales y nuevos indicadores\u00bb. <\/strong>Andr\u00e9s Fern\u00e1ndez Ramos (enero-febrero 2024).<\/span><\/p>\n<ul style=\"list-style-type: square;\">\n<li style=\"text-align: left;\"><a href=\"https:\/\/drive.google.com\/file\/d\/1jdgXpeeo7_6OUpZeAtpA1cbyBdr5tDNq\/view?usp=sharing\">Grabaci\u00f3n (1\u00aa parte)<\/a><\/li>\n<li style=\"text-align: left;\"><a href=\"https:\/\/drive.google.com\/file\/d\/1Fwn7K6TtQUWU1Xha0MBzPRC-r-B-Jidw\/view?usp=sharing\">Grabaci\u00f3n (2\u00aa parte)<\/a><\/li>\n<\/ul>\n<p style=\"text-align: justify;\"><span style=\"color: #000000;\"><strong>\u00abEl protocolo para la prevenci\u00f3n y actuaci\u00f3n frente al acoso sexual y el acoso por raz\u00f3n de sexo en el contexto universitario\u00bb. <\/strong>Eva M\u00aa D\u00edez Peralta (diciembre 2023).<\/span><\/p>\n<ul>\n<li><a href=\"https:\/\/servicios.unileon.es\/formacion-pdi\/files\/2023\/12\/Presentacion-Acoso-Sexual-UniLeon.pdf\">Presentaci\u00f3n<\/a><\/li>\n<\/ul>\n<p style=\"text-align: justify;\"><span style=\"color: #000000;\"><strong>\u00abLa salud mental con perspectiva de g\u00e9nero\u00bb. <\/strong>Asociaci\u00f3n Salud Mental Le\u00f3n (junio-septiembre 2023).<\/span><\/p>\n<ul style=\"list-style-type: square;\">\n<li style=\"text-align: justify;\"><a href=\"https:\/\/servicios.unileon.es\/formacion-pas\/files\/2023\/07\/DOCUMENTACION-Y-BIBLIOGRAFIA-SALUD-MENTAL.pdf\">Documentaci\u00f3n y bibliograf\u00eda<\/a><\/li>\n<li><a href=\"https:\/\/servicios.unileon.es\/formacion-pas\/files\/2023\/07\/PRESENTACION-ULE-CURSO-SALUD-MENTAL.pdf\">Presentaci\u00f3n<\/a><\/li>\n<\/ul>\n<p style=\"text-align: justify;\"><span style=\"color: #000000;\"><strong>\u00abSeguridad de la Informaci\u00f3n\u00bb.<\/strong> Jos\u00e9 Manuel S\u00e1enz de Santa Mar\u00eda Fern\u00e1ndez (marzo 2023).<\/span><\/p>\n<ul style=\"list-style-type: square;\">\n<li style=\"text-align: left;\"><a href=\"https:\/\/drive.google.com\/file\/d\/1IxptqlHayvMyDJPQXHlRlpO3qMK0ABus\/view?usp=sharing\">Grabaci\u00f3n<\/a><\/li>\n<li style=\"text-align: left;\"><a href=\"https:\/\/servicios.unileon.es\/formacion-pas\/files\/2023\/04\/Seguridad-en-la-informacion.pdf\">Presentaci\u00f3n<\/a><\/li>\n<\/ul>\n<p>&nbsp;<\/p>\n<p>&nbsp;<\/p>\n<p style=\"text-align: justify;\"><strong><span style=\"text-decoration: underline;\"><span style=\"color: #339966; text-decoration: underline;\">JORNADAS DE INNOVACI\u00d3N EN DOCENCIA UNIVERSITARIA<\/span><\/span><\/strong><\/p>\n<p style=\"text-align: justify;\"><span style=\"color: #ff0000;\"><span style=\"color: #000000;\">Disponibles las presentaciones de las ponencias de las <\/span><\/span><strong><span style=\"color: #ff0000;\"><span style=\"color: #000000;\">VI Jornadas de Innovaci\u00f3n en docencia universitaria.<\/span><\/span><\/strong><\/p>\n<p style=\"text-align: right;\"><a href=\"https:\/\/servicios.unileon.es\/innovacion-docente\/vi-jornadas-de-innovacion-en-docencia-universitaria\/\"><strong>Acceder<\/strong><\/a><\/p>\n<p>&nbsp;<\/p>\n<p style=\"text-align: justify;\"><span style=\"text-decoration: underline;\"><span style=\"color: #ff0000;\"><strong><span style=\"color: #008000; text-decoration: underline;\">ACCESO A LAS GRABACIONES DE CURSOS DE APOYO A LA DOCENCIA ONLINE. CURSO 2023-2024.<\/span><\/strong><\/span><\/span><\/p>\n<div id=\"yui_3_17_2_1_1724226875173_776\" class=\"activity-item \" data-activityname=\"Buenas pr\u00e1cticas para sentirse seguro en el entorno digital \/ Leticia Barrionuevo (20\/09\/2023)\">\n<div id=\"yui_3_17_2_1_1724226875173_775\" class=\"activity-basis d-flex align-items-center\">\n<div id=\"yui_3_17_2_1_1724226875173_774\" class=\"d-flex flex-column flex-md-row w-100 align-self-start\">\n<div class=\"activity-info mt-1 mt-md-0\">\n<div class=\"activity-information\" data-region=\"activity-information\" data-activityname=\"Buenas pr\u00e1cticas para sentirse seguro en el entorno digital \/ Leticia Barrionuevo (20\/09\/2023)\">\n<p style=\"text-align: justify;\"><span style=\"color: #000000;\"><strong>Buenas pr\u00e1cticas para sentirte seguro en el entorno digital.<\/strong> 20 de septiembre de 2023<\/span><\/p>\n<p style=\"text-align: justify;\"><span style=\"color: #000000;\"><strong>Los mejores buscadores acad\u00e9micos para la investigaci\u00f3n.<\/strong> 26 de septiembre de 2023<\/span><\/p>\n<p style=\"text-align: justify;\"><span style=\"color: #000000;\"><strong>Herramientas digitales eficaces de revisi\u00f3n de la literatura para tu trabajo acad\u00e9mico.<\/strong> 25 de octubre de 2023<\/span><\/p>\n<p style=\"text-align: justify;\"><span style=\"color: #000000;\"><strong>Mastodon para acad\u00e9micos.<\/strong> 9 de noviembre de 2023<\/span><\/p>\n<p style=\"text-align: justify;\"><span style=\"color: #000000;\"><strong>Herramientas para visualizar y representar la producci\u00f3n cient\u00edfica.<\/strong> 12 de diciembre de 2023<\/span><\/p>\n<p style=\"text-align: justify;\"><span style=\"color: #000000;\"><strong>Saca el m\u00e1ximo partido a la I.A. de Bing.<\/strong> 22 y 27 de febrero de 2024<\/span><\/p>\n<p style=\"text-align: justify;\"><span style=\"color: #000000;\"><strong>\u00c9tica en la publicaci\u00f3n acad\u00e9mica.<\/strong> 5 de marzo de 2024<\/span><\/p>\n<p style=\"text-align: justify;\"><span style=\"color: #000000;\"><strong>Extensiones basadas en I.A. para tu navegador.<\/strong> 19 y 21 de marzo de 2024<\/span><\/p>\n<p style=\"text-align: justify;\"><span style=\"color: #000000;\"><strong>Telegram aplicado a usos cient\u00edficos y acad\u00e9micos.<\/strong> 30 de abril de 2024<\/span><\/p>\n<p style=\"text-align: justify;\"><span style=\"color: #000000;\"><strong>Herramientas y recursos digitales para Humanidades.<\/strong> 6 y 7 de mayo de 2024<\/span><\/p>\n<p style=\"text-align: justify;\"><span style=\"color: #000000;\"><strong>La biblioteca de la ULe al servicio de sus usuarios.<\/strong> 21 de mayo de 2024<\/span><\/p>\n<p style=\"text-align: justify;\"><span style=\"color: #000000;\"><strong>\u00bfAprovechas todo lo que te ofrecen la Web of Science y Scopus?<\/strong> 23 de mayo de 2024<\/span><\/p>\n<p style=\"text-align: justify;\"><span style=\"color: #000000;\"><strong>Gestores bibliogr\u00e1ficos. Qu\u00e9 son y por qu\u00e9 son \u00fatiles en investigaci\u00f3n.<\/strong> 6 de junio de 2024<\/span><\/p>\n<p style=\"text-align: justify;\"><span style=\"color: #000000;\"><strong>Fuentes de informaci\u00f3n electr\u00f3nica para la docencia.<\/strong> 19 de junio de 2024<\/span><\/p>\n<p style=\"text-align: justify;\"><span style=\"color: #000000;\"><strong>\u00bfQuieres publicar en abierto? Conoce todas las opciones.<\/strong> 25 de junio de 2024<\/span><\/p>\n<div class=\"mod-indent-outer\" style=\"text-align: right;\">\n<p><a href=\"https:\/\/ariadna.unileon.es\/course\/view.php?id=784\"><strong>Acceder<\/strong><\/a><\/p>\n<\/div>\n<p>&nbsp;<\/p>\n<\/div>\n<\/div>\n<\/div>\n<\/div>\n<\/div>\n<p style=\"text-align: justify;\"><span style=\"text-decoration: underline;\"><span style=\"color: #ff0000;\"><strong><span style=\"color: #008000; text-decoration: underline;\">ACCESO A LAS GRABACIONES DE LOS WEBINARS DESARROLLADOS DURANTE LA PANDEMIA.<\/span><\/strong><\/span><\/span><\/p>\n<div class=\"mod-indent-outer\" style=\"text-align: right;\">\n<p style=\"text-align: justify;\"><span style=\"color: #000000;\"><strong>Curso B\u00e1sico de Moodle. <\/strong>13 de abril de 2020<\/span><\/p>\n<p style=\"text-align: justify;\"><span style=\"color: #000000;\"><strong>Grabaci\u00f3n b\u00e1sica de v\u00eddeos. <\/strong>15 de abril de 2020<\/span><\/p>\n<p style=\"text-align: justify;\"><span style=\"color: #000000;\"><strong>Recomendaciones para afrontar la evaluaci\u00f3n virtual en la universidad.<\/strong> 15 de abril de de 2020<\/span><\/p>\n<p style=\"text-align: justify;\"><span style=\"color: #000000;\"><strong>C\u00f3mo pasar un Power Point a v\u00eddeo<\/strong>. 17 de abril de 2020<\/span><\/p>\n<p style=\"text-align: justify;\"><span style=\"color: #000000;\"><strong>Recomendaciones Evaluaci\u00f3n online Universidades CyL.<\/strong> 17 de abril de 2020<\/span><\/p>\n<p style=\"text-align: justify;\"><span style=\"color: #000000;\"><strong>Herramientas de v\u00eddeo conferencia 1.<\/strong> 19 de abril de 2020<\/span><\/p>\n<p style=\"text-align: justify;\"><span style=\"color: #000000;\"><strong>Web Conferencia AVIP<\/strong>. 22 de abril de 2020<\/span><\/p>\n<p style=\"text-align: justify;\"><span style=\"color: #000000;\"><strong>Cuestionarios con moodle.<\/strong> 23 de abril de 2020<\/span><\/p>\n<p style=\"text-align: justify;\"><span style=\"color: #000000;\"><strong>Cuestionarios con moodle.<\/strong> 24 de abril de 2020<\/span><\/p>\n<p style=\"text-align: justify;\"><span style=\"color: #000000;\"><strong>C\u00f3mo preparo e implemento ex\u00e1menes con Cuestionarios Moodle.<\/strong> 28 de abril de 2020<\/span><\/p>\n<p style=\"text-align: justify;\"><span style=\"color: #000000;\"><strong>Moodle. las calificaciones Parte 1.<\/strong> 21 de mayo de 2020<\/span><\/p>\n<p style=\"text-align: justify;\"><span style=\"color: #000000;\"><strong>Moodle. las calificaciones Parte 2.<\/strong> 22 de mayo de 2020<\/span><\/p>\n<p style=\"text-align: justify;\"><span style=\"color: #000000;\"><strong><span id=\"yui_3_17_2_1_1590662117653_183\" class=\"instancename\">Microlearning: elabora tus p\u00edldoras edu<\/span><span id=\"yui_3_17_2_1_1590662117653_183\" class=\"instancename\">cativas<\/span><\/strong><span id=\"yui_3_17_2_1_1590662117653_183\" class=\"instancename\"><span class=\"accesshide \">. 26 de mayo de 2020<\/span><\/span><\/span><\/p>\n<p style=\"text-align: justify;\"><span style=\"color: #000000;\"><strong>Microlearning: elabora tus p\u00edldoras educativas.<\/strong> 22 de septiembre de 2020<\/span><\/p>\n<p style=\"text-align: justify;\"><span style=\"color: #000000;\"><strong>Posibilidades de Moodle para la docencia online<\/strong>. 11 de septiembre de 2020<\/span><\/p>\n<p style=\"text-align: justify;\"><span style=\"color: #000000;\"><strong>Edici\u00f3n Digital de v\u00eddeo para la elaboraci\u00f3n de materiales docentes.<\/strong> 16 de septiembre de 2020<\/span><\/p>\n<p style=\"text-align: justify;\"><span style=\"color: #000000;\"><strong>Herramientas de Moodle: lecciones.<\/strong> 13 de octubre de 2020<\/span><\/p>\n<p style=\"text-align: justify;\"><span style=\"color: #000000;\"><strong>Herramientas de Moodle: tareas y talleres.<\/strong> 19 de octubre de 2020<\/span><\/p>\n<p style=\"text-align: justify;\"><span style=\"color: #000000;\"><strong>Herramientas de Moodle: mensajer\u00eda, comunicaci\u00f3n y colaboraci\u00f3n<\/strong>. 21 de octubre de 2020<\/span><\/p>\n<p style=\"text-align: justify;\"><span style=\"color: #000000;\"><strong>Herramientas digitales para la creaci\u00f3n de materiales docentes.<\/strong> 22 de octubre de 2020<\/span><\/p>\n<p style=\"text-align: justify;\"><span style=\"color: #000000;\"><strong>Herramientas digitales para la gamificaci\u00f3n.<\/strong> 26 de noviembre de 2020<\/span><\/p>\n<p style=\"text-align: justify;\"><span style=\"color: #000000;\"><strong>Herramientas digitales para la curaci\u00f3n de contenidos.<\/strong> 10 de diciembre de 2020<\/span><\/p>\n<p style=\"text-align: justify;\"><span style=\"color: #000000;\"><strong>Metodolog\u00edas Activas e Innovadoras en el aula.<\/strong> 21 de abril de 2021<\/span><\/p>\n<p style=\"text-align: justify;\"><span style=\"color: #000000;\"><strong>Entornos personales de aprendizaje<\/strong>. 20 de mayo de 2021<\/span><\/p>\n<p style=\"text-align: justify;\"><span style=\"color: #000000;\"><strong>Herramientas digitales para la investigaci\u00f3n y la Docencia en Humanidades.<\/strong> 27 de mayo de 2021<\/span><\/p>\n<p><span style=\"color: #000000;\"><a style=\"color: #000000;\" href=\"https:\/\/ariadna.unileon.es\/course\/view.php?id=784\"><strong>Acceder<\/strong><\/a><\/span><\/p>\n<\/div>\n<p>&nbsp;<\/p>\n<p>&nbsp;<\/p>\n","protected":false},"excerpt":{"rendered":"<p>DOCUMENTACI\u00d3N Y GRABACI\u00d3N DE CURSOS Taller informativo: herramientas de b\u00fasqueda de socios para participar en proyectos consorciados de Horizonte Europa. Taller_B\u00fasqueda_Socios_Red_EEN Taller_B\u00fasqueda_Socios_Herramientas Grabaci\u00f3n Escritura de propuestas en Horizonte Europa (mayo 2025) \u00c9xito en proyectos europeos \u00abSesi\u00f3n de formaci\u00f3n para instructores &hellip; <a href=\"https:\/\/servicios.unileon.es\/formacion-pdi\/recursos-formativos\/materiales-de-los-cursos\/\">Sigue leyendo <span class=\"meta-nav\">&rarr;<\/span><\/a><\/p>\n","protected":false},"author":1,"featured_media":0,"parent":13,"menu_order":0,"comment_status":"closed","ping_status":"closed","template":"","meta":{"footnotes":""},"class_list":["post-65","page","type-page","status-publish","hentry"],"_links":{"self":[{"href":"https:\/\/servicios.unileon.es\/formacion-pdi\/wp-json\/wp\/v2\/pages\/65","targetHints":{"allow":["GET"]}}],"collection":[{"href":"https:\/\/servicios.unileon.es\/formacion-pdi\/wp-json\/wp\/v2\/pages"}],"about":[{"href":"https:\/\/servicios.unileon.es\/formacion-pdi\/wp-json\/wp\/v2\/types\/page"}],"author":[{"embeddable":true,"href":"https:\/\/servicios.unileon.es\/formacion-pdi\/wp-json\/wp\/v2\/users\/1"}],"replies":[{"embeddable":true,"href":"https:\/\/servicios.unileon.es\/formacion-pdi\/wp-json\/wp\/v2\/comments?post=65"}],"version-history":[{"count":175,"href":"https:\/\/servicios.unileon.es\/formacion-pdi\/wp-json\/wp\/v2\/pages\/65\/revisions"}],"predecessor-version":[{"id":9925,"href":"https:\/\/servicios.unileon.es\/formacion-pdi\/wp-json\/wp\/v2\/pages\/65\/revisions\/9925"}],"up":[{"embeddable":true,"href":"https:\/\/servicios.unileon.es\/formacion-pdi\/wp-json\/wp\/v2\/pages\/13"}],"wp:attachment":[{"href":"https:\/\/servicios.unileon.es\/formacion-pdi\/wp-json\/wp\/v2\/media?parent=65"}],"curies":[{"name":"wp","href":"https:\/\/api.w.org\/{rel}","templated":true}]}}