{"id":64,"date":"2013-03-01T12:59:14","date_gmt":"2013-03-01T12:59:14","guid":{"rendered":"http:\/\/servicios.unileon.es\/escuela-de-formacion\/?page_id=64"},"modified":"2021-04-21T08:50:19","modified_gmt":"2021-04-21T08:50:19","slug":"recursos-en-la-red","status":"publish","type":"page","link":"https:\/\/servicios.unileon.es\/formacion-pdi\/recursos-formativos\/recursos-en-la-red\/","title":{"rendered":"Recursos en la Red"},"content":{"rendered":"<p style=\"text-align: justify;\"><a href=\"http:\/\/www.aneca.es\/\">ANECA. AGENCIA NACIONAL DE EVALUACI\u00d3N DE LA CALIDAD Y ACREDITACI\u00d3N<\/a>. La ANECA es una fundaci\u00f3n estatal que tiene como objetivo contribuir a la mejora de la calidad del sistema educativo superior mediante la evaluaci\u00f3n, certificaci\u00f3n y acreditaci\u00f3n de ense\u00f1anzas, profesorado e instituciones.<\/p>\n<p style=\"text-align: justify;\"><a href=\"http:\/\/innovacioneducativa.wordpress.com\/\">BLOG INNOVACI\u00d3N EDUCATIVA.<\/a> \u00c1ngel Fidalgo. Aporta informaci\u00f3n y reflexiones interesantes sobre Innovaci\u00f3n Educativa.<\/p>\n<p style=\"text-align: justify;\"><a href=\"https:\/\/octaedro.com\/coleccion\/cuadernos-de-docencia-universitaria\/\">COLECCI\u00d3N CUADERNOS DE DOCENCIA UNIVERSITARIA<\/a>. UB. Documentos y materiales de trabajo de temas relacionados con la docencia universitaria.<\/p>\n<p style=\"text-align: justify;\"><a href=\"http:\/\/www.crue.org\/\">CRUE. CONFERENCIA DE RECTORES DE LAS UNIVERSIDADES ESPA\u00d1OLAS.\u00a0\u00a0<\/a>\u00a0Asociaci\u00f3n sin \u00e1nimo de lucro formada por un total de 75 universidades espa\u00f1olas cuyo objetivo es contribuir a la potenciaci\u00f3n y mejora de la educaci\u00f3n superior, a trav\u00e9s de la cooperaci\u00f3n interuniversitaria y del di\u00e1logo entre universidades, las Administraciones P\u00fablicas \u00a0y los distintos agentes sociales.<\/p>\n<p style=\"text-align: justify;\"><a href=\"http:\/\/www.eair.nl\/\">EAIR. EUROPEAN HIGHER EDUCATION SOCIETY. <\/a>Asociaci\u00f3n internacional de investigadores de la educaci\u00f3n superior interesados en la relaci\u00f3n entre investigaci\u00f3n, pol\u00edtica y pr\u00e1ctica en educaci\u00f3n.<\/p>\n<p style=\"text-align: justify;\"><a href=\"http:\/\/www.uib.es\/depart\/gte\/edutec\/\">EDUTEC. ASOCIACI\u00d3N PARA EL DESARROLLO DE LA TECNOLOG\u00cdA EDUCATIVA Y DE LAS NUEVAS TECNOLOG\u00cdAS APLICADAS A LA EDUCACI\u00d3N.<\/a> Universidad de Islas Baleares.<\/p>\n<p style=\"text-align: justify;\"><a href=\"http:\/\/www.emes.es\/\">EMES. ESPACIO MADRILE\u00d1O DE ENSE\u00d1ANZA SUPERIOR.<\/a> Informaci\u00f3n sobre ense\u00f1anza universitaria en la Comunidad de Madrid.<\/p>\n<p style=\"text-align: justify;\"><a href=\"http:\/\/www.enqa.eu\/\">ENQA. EUROPEAN ASSOCIATION FOR QUALITY ASSURENCE IN HIGHER EDUCATION. <\/a>Desde aqu\u00ed se aporta informaci\u00f3n sobre experiencias en educaci\u00f3n superior en el \u00e1mbito europeo.<\/p>\n<p style=\"text-align: justify;\"><span style=\"color: #ff0000;\">\u00a1NUEVO!\u00a0<span style=\"color: #000000;\"><a href=\"http:\/\/blogs.udima.es\/educatic\/european-research-network-of-open-educational-resources-un-proyecto-de-contenido-abierto-que-nace-en-udima\/\">El EUROPEAN RESERCH NETWORK OF OPEN EDUCATIONAL RESOURCES (ERNOER) <\/a>es un espacio colaborativo basado en la tecnolog\u00eda\u00a0wiki que tiene como principales objetivos servir de repositorio de los mejores y m\u00e1s variados recursos educativos en abierto y la generaci\u00f3n colaborativa de conocimiento.<\/span>\u00a0<\/span><\/p>\n<p style=\"text-align: justify;\"><a href=\"https:\/\/eacea.ec.europa.eu\/national-policies\/eurydice\/\">EURYDICE. RED EUROPEA DE INFORMACI\u00d3N SOBRE EDUCACI\u00d3N.<\/a> Red institucional creada por la Comisi\u00f3n Europea y los Estados Miembros\u00a0 como mecanismo estrat\u00e9gico para impulsar la cooperaci\u00f3n en el \u00e1mbito educativo.<\/p>\n<p style=\"text-align: justify;\"><a href=\"http:\/\/gifd.upc.edu\/?page_id=28\">GIFD. GRUPO INTERUNIVERSITARIO DE FORMACI\u00d3N DOCENTE<\/a>. Est\u00e1 constituido por las unidades de formaci\u00f3n de las universidades p\u00fablicas catalanas.<\/p>\n<p style=\"text-align: justify;\"><a href=\"http:\/\/www.guni-rmies.net\/\">GUNI. GLOBAL UNIVERSITY NETWORK FOR INNOVATION<\/a>. Red de redes constituida por las C\u00e1tedras UNESCO de todo el mundo, la Universidad de las Naciones UNidas y la divisi\u00f3n de Educaci\u00f3n Superior de la UNESCO.<\/p>\n<p style=\"text-align: justify;\"><a href=\"http:\/\/www.iau-aiu.net\/\">IAU. INTERNATIONAL ASSOCIATION OF UNIVERSITIES.<\/a> Asociaci\u00f3n Mundial de instituciones de educaci\u00f3n superior, basada en la UNESCO. Se re\u00fane a las instituciones y organizaciones de unos 120 pa\u00edses para la reflexi\u00f3n y acci\u00f3n sobre preocupaciones comunes y colabora con varios organismos internacionales, instituciones y autoridades competentes en educaci\u00f3n superior.<\/p>\n<p style=\"text-align: justify;\"><a href=\"https:\/\/www.universidades.gob.es\/\">MINISTERIO DE EDUCACI\u00d3N. UNIVERSIDADES. <\/a><\/p>\n<p style=\"text-align: justify;\"><a href=\"http:\/\/www.rediris.es\/\">REDIRIS<\/a>. Red acad\u00e9mica y de investigaci\u00f3n espa\u00f1ola que proporciona servicios avanzados de comunicaciones a la comunidad cient\u00edfica y universitaria nacional.<\/p>\n<p style=\"text-align: justify;\"><a href=\"http:\/\/www.red-u.org\/\">RED-U. RED ESTATAL DE DOCENCIA UNIVERSITARIA.<\/a> Espacio com\u00fan para la difusi\u00f3n e intercambio de pol\u00edticas, experiencias, metodolog\u00edas y herramientas utilizadas por diversas universidades para evaluar y mejorar la calidad docente y el aprendizaje universitario. La RED-U es una asociaci\u00f3n integrada en el International Consortium of Educational Development, la organizaci\u00f3n que engloba las distintas redes nacionales.<\/p>\n<p style=\"text-align: justify;\"><a href=\"https:\/\/recursosbiblioteca.usj.es\/recursos-web\/red-universitaria-de-tecnologia-educativa-rute\">RUTE. RED UNIVERSITARIA DE TECNOLOG\u00cdA EDUCATIVA. <\/a>Asociaci\u00f3n acad\u00e9mica sin \u00e1nimo de lucro constituida por docentes e investigadores universitarios interesada en promover las aplicaciones educativas de las tecnolog\u00edas de la informaci\u00f3n y comunicaci\u00f3n.<\/p>\n<p style=\"text-align: justify;\">\u00a0<a href=\"http:\/\/www.universia.net\/\">UNIVERSIA.<\/a> Red de universidades de habla hispana y portuguesa que promueve el cambio y la innovaci\u00f3n a trav\u00e9s de una plataforma de productos y servicios para la comunidad universitaria y las empresas.<\/p>\n<p>&nbsp;<\/p>\n","protected":false},"excerpt":{"rendered":"<p>ANECA. AGENCIA NACIONAL DE EVALUACI\u00d3N DE LA CALIDAD Y ACREDITACI\u00d3N. La ANECA es una fundaci\u00f3n estatal que tiene como objetivo contribuir a la mejora de la calidad del sistema educativo superior mediante la evaluaci\u00f3n, certificaci\u00f3n y acreditaci\u00f3n de ense\u00f1anzas, profesorado &hellip; <a href=\"https:\/\/servicios.unileon.es\/formacion-pdi\/recursos-formativos\/recursos-en-la-red\/\">Sigue leyendo <span class=\"meta-nav\">&rarr;<\/span><\/a><\/p>\n","protected":false},"author":1,"featured_media":0,"parent":13,"menu_order":0,"comment_status":"closed","ping_status":"closed","template":"","meta":{"footnotes":""},"class_list":["post-64","page","type-page","status-publish","hentry"],"_links":{"self":[{"href":"https:\/\/servicios.unileon.es\/formacion-pdi\/wp-json\/wp\/v2\/pages\/64","targetHints":{"allow":["GET"]}}],"collection":[{"href":"https:\/\/servicios.unileon.es\/formacion-pdi\/wp-json\/wp\/v2\/pages"}],"about":[{"href":"https:\/\/servicios.unileon.es\/formacion-pdi\/wp-json\/wp\/v2\/types\/page"}],"author":[{"embeddable":true,"href":"https:\/\/servicios.unileon.es\/formacion-pdi\/wp-json\/wp\/v2\/users\/1"}],"replies":[{"embeddable":true,"href":"https:\/\/servicios.unileon.es\/formacion-pdi\/wp-json\/wp\/v2\/comments?post=64"}],"version-history":[{"count":39,"href":"https:\/\/servicios.unileon.es\/formacion-pdi\/wp-json\/wp\/v2\/pages\/64\/revisions"}],"predecessor-version":[{"id":283,"href":"https:\/\/servicios.unileon.es\/formacion-pdi\/wp-json\/wp\/v2\/pages\/64\/revisions\/283"}],"up":[{"embeddable":true,"href":"https:\/\/servicios.unileon.es\/formacion-pdi\/wp-json\/wp\/v2\/pages\/13"}],"wp:attachment":[{"href":"https:\/\/servicios.unileon.es\/formacion-pdi\/wp-json\/wp\/v2\/media?parent=64"}],"curies":[{"name":"wp","href":"https:\/\/api.w.org\/{rel}","templated":true}]}}