{"id":63,"date":"2013-03-01T12:59:02","date_gmt":"2013-03-01T12:59:02","guid":{"rendered":"http:\/\/servicios.unileon.es\/escuela-de-formacion\/?page_id=63"},"modified":"2021-04-21T07:41:24","modified_gmt":"2021-04-21T07:41:24","slug":"revistas","status":"publish","type":"page","link":"https:\/\/servicios.unileon.es\/formacion-pdi\/recursos-formativos\/revistas\/","title":{"rendered":"Revistas"},"content":{"rendered":"<p style=\"text-align: justify;\"><a href=\"https:\/\/www.edutec.es\/revista\/index.php\/edutec-e\">EDUTEC-E. REVISTA ELECTR\u00d3NICA DE TECNOLOG\u00cdA EDUCATIVA.<\/a> Asociaci\u00f3n para el desarrollo de la tecnolog\u00eda educativa. Universidad de Islas baleares.<\/p>\n<p style=\"text-align: justify;\"><a href=\"http:\/\/www.raco.cat\/index.php\/ensenanzacs\">ENSE\u00d1ANZA DE LAS CIENCIAS SOCIALES: REVISTA DE INVESTIGACI\u00d3N.<\/a> Universidad de Barcelona y Universidad Aut\u00f3noma de Barcelona.<\/p>\n<p style=\"text-align: justify;\"><a href=\"http:\/\/www.citrevistas.cl\/a1-formacion.htm\">FORMACI\u00d3N UNIVERSITARIA.<\/a> CIT (Centro de Informaci\u00f3n Tecnol\u00f3gica). La Serena- Chile.<\/p>\n<p style=\"text-align: justify;\"><a href=\"http:\/\/www.gestuniv.com.ar\/\">GESTI\u00d3N UNIVERSITARIA<\/a>.<\/p>\n<p style=\"text-align: justify;\"><a href=\"http:\/\/www.um.es\/ead\/red\/red.html\">RED: REVISTA DE EDUCACI\u00d3N A DISTANCIA<\/a>. Departamento de Psicolog\u00eda Evolutiva y de la Educaci\u00f3n de la Universidad de Murcia.<\/p>\n<p style=\"text-align: justify;\"><a href=\"https:\/\/polipapers.upv.es\/index.php\/REDU\/index\">REDU: REVISTA DE DOCENCIA UNIVERSITARIA.<\/a> Red Estatal de Docencia Universitaria RED-U.<\/p>\n<p style=\"text-align: justify;\"><a href=\"http:\/\/revistes.ub.edu\/index.php\/REIRE\">REIRE: REVISTA DE INNOVACI\u00d3N E INVESTIGACI\u00d3N EN EDUCACI\u00d3N<\/a>. ICE Universidad de Barcelona.<\/p>\n<p style=\"text-align: justify;\"><a href=\"http:\/\/polired.upm.es\/index.php\/relada\/index\">RELADA: REVISTA ELECTR\u00d3NICA DE ADA MADRID.<\/a> Aula a distancia abierta de la Comunidad de Madrid<\/p>\n<p style=\"text-align: justify;\"><a href=\"http:\/\/www.uv.es\/RELIEVE\/\">RELIEVE: REVISTA ELECTR\u00d3NICA DE INVESTIGACI\u00d3N Y EVALUACI\u00d3N EDUCATIVA.<\/a>\u00a0AIDIPE (Asociaci\u00f3n Interuniversitaria de Investigaci\u00f3n en Pedagog\u00eda)<\/p>\n<p style=\"text-align: justify;\"><a href=\"http:\/\/publicacions.uvigo.es\/publicacions_es\/\">REVISTA DE FORMACI\u00d3N E INNOVACI\u00d3N EDUCATIVA UNIVERSITARIA. <\/a>Universidad de Vigo.<\/p>\n<p style=\"text-align: justify;\"><a href=\"http:\/\/revistas.um.es\/rie\">REVISTA DE INVESTIGACI\u00d3N EDUCATIVA. <\/a>Universidad de Murcia.<\/p>\n<p style=\"text-align: justify;\"><a href=\"http:\/\/www.revista.unam.mx\/\">REVISTA DIGITAL UNIVERSITARIA. <\/a>Universidad Nacional Aut\u00f3noma de M\u00e9xico.<\/p>\n<p style=\"text-align: justify;\"><a href=\"https:\/\/www.aufop.es\/\">REVISTA INTERUNIVERSITARIA DE FORMACI\u00d3N DEL PROFESORADO.<\/a>\u00a0AUFOP (Asociaci\u00f3n Universitaria de Formaci\u00f3n del Profesorado)<\/p>\n<p style=\"text-align: justify;\"><a href=\"http:\/\/rusc.uoc.edu\/\">RUSC: REVISTA DE UNIVERSIDAD Y SOCIEDAD DEL CONOCIMIENTO. <\/a>Universitat Oberta de Catalunya.<\/p>\n<p style=\"text-align: justify;\"><a href=\"https:\/\/revistas.usal.es\/index.php\/1130-3743\">TESI: TEOR\u00cdA DE LA EDUCACI\u00d3N Y CULTURA DE LA SOCIEDAD DE LA INFORMACI\u00d3N<\/a>. Universidad de Salamanca.<\/p>\n","protected":false},"excerpt":{"rendered":"<p>EDUTEC-E. REVISTA ELECTR\u00d3NICA DE TECNOLOG\u00cdA EDUCATIVA. Asociaci\u00f3n para el desarrollo de la tecnolog\u00eda educativa. Universidad de Islas baleares. ENSE\u00d1ANZA DE LAS CIENCIAS SOCIALES: REVISTA DE INVESTIGACI\u00d3N. Universidad de Barcelona y Universidad Aut\u00f3noma de Barcelona. FORMACI\u00d3N UNIVERSITARIA. CIT (Centro de Informaci\u00f3n &hellip; <a href=\"https:\/\/servicios.unileon.es\/formacion-pdi\/recursos-formativos\/revistas\/\">Sigue leyendo <span class=\"meta-nav\">&rarr;<\/span><\/a><\/p>\n","protected":false},"author":1,"featured_media":0,"parent":13,"menu_order":0,"comment_status":"closed","ping_status":"closed","template":"","meta":{"footnotes":""},"class_list":["post-63","page","type-page","status-publish","hentry"],"_links":{"self":[{"href":"https:\/\/servicios.unileon.es\/formacion-pdi\/wp-json\/wp\/v2\/pages\/63","targetHints":{"allow":["GET"]}}],"collection":[{"href":"https:\/\/servicios.unileon.es\/formacion-pdi\/wp-json\/wp\/v2\/pages"}],"about":[{"href":"https:\/\/servicios.unileon.es\/formacion-pdi\/wp-json\/wp\/v2\/types\/page"}],"author":[{"embeddable":true,"href":"https:\/\/servicios.unileon.es\/formacion-pdi\/wp-json\/wp\/v2\/users\/1"}],"replies":[{"embeddable":true,"href":"https:\/\/servicios.unileon.es\/formacion-pdi\/wp-json\/wp\/v2\/comments?post=63"}],"version-history":[{"count":35,"href":"https:\/\/servicios.unileon.es\/formacion-pdi\/wp-json\/wp\/v2\/pages\/63\/revisions"}],"predecessor-version":[{"id":6290,"href":"https:\/\/servicios.unileon.es\/formacion-pdi\/wp-json\/wp\/v2\/pages\/63\/revisions\/6290"}],"up":[{"embeddable":true,"href":"https:\/\/servicios.unileon.es\/formacion-pdi\/wp-json\/wp\/v2\/pages\/13"}],"wp:attachment":[{"href":"https:\/\/servicios.unileon.es\/formacion-pdi\/wp-json\/wp\/v2\/media?parent=63"}],"curies":[{"name":"wp","href":"https:\/\/api.w.org\/{rel}","templated":true}]}}