{"id":60,"date":"2013-03-01T12:58:35","date_gmt":"2013-03-01T12:58:35","guid":{"rendered":"http:\/\/servicios.unileon.es\/escuela-de-formacion\/?page_id=60"},"modified":"2025-10-01T11:04:51","modified_gmt":"2025-10-01T11:04:51","slug":"ices-universidades-espanolas","status":"publish","type":"page","link":"https:\/\/servicios.unileon.es\/formacion-pdi\/recursos-formativos\/ices-universidades-espanolas\/","title":{"rendered":"Unidades de Formaci\u00f3n en otras Universidades"},"content":{"rendered":"<p><span style=\"color: #008000;\"><strong><u>Andaluc\u00eda:<\/u><\/strong><\/span><\/p>\n<ul>\n<li>UNIVERSIDAD DE ALMER\u00cdA. <a href=\"https:\/\/fpdi.ual.es\/\">Unidad de Formaci\u00f3n del Profesorado.<\/a><\/li>\n<li>UNIVERSIDAD DE C\u00c1DIZ. <a href=\"http:\/\/www.uca.es\/udinnovacion\/\">Unidad de Formaci\u00f3n e Innovaci\u00f3n Docente.<\/a><\/li>\n<li>UNIVERSIDAD DE C\u00d3RDOBA. <a href=\"http:\/\/www.uco.es\/servicios\/fpu\/2009-2010\/?pagefile=presentacion\">Formaci\u00f3n e Innovaci\u00f3n del Profesorado.<\/a><\/li>\n<li>UNIVERSIDAD DE GRANADA. <a href=\"https:\/\/calidad.ugr.es\/profesorado\/formacion\">Formaci\u00f3n e Innovaci\u00f3n Docente.<\/a><\/li>\n<li>UNIVERSIDAD DE HUELVA. <a href=\"http:\/\/www.uhu.es\/formacion-pdi\/\">Servicio Formaci\u00f3n PDI.<\/a><\/li>\n<li>UNIVERSIDAD INTERNACIONAL DE ANDALUC\u00cdA (UNIA). <a href=\"https:\/\/www.unia.es\/innovacion\/formacion-del-profesorado\">Formaci\u00f3n del profesorado.<\/a><\/li>\n<li>UNIVERSIDAD DE JA\u00c9N.<a href=\"https:\/\/formacion.ujaen.es\/es\/pdi\"> Formaci\u00f3n del PDI.<\/a><\/li>\n<li>UNIVERSIDAD DE M\u00c1LAGA. <a href=\"https:\/\/www.uma.es\/formacion\/\">Servicio de Formaci\u00f3n e Innovaci\u00f3n.<\/a><\/li>\n<li>UNIVERSIDAD PABLO DE OLAVIDE DE SEVILLA.\u00a0 <a href=\"https:\/\/www.upo.es\/desarrollo\/\">\u00c1rea de Formaci\u00f3n e Innovaci\u00f3n<\/a>.<\/li>\n<li>UNIVERSIDAD DE SEVILLA. <a href=\"https:\/\/sfep.us.es\/wsfep\/sfep\/ice.html\">Instituto de Ciencias de la Educaci\u00f3n (ICE)<\/a><\/li>\n<\/ul>\n<p><span style=\"color: #008000;\"><strong><u>Arag\u00f3n<\/u>:<\/strong><\/span><\/p>\n<ul>\n<li>UNIVERSIDAD SAN JORGE. <a href=\"http:\/\/www.usj.es\/\">Universidad San Jorge.<\/a><\/li>\n<li>UNIVERSIDAD DE ZARAGOZA. <a href=\"https:\/\/cifice.unizar.es\/\">Centro de Innovaci\u00f3n, Formaci\u00f3n e Investigaci\u00f3n en Ciencias de la Educaci\u00f3n (CIFICE).<\/a><\/li>\n<\/ul>\n<p><span style=\"color: #008000;\"><strong><u>Asturias<\/u><\/strong><strong>:<\/strong><\/span><\/p>\n<ul>\n<li>UNIVERSIDAD DE OVIEDO. <a href=\"https:\/\/inie.uniovi.es\/inicio\">Instituto de Investigaci\u00f3n e Innovaci\u00f3n Educativa (INIE).<\/a><\/li>\n<\/ul>\n<p><strong><span style=\"color: #008000;\"><u>Cantabria<\/u>:<\/span><\/strong><\/p>\n<ul>\n<li>UNIVERSIDAD DE CANTABRIA. <a href=\"https:\/\/web.unican.es\/consejo-direccion\/vcprofesorado\/formacion-del-profesorado\">Formaci\u00f3n del Profesorado<\/a><\/li>\n<li>UNIVERSIDAD PONTIFICIA DE COMILLAS. <a href=\"https:\/\/www.comillas.edu\/servicio-de-apoyo-a-la-innovacion-docente\/\">Servicio de Apoyo a la Innovaci\u00f3n Docente<\/a><\/li>\n<\/ul>\n<p><span style=\"color: #008000;\"><strong>\u00a0<u>Castilla- La Mancha:<\/u><\/strong><\/span><\/p>\n<ul>\n<li>UNIVERSIDAD DE CASTILLA-LA MANCHA. <a href=\"https:\/\/www.comillas.edu\/servicio-de-apoyo-a-la-innovacion-docente\/\">Unidad de desarrollo profesional y acci\u00f3n social<\/a><\/li>\n<\/ul>\n<p><span style=\"color: #008000;\"><strong><u>Castilla y Le\u00f3n:<\/u><\/strong><\/span><\/p>\n<ul>\n<li>UNIVERSIDAD DE BURGOS. <a href=\"https:\/\/www.ubu.es\/instituto-de-formacion-e-innovacion-educativa-ifie\">Instituto de Formaci\u00f3n e Innovaci\u00f3n Educativa (IFIE).<\/a><\/li>\n<li>UNIVERSIDAD CAT\u00d3LICA DE SANTA TERESA DE JES\u00daS DE \u00c1VILA. <a href=\"https:\/\/www.ucavila.es\/universidad\/calidad\/formacion-personal\/\">Centro de Formaci\u00f3n del Profesorado.<\/a><\/li>\n<li>UNIVERSIDAD EUROPEA MIGUEL DE CERVANTES. <a href=\"https:\/\/www.uemc.es\/p\/2021-2022\">Programa Formativo del Personal.<\/a><\/li>\n<li>UNIVERSIDAD DE LE\u00d3N. <a href=\"http:\/\/servicios.unileon.es\/escuela-de-formacion\">Escuela de Formaci\u00f3n.<\/a><\/li>\n<li>UNIVERSIDAD PONTIFICIA DE SALAMANCA. <a href=\"https:\/\/www.upsa.es\/institutos\/instituto-ciencias-de-la-educacion-ice\">Instituto de Ciencias de la Educaci\u00f3n (ICE).<\/a><\/li>\n<li>UNIVERSIDAD DE SALAMANCA.\u00a0<a href=\"http:\/\/iuce.usal.es\/\">Instituto Universitario de Ciencias de la Educaci\u00f3n (IUCE).<\/a><\/li>\n<li>UNIVERSIDAD DE VALLADOLID. <a href=\"https:\/\/virtuva.uva.es\/\">VirtUVa.\u00a0<\/a><\/li>\n<\/ul>\n<p><span style=\"color: #008000;\"><strong><u>Catalu\u00f1a<\/u><\/strong><strong>:<\/strong><\/span><\/p>\n<ul>\n<li>UNIVERSITAT ABAT OLIBA-CEU. <a href=\"https:\/\/www.uaoceu.es\/\">Universitat Abat Oliba-CEU.<\/a><\/li>\n<li>UNIVERSITAT AUT\u00d3NOMA\u00a0DE BARCELONA. <a href=\"https:\/\/www.uab.cat\/web\/personal-uab\/personal-uab\/aspectes-comuns\/unitat-de-formacio\/innovacio-docent-1345920666958.html\">Unidad de Formaci\u00f3n y Desarrollo Profesional.<\/a><\/li>\n<li>UNIVERSITAT DE BARCELONA. <a href=\"http:\/\/www.ub.edu\/ice\/index4.htm\">Instituto de Desarrollo Profesional (IDP-ICE).<\/a><\/li>\n<li>UNIVERSITAT DE GIRONA. <a href=\"https:\/\/www.udg.edu\/es\/ice\">Instituto de Ciencias de la Educaci\u00f3n Josep Pallach (ICE).<\/a><\/li>\n<li>UNIVERSITAT INTERNACIONAL DE CATALUNYA. <a href=\"https:\/\/www.uic.es\/es\/institute-multilingualism\/formacion-y-servicios\/cursos\/cursos-especificos-para-el-pas-y-el-pdi\">Cursos espec\u00edficos para el PAS y el PDI.<\/a><\/li>\n<li>UNIVERSITAT DE LLEIDA. <a href=\"http:\/\/www.udl.es\/ca\/serveis\/personal\/PDI\/\">Instituto de Ciencias de la Educaci\u00f3n (ICE).<\/a><\/li>\n<li>UNIVERSITAT OBERTA DE CATALUNYA. <a href=\"https:\/\/www.uoc.edu\/portal\/es\/elearncenter\/formacio-professorat\/index.html\">Formaci\u00f3n del Profesorados para la docencia.<\/a><\/li>\n<li>UNIVERSITAT POLIT\u00c8CNICA DE CATALUNYA. <a href=\"http:\/\/www.upc.edu\/ice\/\">Instituto de Ciencias de la Educaci\u00f3n (ICE).<\/a><\/li>\n<li>UNIVERSITAT POMPEU FABRA. <a href=\"https:\/\/www.upf.edu\/web\/clik\">Centre per a la Innovaci\u00f3 en Aprenentatge i Coneixement (CLIK).<\/a><\/li>\n<li>UNIVERSITAT RAM\u00d3N LLULL. <a href=\"https:\/\/www.url.edu\/es\/innovacion-docente-y-calidad\">Innovaci\u00f3n Docente y Calidad.<\/a><\/li>\n<li>UNIVERSITAT ROVIRA I VIRGILI. <a href=\"http:\/\/www.ice.urv.cat\/\">Instituto de Ciencias de la Educaci\u00f3n (ICE).<\/a><\/li>\n<li>UNIVERSITAT DE VIC. <a href=\"https:\/\/www.uvic.cat\/centre-innovacio-i-formacio-en-educacio\">Centre d\u00b4Innovaci\u00f3 i Formaci\u00f3 en Educaci\u00f3 (CIFE)<\/a>.<\/li>\n<\/ul>\n<p><span style=\"color: #008000;\"><strong><u>Extremadura<\/u><\/strong><strong>:<\/strong><\/span><\/p>\n<ul>\n<li>UNIVERSIDAD DE EXTREMADURA. <a href=\"https:\/\/www.unex.es\/organizacion\/servicios-universitarios\/servicios\/sofd\">Servicio de Orientaci\u00f3n y Formaci\u00f3n Docente (SOFD).<\/a><\/li>\n<\/ul>\n<p><span style=\"color: #008000;\"><strong><u>Galicia<\/u><\/strong><strong>:<\/strong><\/span><\/p>\n<ul>\n<li>UNIVERSIDADE DA CORU\u00d1A. <a href=\"https:\/\/www.udc.es\/es\/cufie\/\">Centro Universitario de Formaci\u00f3n e Innovaci\u00f3n Educativa (CUFIE).<\/a><\/li>\n<li>UNIVERSIDADE DE SANTIAGO DE COMPOSTELA. <a href=\"https:\/\/www.usc.gal\/es\/institucional\/gobierno\/area\/gestionpersoal\/formacion\">Formaci\u00f3n<\/a><\/li>\n<li>UNIVERSIDADE DE VIGO. <a href=\"https:\/\/www.uvigo.gal\/es\/universidad\/administracion-personal\/organizacion-administrativa\/area-formacion-innovacion-educativa\">\u00c1rea de Formaci\u00f3n e Innovaci\u00f3n Educativa.<\/a><\/li>\n<\/ul>\n<p><span style=\"color: #008000;\"><strong><u>Islas Baleares<\/u><\/strong><strong>:<\/strong><\/span><\/p>\n<ul>\n<li>UNIVERSITAT DE LES ILLES BALEARS. <a href=\"https:\/\/rrhh.uib.cat\/\">Servicio de Recursos Humanos.<\/a><\/li>\n<\/ul>\n<p><span style=\"color: #008000;\"><strong><u>Islas Canarias<\/u><\/strong><strong>:\u00a0<\/strong><\/span><\/p>\n<ul>\n<li>UNIVERSIDAD DE LA LAGUNA. <a href=\"https:\/\/www.ull.es\/estudios-docencia\/formacion-profesorado\/\">Formaci\u00f3n del Profesorado.<\/a><\/li>\n<li>UNIVERSIDAD DE LAS PALMAS DE GRAN CANARIA. <a href=\"https:\/\/www.ulpgc.es\/pfdi\">Plan de Formaci\u00f3n de Docentes y Personal Investigador (PFDI).<\/a><\/li>\n<\/ul>\n<p><span style=\"color: #008000;\"><strong><u>Madrid:<\/u><\/strong><\/span><\/p>\n<ul>\n<li>UNIVERSIDAD DE ALCAL\u00c1 DE HENARES. <a href=\"https:\/\/gestioncalidad.uah.es\/es\/calidad-del-profesorado\/programa-formacion-del-profesorado\">Programa de Formaci\u00f3n del Profesorado UAH.<\/a><\/li>\n<li>UNIVERSIDAD ALFONSO X EL SABIO. <a href=\"http:\/\/www.uax.es\/\">Universidad Alfonso X El Sabio.<\/a><\/li>\n<li>UNIVERSIDAD AUT\u00d3NOMA DE MADRID. <a href=\"https:\/\/www.uam.es\/uam\/uad\/formacion-docente\">Formaci\u00f3n Docente<\/a><\/li>\n<li>UNIVERSIDAD CAMILO JOS\u00c9 CELA. <a href=\"https:\/\/www.ucjc.edu\/la-universidad\/innovacion-educativa\/\">Innovaci\u00f3n educativa.<\/a><\/li>\n<li>UNIVERSIDAD CARLOS III DE MADRID. <a href=\"https:\/\/www.uc3m.es\/pdi\/formacion-pdi\">Formaci\u00f3n PDI.<\/a><\/li>\n<li>UNIVERSIDAD CEU SAN PABLO. <a href=\"https:\/\/www.uspceu.com\/portal-transparencia\/seccion\/personal-docente-e-investigador\/categoria\/formacion-curso-2021-2022\">Personal Docente e Investigador- Formaci\u00f3n.<\/a><\/li>\n<li>UNIVERSIDAD COMPLUTENSE DE MADRID. <a href=\"https:\/\/cfp.ucm.es\/formacionprofesorado\/\">Plan de Formaci\u00f3n Integral del PDI.<\/a><\/li>\n<li>UNIVERSIDAD A DISTANCIA DE MADRID. <a href=\"https:\/\/www.udima.es\/\">Universidad a Distancia de Madrid.<\/a><\/li>\n<li>UNIVERSIDAD EUROPEA DE MADRID. <a href=\"https:\/\/universidadeuropea.com\/cursos-docentes\/\">Cursos para Docentes.<\/a><\/li>\n<li>UNIVERSIDAD FRANCISCO DE VITORIA. <a href=\"https:\/\/www.ufv.es\/la-universidad\/sobre-ufv\/departamento-de-formacion\/\">Departamento de Formaci\u00f3n.<\/a><\/li>\n<li>UNIVERSIDAD NACIONAL DE EDUCACI\u00d3N A DISTANCIA UNED. <a href=\"https:\/\/www.uned.es\/universidad\/inicio\/unidad\/IUED.html\">Instituto Universitario de Educaci\u00f3n a Distancia (IUED).<\/a><\/li>\n<li>UNIVERSIDAD DE NEBRIJA.\u00a0 <a href=\"https:\/\/www.nebrija.com\/otros-cursos\/cursos-formacion-continua-profesores\/\">Cursos de formaci\u00f3n continua de profesores.<\/a><\/li>\n<li>UNIVERSITAD POLIT\u00c9CNICA DE MADRID. <a href=\"http:\/\/www.ice.upm.es\/\">Instituto de Ciencias de la Educaci\u00f3n (ICE).<\/a><\/li>\n<li>UNIVERSIDAD REY JUAN CARLOS. <a href=\"https:\/\/cied.urjc.es\/\">Centro de Innovaci\u00f3n Docente y Educaci\u00f3n Digital (CIED).<\/a><\/li>\n<\/ul>\n<p><span style=\"color: #008000;\"><strong><u>Murcia<\/u><\/strong><strong>:<\/strong><\/span><\/p>\n<ul>\n<li>UNIVERSIDAD CAT\u00d3LICA SAN ANTONIO DE MURCIA.\u00a0<a href=\"https:\/\/www.ucam.edu\/servicios\/vicerrectorado-de-calidad-y-ordenacion\">Vicerrectorado de Calidad y Ordenaci\u00f3n Acad\u00e9mica.<\/a><\/li>\n<li>UNIVERSIDAD DE MURCIA. <a href=\"http:\/\/www.um.es\/web\/centrodeformacion\/\">Centro de Formaci\u00f3n y Desarrollo Profesional.<\/a><\/li>\n<li>UNIVERSIDAD POLIT\u00c9CNICA DE CARTAGENA. <a href=\"http:\/\/www.upct.es\/vicerrectoradoprofesorado\/secciones.php?id_categoria=3\">Vicerrectorado de Profesorado.<\/a><\/li>\n<\/ul>\n<p><span style=\"color: #008000;\"><strong><u>Navarra:<\/u><\/strong><\/span><\/p>\n<ul>\n<li>UNIVERSIDAD P\u00daBLICA DE NAVARRA. <a href=\"http:\/\/www.unavarra.es\/centroinnovacioneducativa\/\">Centro Superior de Innovaci\u00f3n Educativa.<\/a><\/li>\n<li>UNIVERSIDAD DE NAVARRA. <a href=\"https:\/\/educages.navarra.es\/Educa\/cursos-formacion\/es\/#\/public\">Formaci\u00f3n del profesorado.<\/a><\/li>\n<\/ul>\n<p><span style=\"color: #008000;\"><strong><u>Pa\u00eds Vasco<\/u><\/strong><strong>:<\/strong><\/span><\/p>\n<ul>\n<li>UNIVERSIDAD DE DEUSTO. <a href=\"https:\/\/www.deusto.es\/es\/inicio\/somos-deusto\/estrategia-academica\/innovacion-docente\">Innovaci\u00f3n docente<\/a>.<\/li>\n<li>UNIVERSIDAD DE MONDRAG\u00d3N. <a href=\"https:\/\/www.mondragon.edu\/cursos\/es\/educacion\">Universidad de Mondrag\u00f3n.<\/a><\/li>\n<li>UNIVERSIDAD DEL PA\u00cdS VASCO. <a href=\"https:\/\/www.ehu.eus\/es\/web\/sae-helaz\/uipre\">Servicio de Asesoramiento Educativo (SAE-HELAZ).<\/a><\/li>\n<\/ul>\n<p><span style=\"color: #008000;\"><strong><u>La Rioja:<\/u><\/strong><\/span><\/p>\n<ul>\n<li>UNIVERSIDAD DE LA RIOJA. <a href=\"http:\/\/www.unirioja.es\/Formacion_pdi\/\">Formaci\u00f3n PDI.<\/a><\/li>\n<li>UNIVERSIDAD INTERNACIONAL DE LA RIOJA. <a href=\"https:\/\/www.unir.net\/universidad-online\/vicerrectorados\/vicerrectorado-ordenacion-academica\/\">Vicerrectorado de Ordenaci\u00f3n Acad\u00e9mica y Profesorado.<\/a><\/li>\n<\/ul>\n<p><span style=\"color: #008000;\"><strong><u>Valencia<\/u><\/strong><strong>:<\/strong><\/span><\/p>\n<ul>\n<li>UNIVERSITAT D\u00b4ALACANT. <a href=\"http:\/\/web.ua.es\/ice\/\">Instituto de Ciencias de la Educaci\u00f3n (ICE).<\/a><\/li>\n<li>CEU &#8211; UNIVERSITAT CARDENAL HERRERA. <a href=\"https:\/\/unimeleducacion.org\/?s=DOCENTES\">UNIMEL EDUCACI\u00d3N.<\/a><\/li>\n<li>UNIVERSIDAD CAT\u00d3LICA DE VALENCIA SAN VICENTE FERRER. <a href=\"https:\/\/www.ucv.es\/oferta-academica\/centro-de-formacion-continua\/conocenos\">Servicio de Formaci\u00f3n Continua.<\/a><\/li>\n<li>UNIVERSITAT JAUME I DE CASTELL\u00d3.<a href=\"https:\/\/www.uji.es\/serveis\/ufie\/\"> Unidad de Formaci\u00f3n e Innovaci\u00f3n Educativa (UFIE).<\/a><\/li>\n<li>UNIVERSIDAD MIGUEL HERN\u00c1NDEZ. <a href=\"https:\/\/estudios.umh.es\/formacion-docente\/\">Servicio de Gesti\u00f3n de Estudios.<\/a><\/li>\n<li>UNIVERSITAT POLIT\u00c8CNICA DE VAL\u00c8NCIA. <a href=\"https:\/\/www.ice.upv.es\/\">Instituto de Ciencias de la Educaci\u00f3n (ICE).<\/a><\/li>\n<li>UNIVERSITAT DE VAL\u00c8NCIA. <a href=\"https:\/\/www.uv.es\/uvweb\/servicio-formacion-permanente-innovacion-educativa\/es\/servicio-formacion-permanente-innovacion-educativa-sfpie-1285866029030.html\">Servicio de Formaci\u00f3n Permanente e Innovaci\u00f3n Educativa (SFPIE).<\/a><\/li>\n<\/ul>\n<p>&nbsp;<\/p>\n<p>&nbsp;<\/p>\n<p>&nbsp;<\/p>\n","protected":false},"excerpt":{"rendered":"<p>Andaluc\u00eda: UNIVERSIDAD DE ALMER\u00cdA. Unidad de Formaci\u00f3n del Profesorado. UNIVERSIDAD DE C\u00c1DIZ. Unidad de Formaci\u00f3n e Innovaci\u00f3n Docente. UNIVERSIDAD DE C\u00d3RDOBA. Formaci\u00f3n e Innovaci\u00f3n del Profesorado. UNIVERSIDAD DE GRANADA. Formaci\u00f3n e Innovaci\u00f3n Docente. UNIVERSIDAD DE HUELVA. Servicio Formaci\u00f3n PDI. UNIVERSIDAD &hellip; <a href=\"https:\/\/servicios.unileon.es\/formacion-pdi\/recursos-formativos\/ices-universidades-espanolas\/\">Sigue leyendo <span class=\"meta-nav\">&rarr;<\/span><\/a><\/p>\n","protected":false},"author":1,"featured_media":0,"parent":13,"menu_order":0,"comment_status":"closed","ping_status":"closed","template":"","meta":{"footnotes":""},"class_list":["post-60","page","type-page","status-publish","hentry"],"_links":{"self":[{"href":"https:\/\/servicios.unileon.es\/formacion-pdi\/wp-json\/wp\/v2\/pages\/60","targetHints":{"allow":["GET"]}}],"collection":[{"href":"https:\/\/servicios.unileon.es\/formacion-pdi\/wp-json\/wp\/v2\/pages"}],"about":[{"href":"https:\/\/servicios.unileon.es\/formacion-pdi\/wp-json\/wp\/v2\/types\/page"}],"author":[{"embeddable":true,"href":"https:\/\/servicios.unileon.es\/formacion-pdi\/wp-json\/wp\/v2\/users\/1"}],"replies":[{"embeddable":true,"href":"https:\/\/servicios.unileon.es\/formacion-pdi\/wp-json\/wp\/v2\/comments?post=60"}],"version-history":[{"count":383,"href":"https:\/\/servicios.unileon.es\/formacion-pdi\/wp-json\/wp\/v2\/pages\/60\/revisions"}],"predecessor-version":[{"id":10095,"href":"https:\/\/servicios.unileon.es\/formacion-pdi\/wp-json\/wp\/v2\/pages\/60\/revisions\/10095"}],"up":[{"embeddable":true,"href":"https:\/\/servicios.unileon.es\/formacion-pdi\/wp-json\/wp\/v2\/pages\/13"}],"wp:attachment":[{"href":"https:\/\/servicios.unileon.es\/formacion-pdi\/wp-json\/wp\/v2\/media?parent=60"}],"curies":[{"name":"wp","href":"https:\/\/api.w.org\/{rel}","templated":true}]}}