{"id":49,"date":"2013-03-01T12:55:06","date_gmt":"2013-03-01T12:55:06","guid":{"rendered":"http:\/\/servicios.unileon.es\/escuela-de-formacion\/?page_id=49"},"modified":"2023-08-28T07:24:56","modified_gmt":"2023-08-28T07:24:56","slug":"modelo-propuesta-de-cursos","status":"publish","type":"page","link":"https:\/\/servicios.unileon.es\/formacion-pdi\/oferta-de-cursos\/modelo-propuesta-de-cursos\/","title":{"rendered":"Modelo Propuesta de cursos"},"content":{"rendered":"<p>Las propuestas de acciones formativas se pueden remitir a la direcci\u00f3n de correo: <a href=\"mailto:escuela.formacion@unileon.es\">escuela.formacion@unileon.es<\/a><\/p>\n<p><a href=\"https:\/\/servicios.unileon.es\/formacion-pdi\/files\/2023\/08\/MODELO-DE-PROPUESTA-PARA-ACCIONES-FORMATIVAS-PARA-EL-PDI.doc\">MODELO DE PROPUESTA PARA ACCIONES FORMATIVAS PARA EL PDI<\/a><\/p>\n<p><a href=\"http:\/\/servicios.unileon.es\/formacion-pdi\/files\/2013\/03\/MODELO-PROPUESTA-ACCI\u00d3N-FORMATIVA-COMPARTIDA.doc\">MODELO PROPUESTA ACCI\u00d3N FORMATIVA COMPARTIDA<\/a><\/p>\n<p><a href=\"http:\/\/servicios.unileon.es\/formacion-pdi\/files\/2013\/03\/ACLARACIONES-PARA-LA-ELABORACI\u00d3N-DE-PROPUESTAS.pdf\">ACLARACIONES PARA LA ELABORACI\u00d3N DE PROPUESTAS<\/a><\/p>\n","protected":false},"excerpt":{"rendered":"<p>Las propuestas de acciones formativas se pueden remitir a la direcci\u00f3n de correo: escuela.formacion@unileon.es MODELO DE PROPUESTA PARA ACCIONES FORMATIVAS PARA EL PDI MODELO PROPUESTA ACCI\u00d3N FORMATIVA COMPARTIDA ACLARACIONES PARA LA ELABORACI\u00d3N DE PROPUESTAS<\/p>\n","protected":false},"author":1,"featured_media":0,"parent":9,"menu_order":0,"comment_status":"closed","ping_status":"closed","template":"","meta":{"footnotes":""},"class_list":["post-49","page","type-page","status-publish","hentry"],"_links":{"self":[{"href":"https:\/\/servicios.unileon.es\/formacion-pdi\/wp-json\/wp\/v2\/pages\/49","targetHints":{"allow":["GET"]}}],"collection":[{"href":"https:\/\/servicios.unileon.es\/formacion-pdi\/wp-json\/wp\/v2\/pages"}],"about":[{"href":"https:\/\/servicios.unileon.es\/formacion-pdi\/wp-json\/wp\/v2\/types\/page"}],"author":[{"embeddable":true,"href":"https:\/\/servicios.unileon.es\/formacion-pdi\/wp-json\/wp\/v2\/users\/1"}],"replies":[{"embeddable":true,"href":"https:\/\/servicios.unileon.es\/formacion-pdi\/wp-json\/wp\/v2\/comments?post=49"}],"version-history":[{"count":16,"href":"https:\/\/servicios.unileon.es\/formacion-pdi\/wp-json\/wp\/v2\/pages\/49\/revisions"}],"predecessor-version":[{"id":8383,"href":"https:\/\/servicios.unileon.es\/formacion-pdi\/wp-json\/wp\/v2\/pages\/49\/revisions\/8383"}],"up":[{"embeddable":true,"href":"https:\/\/servicios.unileon.es\/formacion-pdi\/wp-json\/wp\/v2\/pages\/9"}],"wp:attachment":[{"href":"https:\/\/servicios.unileon.es\/formacion-pdi\/wp-json\/wp\/v2\/media?parent=49"}],"curies":[{"name":"wp","href":"https:\/\/api.w.org\/{rel}","templated":true}]}}