{"id":42,"date":"2013-03-01T12:54:10","date_gmt":"2013-03-01T12:54:10","guid":{"rendered":"http:\/\/servicios.unileon.es\/escuela-de-formacion\/?page_id=42"},"modified":"2019-01-30T12:21:57","modified_gmt":"2019-01-30T12:21:57","slug":"condiciones-generales","status":"publish","type":"page","link":"https:\/\/servicios.unileon.es\/formacion-pdi\/oferta-de-cursos\/condiciones-generales\/","title":{"rendered":"Condiciones Generales"},"content":{"rendered":"<p style=\"text-align: justify;\"><span style=\"text-decoration: underline;\"><strong>MATR\u00cdCULA Y ADMISI\u00d3N<\/strong><\/span><\/p>\n<p style=\"text-align: justify;\"><span style=\"color: #000000;\">La inscripci\u00f3n se realizar\u00e1 exclusivamente a trav\u00e9s del <span style=\"font-family: Trebuchet MS;\">\u00a0<b>formulario electr\u00f3nico<\/b><\/span><\/span><span style=\"color: #000000;\"> al que puede acceder a trav\u00e9s de la p\u00e1gina web de la Escuela de Formaci\u00f3n.<\/span><\/p>\n<p style=\"text-align: justify;\">La adjudicaci\u00f3n de plazas se regir\u00e1 estrictamente por el orden de inscripci\u00f3n.<\/p>\n<p style=\"text-align: justify;\">El <b>plazo de matr\u00edcula <\/b>para los cursos se abrir\u00e1 14 d\u00edas naturales previos a su inicio, a las 9:00 horas\u00a0de ese d\u00eda, y\u00a0estar\u00e1 vigente hasta 24 horas antes de la celebraci\u00f3n del curso o hasta agotar plazas.<\/p>\n<p style=\"text-align: justify;\">La confirmaci\u00f3n de la <b>admisi\u00f3n<\/b> en cada curso se comunicar\u00e1 por <b>correo electr\u00f3nico\u00a0<\/b>TRES\u00a0d\u00edas h\u00e1biles antes de su inicio. En este correo se indicar\u00e1 tambi\u00e9n el aula y Centro en el que tendr\u00e1 lugar. <span style=\"text-decoration: underline;\">\u00a0S\u00f3lo nos pondremos en contacto con aquellas personas que han sido admitidas.<\/span><\/p>\n<p style=\"text-align: justify;\">El <b>n\u00famero m\u00ednimo de inscritos<\/b> para la celebraci\u00f3n de un curso ser\u00e1 de <b>15 PDI de la Ule cinco d\u00edas antes del inicio de curso<\/b>.<\/p>\n<p style=\"text-align: justify;\">Quien <b>no pueda asistir<\/b> a un curso en el que haya sido admitido, deber\u00e1 comunicarlo por <b>correo electr\u00f3nico<\/b> con la mayor antelaci\u00f3n posible. El hecho de no asistir y no avisar se valorar\u00e1 negativamente en solicitudes posteriores de otras actividades del programa de formaci\u00f3n.<\/p>\n<p style=\"text-align: justify;\"><span style=\"text-decoration: underline;\"><strong>DESTINATARIOS<\/strong><\/span><\/p>\n<p style=\"text-align: justify;\"><span style=\"color: #000000;\">Las actividades programadas est\u00e1n dirigidas al<b><span style=\"font-family: Trebuchet MS;\"> personal docente e investigador<\/span><\/b><\/span><span style=\"color: #000000;\"> de la Universidad de Le\u00f3n con asignaci\u00f3n en el <b><span style=\"font-family: Trebuchet MS;\">Plan Docente de alguna asignatura. <\/span><\/b><span style=\"font-family: Trebuchet MS;\">Se dar\u00e1 entrada a otro tipo de colectivo en caso de existir plazas libres en alguno de los cursos.<\/span><\/span><\/p>\n<p><span style=\"color: #000000;\">Dentro del marco de colaboraci\u00f3n entre la Comisi\u00f3n Provincial de Educaci\u00f3n y la Universidad de Le\u00f3n, algunos cursos ofertar\u00e1n plazas para profesorado de ense\u00f1anzas no universitarias<\/span><\/p>\n<p><span style=\"text-decoration: underline;\"><strong>CERTIFICADOS DE ASISTENCIA<\/strong><\/span><\/p>\n<p style=\"text-align: justify;\"><b><span style=\"color: #000000;\">S\u00f3lo<\/span><\/b><span style=\"color: #000000;\"> se otorgar\u00e1 a los participantes el correspondiente <b><span style=\"font-family: Trebuchet MS;\">certificado<\/span><\/b><\/span><span style=\"color: #000000;\">, cuando hayan justificado una asistencia m\u00ednima del <b><span style=\"font-family: Trebuchet MS;\">80%<\/span><\/b><\/span><span style=\"color: #000000;\"> de la duraci\u00f3n total de cada actividad. <\/span><\/p>\n<p>&nbsp;<\/p>\n<p style=\"text-align: justify;\"><b><span style=\"color: #000000;\">Al final de cada actividad formativa se realizar\u00e1 una encuesta a los participantes que se tendr\u00e1 en cuenta en sucesivas ofertas de formaci\u00f3n. <\/span><\/b><\/p>\n<p>&nbsp;<\/p>\n<p>&nbsp;<\/p>\n","protected":false},"excerpt":{"rendered":"<p>MATR\u00cdCULA Y ADMISI\u00d3N La inscripci\u00f3n se realizar\u00e1 exclusivamente a trav\u00e9s del \u00a0formulario electr\u00f3nico al que puede acceder a trav\u00e9s de la p\u00e1gina web de la Escuela de Formaci\u00f3n. La adjudicaci\u00f3n de plazas se regir\u00e1 estrictamente por el orden de inscripci\u00f3n. &hellip; <a href=\"https:\/\/servicios.unileon.es\/formacion-pdi\/oferta-de-cursos\/condiciones-generales\/\">Sigue leyendo <span class=\"meta-nav\">&rarr;<\/span><\/a><\/p>\n","protected":false},"author":1,"featured_media":0,"parent":9,"menu_order":0,"comment_status":"closed","ping_status":"closed","template":"","meta":{"footnotes":""},"class_list":["post-42","page","type-page","status-publish","hentry"],"_links":{"self":[{"href":"https:\/\/servicios.unileon.es\/formacion-pdi\/wp-json\/wp\/v2\/pages\/42","targetHints":{"allow":["GET"]}}],"collection":[{"href":"https:\/\/servicios.unileon.es\/formacion-pdi\/wp-json\/wp\/v2\/pages"}],"about":[{"href":"https:\/\/servicios.unileon.es\/formacion-pdi\/wp-json\/wp\/v2\/types\/page"}],"author":[{"embeddable":true,"href":"https:\/\/servicios.unileon.es\/formacion-pdi\/wp-json\/wp\/v2\/users\/1"}],"replies":[{"embeddable":true,"href":"https:\/\/servicios.unileon.es\/formacion-pdi\/wp-json\/wp\/v2\/comments?post=42"}],"version-history":[{"count":15,"href":"https:\/\/servicios.unileon.es\/formacion-pdi\/wp-json\/wp\/v2\/pages\/42\/revisions"}],"predecessor-version":[{"id":4756,"href":"https:\/\/servicios.unileon.es\/formacion-pdi\/wp-json\/wp\/v2\/pages\/42\/revisions\/4756"}],"up":[{"embeddable":true,"href":"https:\/\/servicios.unileon.es\/formacion-pdi\/wp-json\/wp\/v2\/pages\/9"}],"wp:attachment":[{"href":"https:\/\/servicios.unileon.es\/formacion-pdi\/wp-json\/wp\/v2\/media?parent=42"}],"curies":[{"name":"wp","href":"https:\/\/api.w.org\/{rel}","templated":true}]}}