{"id":4021,"date":"2018-02-16T09:42:13","date_gmt":"2018-02-16T09:42:13","guid":{"rendered":"http:\/\/servicios.unileon.es\/formacion-pdi\/?page_id=4021"},"modified":"2023-08-30T08:21:39","modified_gmt":"2023-08-30T08:21:39","slug":"proyectos-paid-2017","status":"publish","type":"page","link":"https:\/\/servicios.unileon.es\/formacion-pdi\/proyectos-paid-2017\/","title":{"rendered":"Proyectos PAID 2017"},"content":{"rendered":"<p><a href=\"https:\/\/servicios.unileon.es\/formacion-pdi\/files\/2023\/08\/PAIDS-2017.pdf\">PAIDS 2017<\/a><\/p>\n<p style=\"text-align: center;\"><span style=\"text-decoration: underline;\"><strong>Presentaci\u00f3n de los proyectos PAID 2017 en el Workshop sobre el Plan de Apoyo ala Innovaci\u00f3n en Docencia Universitaria (PAID 2017)<\/strong><\/span><b><\/b><\/p>\n<p style=\"text-align: center;\"><em>23 de febrero de 2017<\/em><\/p>\n<p style=\"text-align: left;\"><strong>Presentaci\u00f3n proyectos PAID 2017<\/strong><\/p>\n<ul>\n<li style=\"text-align: justify;\"><strong>Identificaci\u00f3n de h\u00e1bitos de estudio asociados al \u00e9xito o fracaso del alumnado del Grado de Ciencia y Tecnolog\u00eda de los Alimentos en aras de desarrollar metodolog\u00edas m\u00e1s eficaces de ense\u00f1anza-aprendizaje.<\/strong> Coordinador: <em>Avelino \u00c1lvarez Ordo\u00f1ez.<\/em><\/li>\n<\/ul>\n<p style=\"text-align: right;\"><a href=\"http:\/\/servicios.unileon.es\/formacion-pdi\/files\/2018\/02\/IDNTIFICACI\u00d3N-DE-H\u00c1BITOS-DE-ESTUDIO-ASOCIADOS-AL-\u00c9XITO-O-FRACASO.pdf\">IDNTIFICACI\u00d3N DE H\u00c1BITOS DE ESTUDIO ASOCIADOS AL \u00c9XITO O FRACASO<\/a><\/p>\n<ul>\n<li style=\"text-align: justify;\"><strong>Adquisici\u00f3n de competencias en Bioinform\u00e1tica durante la realizaci\u00f3n de los Trabajos Fin de Grado y Fin de M\u00e1ster en el Grado de Veterinaria.<\/strong> Coordinador: <em>Juan Jos\u00e9 Arranz Santos.<\/em><\/li>\n<\/ul>\n<p style=\"text-align: right;\"><a href=\"http:\/\/servicios.unileon.es\/formacion-pdi\/files\/2018\/02\/ADQUISICI\u00d3N-DE-COMPETENCIAS-EN-BIOINFORM\u00c1TICA-A-TRAV\u00c9S-DEL-TFG-EN-VETERINARIA.pdf\">ADQUISICI\u00d3N DE COMPETENCIAS EN BIOINFORM\u00c1TICA A TRAV\u00c9S DEL TFG EN VETERINARIA<\/a><\/p>\n<ul>\n<li style=\"text-align: justify;\"><strong>Reforzando el nexo entre las Humanidades y la Econom\u00eda: una propuesta para fomentar la lectura entre estudiantes y su motivaci\u00f3n hacia la econom\u00eda.<\/strong> Coordinador: <em>Luis Buend\u00eda Garc\u00eda.<\/em><\/li>\n<\/ul>\n<p style=\"text-align: right;\"><a href=\"http:\/\/servicios.unileon.es\/formacion-pdi\/files\/2018\/02\/REFORZANDO-EL-NEXO-ENTRE-LAS-HUMANIDADES-Y-LA-ECONOM\u00cdA.pdf\">REFORZANDO EL NEXO ENTRE LAS HUMANIDADES Y LA ECONOM\u00cdA<\/a><\/p>\n<ul>\n<li style=\"text-align: justify;\"><strong>Aplicaci\u00f3n de la t\u00e9cnica Jigsaw al Aprendizaje Cooperativo de Qu\u00edmica I de Ciencia y Tecnolog\u00eda de los Alimentos.<\/strong> Coordinador: <em>Javier Mart\u00edn Villacorta.<\/em><\/li>\n<\/ul>\n<p style=\"text-align: right;\"><a href=\"http:\/\/servicios.unileon.es\/formacion-pdi\/files\/2018\/02\/APLICACI\u00d3N-DE-LA-T\u00c9CNICA-JIGSAW-AL-APRENDIZAJE-COOPERATIVO.pdf\">APLICACI\u00d3N DE LA T\u00c9CNICA JIGSAW AL APRENDIZAJE COOPERATIVO<\/a><\/p>\n<ul>\n<li style=\"text-align: justify;\"><strong>Herramientas de simulaci\u00f3n para la adquisici\u00f3n de competencias en los estudiantes de Ingenier\u00eda Aeroespacial.<\/strong> Coordinador: <em>Diego Dom\u00ednguez Fern\u00e1ndez.<\/em><\/li>\n<\/ul>\n<p style=\"text-align: right;\"><a href=\"http:\/\/servicios.unileon.es\/formacion-pdi\/files\/2018\/02\/HERRAMIENTAS-DE-SIMULACI\u00d3N-PARA-LA-ADQUISICI\u00d3N-DE-COMPETENCIAS.pdf\">HERRAMIENTAS DE SIMULACI\u00d3N PARA LA ADQUISICI\u00d3N DE COMPETENCIAS<\/a><\/p>\n<ul>\n<li style=\"text-align: justify;\"><strong>Estrategias profesionalizantes del historiador del arte: comisariado de exposiciones y catalogaci\u00f3n museogr\u00e1fica.<\/strong> Coordinador: <em>Jos\u00e9 Alberto Mor\u00e1is Mor\u00e1n.<\/em><\/li>\n<\/ul>\n<p style=\"text-align: right;\"><a href=\"http:\/\/servicios.unileon.es\/formacion-pdi\/files\/2018\/02\/ESTRATEGIAS-PROFESIONALIZANTES-1.pdf\">ESTRATEGIAS PROFESIONALIZANTES 1<\/a><\/p>\n<p style=\"text-align: right;\"><a href=\"http:\/\/servicios.unileon.es\/formacion-pdi\/files\/2018\/02\/ESTRATEGIAS-PROFESIONALIZANTES-2.pdf\">ESTRATEGIAS PROFESIONALIZANTES 2<\/a><\/p>\n<ul>\n<li style=\"text-align: justify;\"><strong>Aplicaci\u00f3n de TICs (Formularios Online) como metodolog\u00eda docente activa en el M\u00e1ster universitario de Entrenamiento y Rendimiento Deportivo.<\/strong> <em>Coordinador: Jos\u00e9 Vicente Garc\u00eda Tormo.<\/em><\/li>\n<\/ul>\n<p style=\"text-align: right;\"><a href=\"http:\/\/servicios.unileon.es\/formacion-pdi\/files\/2018\/02\/APLICACI\u00d3N-DE-TICS-FORMULARIOS-ONLINE-COMO-METODOLOG\u00cdA-DOCENTE-ACTIVA-1.pdf\">APLICACI\u00d3N DE TICS (FORMULARIOS ONLINE) COMO METODOLOG\u00cdA DOCENTE ACTIVA<\/a><\/p>\n<ul>\n<li style=\"text-align: justify;\"><strong>Plant\u00e9monos contra el fuego. Aprender ense\u00f1ando: Educaci\u00f3n Ambiental en la Prevenci\u00f3n de Incendios Forestales.<\/strong> Coordinador: <em>Flor \u00c1lvarez Taboada.\u00a0<\/em><\/li>\n<\/ul>\n<p style=\"text-align: right;\"><a href=\"http:\/\/servicios.unileon.es\/formacion-pdi\/files\/2018\/02\/PLANT\u00c9MONOS-CONTRA-EL-FUEGO.pdf\">PLANT\u00c9MONOS CONTRA EL FUEGO<\/a><\/p>\n<p style=\"text-align: justify;\"><b><span style=\"color: #005000;\">\u00a0<\/span><\/b><\/p>\n","protected":false},"excerpt":{"rendered":"<p>PAIDS 2017 Presentaci\u00f3n de los proyectos PAID 2017 en el Workshop sobre el Plan de Apoyo ala Innovaci\u00f3n en Docencia Universitaria (PAID 2017) 23 de febrero de 2017 Presentaci\u00f3n proyectos PAID 2017 Identificaci\u00f3n de h\u00e1bitos de estudio asociados al \u00e9xito &hellip; <a href=\"https:\/\/servicios.unileon.es\/formacion-pdi\/proyectos-paid-2017\/\">Sigue leyendo <span class=\"meta-nav\">&rarr;<\/span><\/a><\/p>\n","protected":false},"author":432,"featured_media":0,"parent":0,"menu_order":0,"comment_status":"closed","ping_status":"closed","template":"","meta":{"footnotes":""},"class_list":["post-4021","page","type-page","status-publish","hentry"],"_links":{"self":[{"href":"https:\/\/servicios.unileon.es\/formacion-pdi\/wp-json\/wp\/v2\/pages\/4021","targetHints":{"allow":["GET"]}}],"collection":[{"href":"https:\/\/servicios.unileon.es\/formacion-pdi\/wp-json\/wp\/v2\/pages"}],"about":[{"href":"https:\/\/servicios.unileon.es\/formacion-pdi\/wp-json\/wp\/v2\/types\/page"}],"author":[{"embeddable":true,"href":"https:\/\/servicios.unileon.es\/formacion-pdi\/wp-json\/wp\/v2\/users\/432"}],"replies":[{"embeddable":true,"href":"https:\/\/servicios.unileon.es\/formacion-pdi\/wp-json\/wp\/v2\/comments?post=4021"}],"version-history":[{"count":11,"href":"https:\/\/servicios.unileon.es\/formacion-pdi\/wp-json\/wp\/v2\/pages\/4021\/revisions"}],"predecessor-version":[{"id":4078,"href":"https:\/\/servicios.unileon.es\/formacion-pdi\/wp-json\/wp\/v2\/pages\/4021\/revisions\/4078"}],"wp:attachment":[{"href":"https:\/\/servicios.unileon.es\/formacion-pdi\/wp-json\/wp\/v2\/media?parent=4021"}],"curies":[{"name":"wp","href":"https:\/\/api.w.org\/{rel}","templated":true}]}}