{"id":37,"date":"2013-03-01T12:52:16","date_gmt":"2013-03-01T12:52:16","guid":{"rendered":"http:\/\/servicios.unileon.es\/escuela-de-formacion\/?page_id=37"},"modified":"2025-05-09T11:27:10","modified_gmt":"2025-05-09T11:27:10","slug":"memorias-de-otros-anos","status":"publish","type":"page","link":"https:\/\/servicios.unileon.es\/formacion-pdi\/informacion-general\/memorias-de-otros-anos\/","title":{"rendered":"Memorias de otros a\u00f1os"},"content":{"rendered":"<p><a href=\"http:\/\/servicios.unileon.es\/formacion-pdi\/wp-content\/blogs.dir\/35\/files\/2013\/03\/MEMORIA-ESCUELA-DE-FORMACI\u00d3N-2011.pdf\">MEMORIA ESCUELA DE FORMACI\u00d3N 2011<\/a><\/p>\n<p><a href=\"http:\/\/servicios.unileon.es\/formacion-pdi\/wp-content\/blogs.dir\/35\/files\/2013\/03\/MEMORIA-ESCUELA-DE-FORMACI\u00d3N-2012.pdf\">MEMORIA ESCUELA DE FORMACI\u00d3N 2012<\/a><\/p>\n<p><a href=\"http:\/\/servicios.unileon.es\/formacion-pdi\/files\/2013\/03\/MEMORIA-ESCUELA-DE-FORMACI\u00d3N-2013.pdf\">MEMORIA ESCUELA DE FORMACI\u00d3N 2013<\/a><\/p>\n<p><a href=\"http:\/\/servicios.unileon.es\/formacion-pdi\/files\/2013\/03\/MEMORIA-ESCUELA-DE-FORMACI\u00d3N-2014.pdf\">MEMORIA ESCUELA DE FORMACI\u00d3N 2014<\/a><\/p>\n<p><a href=\"http:\/\/servicios.unileon.es\/formacion-pdi\/files\/2013\/03\/MEMORIA-ESCUELA-DE-FORMACI\u00d3N-2015.pdf\" rel=\"\">MEMORIA ESCUELA DE FORMACI\u00d3N 2015<\/a><\/p>\n<p><a href=\"http:\/\/servicios.unileon.es\/formacion-pdi\/files\/2013\/03\/MEMORIA-ESCUELA-DE-FORMACI\u00d3N-2016.pdf\">MEMORIA ESCUELA DE FORMACI\u00d3N 2016<\/a><\/p>\n<p><a href=\"http:\/\/servicios.unileon.es\/formacion-pdi\/files\/2018\/05\/MEMORIA-ESCUELA-DE-FORMACI\u00d3N-2017.pdf\">MEMORIA ESCUELA DE FORMACI\u00d3N 2017<\/a><\/p>\n<p><a href=\"http:\/\/servicios.unileon.es\/formacion-pdi\/files\/2019\/01\/MEMORIA-ESCUELA-DE-FORMACI\u00d3N-2018.pdf\">MEMORIA ESCUELA DE FORMACI\u00d3N 2018<\/a><\/p>\n<p><a href=\"https:\/\/servicios.unileon.es\/formacion-pdi\/files\/2021\/01\/MEMORIA-ESCUELA-DE-FORMACION-2019.pdf\">MEMORIA ESCUELA DE FORMACI\u00d3N 2019<\/a><\/p>\n<p><a href=\"https:\/\/servicios.unileon.es\/formacion-pdi\/files\/2021\/04\/MEMORIA-ESCUELA-DE-FORMACION-2020.pdf\">MEMORIA ESCUELA DE FORMACI\u00d3N 2020<\/a><\/p>\n<p><a href=\"https:\/\/servicios.unileon.es\/formacion-pdi\/files\/2022\/02\/MEMORIA-ESCUELA-DE-FORMACION-2021.pdf\">MEMORIA ESCUELA DE FORMACI\u00d3N 2021<\/a><\/p>\n<p><a href=\"https:\/\/servicios.unileon.es\/formacion-pdi\/files\/2023\/02\/MEMORIA-ESCUELA-DE-FORMACION-2022.pdf\">MEMORIA ESCUELA DE FORMACI\u00d3N 2022<\/a><\/p>\n<p><a href=\"https:\/\/servicios.unileon.es\/formacion-pdi\/files\/2024\/02\/MEMORIA-ESCUELA-DE-FORMACION-2023.pdf\">MEMORIA ESCUELA DE FORMACI\u00d3N 2023<\/a><\/p>\n<p><a href=\"http:\/\/servicios.unileon.es\/formacion-pdi\/files\/2025\/05\/MEMORIA-ESCUELA-DE-FORMACION-2024.pdf\">MEMORIA ESCUELA DE FORMACI\u00d3N 2024<\/a><\/p>\n<p>&nbsp;<\/p>\n","protected":false},"excerpt":{"rendered":"<p>MEMORIA ESCUELA DE FORMACI\u00d3N 2011 MEMORIA ESCUELA DE FORMACI\u00d3N 2012 MEMORIA ESCUELA DE FORMACI\u00d3N 2013 MEMORIA ESCUELA DE FORMACI\u00d3N 2014 MEMORIA ESCUELA DE FORMACI\u00d3N 2015 MEMORIA ESCUELA DE FORMACI\u00d3N 2016 MEMORIA ESCUELA DE FORMACI\u00d3N 2017 MEMORIA ESCUELA DE FORMACI\u00d3N 2018 &hellip; <a href=\"https:\/\/servicios.unileon.es\/formacion-pdi\/informacion-general\/memorias-de-otros-anos\/\">Sigue leyendo <span class=\"meta-nav\">&rarr;<\/span><\/a><\/p>\n","protected":false},"author":1,"featured_media":0,"parent":8,"menu_order":0,"comment_status":"closed","ping_status":"closed","template":"","meta":{"footnotes":""},"class_list":["post-37","page","type-page","status-publish","hentry"],"_links":{"self":[{"href":"https:\/\/servicios.unileon.es\/formacion-pdi\/wp-json\/wp\/v2\/pages\/37","targetHints":{"allow":["GET"]}}],"collection":[{"href":"https:\/\/servicios.unileon.es\/formacion-pdi\/wp-json\/wp\/v2\/pages"}],"about":[{"href":"https:\/\/servicios.unileon.es\/formacion-pdi\/wp-json\/wp\/v2\/types\/page"}],"author":[{"embeddable":true,"href":"https:\/\/servicios.unileon.es\/formacion-pdi\/wp-json\/wp\/v2\/users\/1"}],"replies":[{"embeddable":true,"href":"https:\/\/servicios.unileon.es\/formacion-pdi\/wp-json\/wp\/v2\/comments?post=37"}],"version-history":[{"count":23,"href":"https:\/\/servicios.unileon.es\/formacion-pdi\/wp-json\/wp\/v2\/pages\/37\/revisions"}],"predecessor-version":[{"id":9847,"href":"https:\/\/servicios.unileon.es\/formacion-pdi\/wp-json\/wp\/v2\/pages\/37\/revisions\/9847"}],"up":[{"embeddable":true,"href":"https:\/\/servicios.unileon.es\/formacion-pdi\/wp-json\/wp\/v2\/pages\/8"}],"wp:attachment":[{"href":"https:\/\/servicios.unileon.es\/formacion-pdi\/wp-json\/wp\/v2\/media?parent=37"}],"curies":[{"name":"wp","href":"https:\/\/api.w.org\/{rel}","templated":true}]}}