{"id":35,"date":"2013-03-01T12:51:49","date_gmt":"2013-03-01T12:51:49","guid":{"rendered":"http:\/\/servicios.unileon.es\/escuela-de-formacion\/?page_id=35"},"modified":"2017-09-14T07:29:58","modified_gmt":"2017-09-14T07:29:58","slug":"presentacion","status":"publish","type":"page","link":"https:\/\/servicios.unileon.es\/formacion-pdi\/informacion-general\/presentacion\/","title":{"rendered":"Presentaci\u00f3n"},"content":{"rendered":"<p style=\"text-align: justify;\"><span style=\"color: #000000;\">Esta p\u00e1gina pretende ser un canal de comunicaci\u00f3n permanente con los usuarios de la Escuela de Formaci\u00f3n de la Universidad de Le\u00f3n. Heredera de las<\/span><span style=\"font-family: Trebuchet MS;\"><span style=\"color: #000000;\">\u00a0 <\/span><span style=\"color: #000000;\">actividades desarrolladas por el ICE<\/span><\/span><span style=\"font-family: Trebuchet MS;\"><span style=\"color: #000000;\">\u00a0 <\/span><span style=\"color: #000000;\">y posteriormente por el CFAIE se constituye la Escuela de Formaci\u00f3n en 2009 y asume las competencias en Formaci\u00f3n permanente del profesorado de esta universidad. A partir de mayo de 2010 bajo una nueva direcci\u00f3n se plantea una nueva estrategia basada en el acercamiento de la oferta formativa a profesores, Departamentos y Centros de forma que contribuyan al dise\u00f1o del plan de necesidades anual y a implicarse en la organizaci\u00f3n de las actividades promovidas por ellos mismos, en el caso de Departamentos y Centros, para los cuales la Escuela de Formaci\u00f3n sirve de soporte y apoyo en estas actividades. <\/span><\/span><\/p>\n<p style=\"text-align: justify;\"><span style=\"color: #000000;\">Con el \u00e1nimo de que la comunicaci\u00f3n sea m\u00e1s r\u00e1pida y fluida es para lo que nace esta p\u00e1gina que ser\u00e1 m\u00e1s rica en contenidos y m\u00e1s \u00fatil en la medida en que se incremente con las aportaciones de todos, por lo cual desde aqu\u00ed<\/span><span style=\"font-family: Trebuchet MS;\"><span style=\"color: #000000;\">\u00a0 <\/span><span style=\"color: #000000;\">agradezco de antemano la colaboraci\u00f3n. <\/span><\/span><\/p>\n","protected":false},"excerpt":{"rendered":"<p>Esta p\u00e1gina pretende ser un canal de comunicaci\u00f3n permanente con los usuarios de la Escuela de Formaci\u00f3n de la Universidad de Le\u00f3n. Heredera de las\u00a0 actividades desarrolladas por el ICE\u00a0 y posteriormente por el CFAIE se constituye la Escuela de &hellip; <a href=\"https:\/\/servicios.unileon.es\/formacion-pdi\/informacion-general\/presentacion\/\">Sigue leyendo <span class=\"meta-nav\">&rarr;<\/span><\/a><\/p>\n","protected":false},"author":1,"featured_media":0,"parent":8,"menu_order":0,"comment_status":"closed","ping_status":"closed","template":"","meta":{"footnotes":""},"class_list":["post-35","page","type-page","status-publish","hentry"],"_links":{"self":[{"href":"https:\/\/servicios.unileon.es\/formacion-pdi\/wp-json\/wp\/v2\/pages\/35","targetHints":{"allow":["GET"]}}],"collection":[{"href":"https:\/\/servicios.unileon.es\/formacion-pdi\/wp-json\/wp\/v2\/pages"}],"about":[{"href":"https:\/\/servicios.unileon.es\/formacion-pdi\/wp-json\/wp\/v2\/types\/page"}],"author":[{"embeddable":true,"href":"https:\/\/servicios.unileon.es\/formacion-pdi\/wp-json\/wp\/v2\/users\/1"}],"replies":[{"embeddable":true,"href":"https:\/\/servicios.unileon.es\/formacion-pdi\/wp-json\/wp\/v2\/comments?post=35"}],"version-history":[{"count":8,"href":"https:\/\/servicios.unileon.es\/formacion-pdi\/wp-json\/wp\/v2\/pages\/35\/revisions"}],"predecessor-version":[{"id":3649,"href":"https:\/\/servicios.unileon.es\/formacion-pdi\/wp-json\/wp\/v2\/pages\/35\/revisions\/3649"}],"up":[{"embeddable":true,"href":"https:\/\/servicios.unileon.es\/formacion-pdi\/wp-json\/wp\/v2\/pages\/8"}],"wp:attachment":[{"href":"https:\/\/servicios.unileon.es\/formacion-pdi\/wp-json\/wp\/v2\/media?parent=35"}],"curies":[{"name":"wp","href":"https:\/\/api.w.org\/{rel}","templated":true}]}}