{"id":3275,"date":"2017-02-13T07:45:05","date_gmt":"2017-02-13T07:45:05","guid":{"rendered":"http:\/\/servicios.unileon.es\/formacion-pdi\/?page_id=3275"},"modified":"2017-02-17T07:38:00","modified_gmt":"2017-02-17T07:38:00","slug":"proyectos-paid-2016","status":"publish","type":"page","link":"https:\/\/servicios.unileon.es\/formacion-pdi\/proyectos-paid-2016\/","title":{"rendered":"Proyectos PAID 2016"},"content":{"rendered":"<p><a href=\"http:\/\/servicios.unileon.es\/formacion-pdi\/files\/2013\/03\/PAIDS-2016.pdf\">PAIDS 2016<\/a><\/p>\n<p style=\"text-align: center;\"><strong>P<span style=\"text-decoration: underline;\">resentaci\u00f3n de los proyectos PAID 2016 en el Workshop sobre el Plan de Apoyo a la Innovaci\u00f3n en Docencia Universitaria (PAID 2016)<\/span><\/strong><\/p>\n<p style=\"text-align: center;\"><strong><em>17\u00a0de\u00a0febrero de 2017<\/em><\/strong><\/p>\n<p style=\"text-align: left;\"><strong>Presentaci\u00f3n proyectos PAID 2016<\/strong><\/p>\n<ul>\n<li style=\"text-align: justify;\">\u00a0<strong>Desing Thinking como metodolog\u00eda docente para el desarrollo de la creatividad como competencia.\u00a0<\/strong>Coordinador: Liliana Herrera.<\/li>\n<\/ul>\n<p style=\"text-align: right;\"><a href=\"http:\/\/servicios.unileon.es\/formacion-pdi\/files\/2017\/02\/DESING-THINKING.pdf\">DESING THINKING<\/a><\/p>\n<ul>\n<li style=\"text-align: justify;\"><strong>Aprendizaje por error, nuevas tecnolog\u00edas y evaluaci\u00f3n: Blunder aplicado al \u00e1mbito universitario.<\/strong> Coordinador: Rafael Rosillo Camblor.<\/li>\n<\/ul>\n<p style=\"text-align: right;\"><a href=\"http:\/\/servicios.unileon.es\/formacion-pdi\/files\/2017\/02\/BLUNDER-APLICADO-AL-\u00c1MBITO-UNIVERSITARIOS.pdf\">BLUNDER APLICADO AL \u00c1MBITO UNIVERSITARIOS<\/a><\/p>\n<ul>\n<li style=\"text-align: justify;\"><strong>Dise\u00f1o y validaci\u00f3n de un sistema de r\u00fabricas para la evaluaci\u00f3n de la materia Estad\u00edstica de los Grados de la Facultad de Ciencias Econ\u00f3micas y Empresariales.<\/strong> Coordinador: Julio Abad Gonz\u00e1lez.<\/li>\n<\/ul>\n<p style=\"text-align: right;\"><a href=\"http:\/\/servicios.unileon.es\/formacion-pdi\/files\/2017\/02\/DISE\u00d1O-Y-VALIDACI\u00d3N-DE-UN-SISTEMA-DE-R\u00daBRICAS.pdf\">DISE\u00d1O Y VALIDACI\u00d3N DE UN SISTEMA DE R\u00daBRICAS<\/a><\/p>\n<ul>\n<li style=\"text-align: justify;\"><strong>El desarrollo de la competencia oral y ret\u00f3rica en la defensa oral de los TFG y TFM.<\/strong> Coordinador: Milka Villayandre Llamazares.<\/li>\n<\/ul>\n<p style=\"text-align: right;\"><a href=\"http:\/\/servicios.unileon.es\/formacion-pdi\/files\/2017\/02\/EL-DESARROLLO-DE-LA-COMPETENCIA-ORAL.pdf\">EL DESARROLLO DE LA COMPETENCIA ORAL<\/a><\/p>\n<ul>\n<li style=\"text-align: justify;\"><strong>Elaboraci\u00f3n de materiales docentes personalizados y fomento de la autoevaluaci\u00f3n y la evaluaci\u00f3n por pares en la asignatura Bioestad\u00edstica y metodolog\u00eda cient\u00edfica en Ciencias de la Salud del Grado en Enfermer\u00eda.<\/strong> Coordinador: Vicente Mart\u00edn S\u00e1nchez.<\/li>\n<\/ul>\n<p style=\"text-align: right;\"><a href=\"http:\/\/servicios.unileon.es\/formacion-pdi\/files\/2017\/02\/ELABORACI\u00d3N-DE-MATERIALES-DOCENTES-PERSONALIZADOS.pdf\">ELABORACI\u00d3N DE MATERIALES DOCENTES PERSONALIZADOS<\/a><\/p>\n<ul>\n<li style=\"text-align: justify;\"><strong>Dise\u00f1o de experiencias pr\u00e1cticas de ense\u00f1anza-aprendizaje en relaci\u00f3n con la \u00abmusealizaci\u00f3n virtual\u00bb de la Colecci\u00f3n Geol\u00f3gica de la Ule.<\/strong> Coordinador: Fernando G\u00f3mez Fern\u00e1ndez.<\/li>\n<\/ul>\n<p style=\"text-align: right;\"><a href=\"http:\/\/servicios.unileon.es\/formacion-pdi\/files\/2017\/02\/MUSEO-VIRTUAL-GEOLOG\u00cdA.pdf\">MUSEO VIRTUAL GEOLOG\u00cdA<\/a><\/p>\n<ul>\n<li style=\"text-align: justify;\"><strong>Aplicaci\u00f3n de instrumentos de evaluaci\u00f3n a trav\u00e9s de dispositivos m\u00f3viles (TICs) en la docencia universitaria de posgrado.<\/strong> Coordinador: Juan Carlos Morante R\u00e1bago.<\/li>\n<\/ul>\n<p style=\"text-align: right;\"><a href=\"http:\/\/servicios.unileon.es\/formacion-pdi\/files\/2017\/02\/APLICACI\u00d3N-DE-INSTRUMENTOS-DE-EVALUACI\u00d3NA-TRAV\u00c9S-DE-DISPOSITIVOS-M\u00d3VILES.pdf\">APLICACI\u00d3N DE INSTRUMENTOS DE EVALUACI\u00d3NA TRAV\u00c9S DE DISPOSITIVOS M\u00d3VILES<\/a><\/p>\n<ul>\n<li style=\"text-align: justify;\"><strong>DerMerUle, Blog de apoyo a un GID de \u00c1rea.<\/strong> <strong>Algunas utilidades.<\/strong> Presenta Elena P\u00e9rez Carrillo.<\/li>\n<\/ul>\n<p style=\"text-align: right;\"><a href=\"http:\/\/servicios.unileon.es\/formacion-pdi\/files\/2017\/02\/DerMerUle-BLOG-DE-APOYO-A-UN-GID-DE-\u00c1REA.pdf\">DerMerUle , BLOG DE APOYO A UN GID DE \u00c1REA<\/a><\/p>\n<ul>\n<li style=\"text-align: justify;\"><strong>Arqueolog\u00eda experimental y probetas cer\u00e1micas aplicadas a la docencia de la alfarer\u00eda prehist\u00f3rica.<\/strong> Presenta Eduardo Remil Rego.<\/li>\n<\/ul>\n<p style=\"text-align: right;\"><a href=\"http:\/\/servicios.unileon.es\/formacion-pdi\/files\/2017\/02\/ARQUEOLOG\u00cdA-EXPERIMENTAL.pdf\">ARQUEOLOG\u00cdA EXPERIMENTAL<\/a><\/p>\n","protected":false},"excerpt":{"rendered":"<p>PAIDS 2016 Presentaci\u00f3n de los proyectos PAID 2016 en el Workshop sobre el Plan de Apoyo a la Innovaci\u00f3n en Docencia Universitaria (PAID 2016) 17\u00a0de\u00a0febrero de 2017 Presentaci\u00f3n proyectos PAID 2016 \u00a0Desing Thinking como metodolog\u00eda docente para el desarrollo de &hellip; <a href=\"https:\/\/servicios.unileon.es\/formacion-pdi\/proyectos-paid-2016\/\">Sigue leyendo <span class=\"meta-nav\">&rarr;<\/span><\/a><\/p>\n","protected":false},"author":432,"featured_media":0,"parent":0,"menu_order":0,"comment_status":"closed","ping_status":"closed","template":"","meta":{"footnotes":""},"class_list":["post-3275","page","type-page","status-publish","hentry"],"_links":{"self":[{"href":"https:\/\/servicios.unileon.es\/formacion-pdi\/wp-json\/wp\/v2\/pages\/3275","targetHints":{"allow":["GET"]}}],"collection":[{"href":"https:\/\/servicios.unileon.es\/formacion-pdi\/wp-json\/wp\/v2\/pages"}],"about":[{"href":"https:\/\/servicios.unileon.es\/formacion-pdi\/wp-json\/wp\/v2\/types\/page"}],"author":[{"embeddable":true,"href":"https:\/\/servicios.unileon.es\/formacion-pdi\/wp-json\/wp\/v2\/users\/432"}],"replies":[{"embeddable":true,"href":"https:\/\/servicios.unileon.es\/formacion-pdi\/wp-json\/wp\/v2\/comments?post=3275"}],"version-history":[{"count":12,"href":"https:\/\/servicios.unileon.es\/formacion-pdi\/wp-json\/wp\/v2\/pages\/3275\/revisions"}],"predecessor-version":[{"id":3294,"href":"https:\/\/servicios.unileon.es\/formacion-pdi\/wp-json\/wp\/v2\/pages\/3275\/revisions\/3294"}],"wp:attachment":[{"href":"https:\/\/servicios.unileon.es\/formacion-pdi\/wp-json\/wp\/v2\/media?parent=3275"}],"curies":[{"name":"wp","href":"https:\/\/api.w.org\/{rel}","templated":true}]}}